{"id":1192,"date":"2020-07-05T09:46:24","date_gmt":"2020-07-05T07:46:24","guid":{"rendered":"http:\/\/test2020.scuolaromit.com\/dove-allogiare\/"},"modified":"2024-01-30T14:04:49","modified_gmt":"2024-01-30T13:04:49","slug":"onde-se-hospedar","status":"publish","type":"page","link":"https:\/\/scuolaromit.com\/pt-pt\/onde-se-hospedar\/","title":{"rendered":"Onde ficar"},"content":{"rendered":"<div class=\"fusion-fullwidth fullwidth-box fusion-builder-row-1 nonhundred-percent-fullwidth non-hundred-percent-height-scrolling\" style=\"--awb-border-radius-top-left:0px;--awb-border-radius-top-right:0px;--awb-border-radius-bottom-right:0px;--awb-border-radius-bottom-left:0px;--awb-padding-right:10%;--awb-padding-left:10%;--awb-margin-top:50px;--awb-margin-bottom:50px;--awb-flex-wrap:wrap;\" ><div class=\"fusion-builder-row fusion-row\"><div class=\"fusion-layout-column fusion_builder_column fusion-builder-column-0 fusion_builder_column_1_1 1_1 fusion-one-full fusion-column-first fusion-column-last\" style=\"--awb-bg-size:cover;\"><div class=\"fusion-column-wrapper fusion-column-has-shadow fusion-flex-column-wrapper-legacy\"><div class=\"fusion-text fusion-text-1\"><h1>Onde se hospedar<\/h1>\n<p>Romit ajuda voc\u00ea a encontrar um alojamento em casa de fam\u00edlia , em apartamentos compartilhados ou sozinho .<br \/>\nNossos apartamentos est\u00e3o localizados no centro ou em zonas tranquilas e bem ligadas \u00e0 escola com os transportes p\u00fablicos .<\/p>\n<p id=\"tw-target-text\" class=\"tw-data-text tw-text-large tw-ta\" dir=\"ltr\" data-placeholder=\"Traduzione\"><span class=\"Y2IQFc\" lang=\"pt\">Romit ajuda a encontrar acomoda\u00e7\u00e3o se a inscri\u00e7\u00e3o for feita com anteced\u00eancia suficiente da data de in\u00edcio do curso. Caso contr\u00e1rio, n\u00e3o garantimos a disponibilidade de um alojamento.<\/span><\/p>\n<table style=\"border: 0px none;\" width=\"100%\">\n<tbody>\n<tr>\n<td>\n<table>\n<tbody>\n<tr>\n<td><strong>TIPOS DE ALOJAMENTO<\/strong><\/td>\n<\/tr>\n<\/tbody>\n<\/table>\n<\/td>\n<td>\n<p style=\"text-align: center;\"><strong>PRE\u00c7O POR DIA(1 SEMANA)<\/strong><\/p>\n<\/td>\n<td>\n<p style=\"text-align: center;\"><strong>PRE\u00c7O POR DIA (2 OU MAIS SEMANAS)<\/strong><\/p>\n<\/td>\n<\/tr>\n<tr>\n<td><strong> Apartamento compartilhado (centro)<\/strong><\/td>\n<td style=\"text-align: center;\">Individual: \u20ac 45<br \/>\nDuplo: \u20ac 38<\/td>\n<td style=\"text-align: center;\">Individual: \u20ac 35<br \/>\nDuplo: \u20ac 28<\/td>\n<\/tr>\n<tr style=\"background-color: #eeeeee;\">\n<td><strong>Familia com caf\u00e9 da manh\u00e3<\/strong><\/td>\n<td style=\"text-align: center;\">Individual: \u20ac 50<br \/>\nDuplo: \u20ac 43<\/td>\n<td style=\"text-align: center;\">Individual: \u20ac 40<br \/>\nDuplo: \u20ac 33<\/td>\n<\/tr>\n<tr>\n<td><strong>Familia meia pens\u00e3o<\/strong><br \/>\n<strong>(caf\u00e9 da manh\u00e3-jantar)<\/strong><\/td>\n<td style=\"text-align: center;\">Individual: \u20ac 66<br \/>\nDuplo: \u20ac 59<\/td>\n<td style=\"text-align: center;\">Individual: \u20ac 56<br \/>\nDuplo: \u20ac 49<\/td>\n<\/tr>\n<\/tbody>\n<\/table>\n<p><strong>Hotel, B&amp;B, apartamentos privados<\/strong>: pre\u00e7os variados sob pedido.<\/p>\n<p>Para conhecer a disponibilidade e obter mais informa\u00e7\u00f5es escreva para <a href=\"mailto:info@scuolaromit.it\">info@scuolaromit.it<\/a> .<strong><br \/>\n<\/strong><\/p>\n<\/div><div class=\"fusion-clearfix\"><\/div><\/div><\/div><\/div><\/div>\n","protected":false},"excerpt":{"rendered":"","protected":false},"author":1,"featured_media":0,"parent":0,"menu_order":0,"comment_status":"closed","ping_status":"closed","template":"","meta":{"footnotes":""},"class_list":["post-1192","page","type-page","status-publish","hentry"],"yoast_head":"<!-- This site is optimized with the Yoast SEO plugin v26.5 - https:\/\/yoast.com\/wordpress\/plugins\/seo\/ -->\n<title>Onde ficar &#8211; Scuola Romit<\/title>\n<meta name=\"robots\" content=\"index, follow, max-snippet:-1, max-image-preview:large, max-video-preview:-1\" \/>\n<link rel=\"canonical\" href=\"https:\/\/scuolaromit.com\/dove-alloggiare\/\" \/>\n<meta property=\"og:locale\" content=\"pt_PT\" \/>\n<meta property=\"og:type\" content=\"article\" \/>\n<meta property=\"og:title\" content=\"Onde ficar &#8211; Scuola Romit\" \/>\n<meta property=\"og:url\" content=\"https:\/\/scuolaromit.com\/dove-alloggiare\/\" \/>\n<meta property=\"og:site_name\" content=\"Scuola Romit\" \/>\n<meta property=\"article:publisher\" content=\"https:\/\/www.facebook.com\/ScuolaRomit\" \/>\n<meta property=\"article:modified_time\" content=\"2024-01-30T13:04:49+00:00\" \/>\n<meta name=\"twitter:card\" content=\"summary_large_image\" \/>\n<meta name=\"twitter:label1\" content=\"Tempo estimado de leitura\" \/>\n\t<meta name=\"twitter:data1\" content=\"3 minutos\" \/>\n<script type=\"application\/ld+json\" class=\"yoast-schema-graph\">{\"@context\":\"https:\/\/schema.org\",\"@graph\":[{\"@type\":\"WebPage\",\"@id\":\"https:\/\/scuolaromit.com\/dove-alloggiare\/\",\"url\":\"https:\/\/scuolaromit.com\/dove-alloggiare\/\",\"name\":\"Onde ficar &#8211; Scuola Romit\",\"isPartOf\":{\"@id\":\"https:\/\/scuolaromit.com\/fr\/#website\"},\"datePublished\":\"2020-07-05T07:46:24+00:00\",\"dateModified\":\"2024-01-30T13:04:49+00:00\",\"breadcrumb\":{\"@id\":\"https:\/\/scuolaromit.com\/dove-alloggiare\/#breadcrumb\"},\"inLanguage\":\"pt-PT\",\"potentialAction\":[{\"@type\":\"ReadAction\",\"target\":[\"https:\/\/scuolaromit.com\/dove-alloggiare\/\"]}]},{\"@type\":\"BreadcrumbList\",\"@id\":\"https:\/\/scuolaromit.com\/dove-alloggiare\/#breadcrumb\",\"itemListElement\":[{\"@type\":\"ListItem\",\"position\":1,\"name\":\"Accueil\",\"item\":\"https:\/\/scuolaromit.com\/pt-pt\/\"},{\"@type\":\"ListItem\",\"position\":2,\"name\":\"Onde ficar\"}]},{\"@type\":\"WebSite\",\"@id\":\"https:\/\/scuolaromit.com\/fr\/#website\",\"url\":\"https:\/\/scuolaromit.com\/fr\/\",\"name\":\"Scuola Romit\",\"description\":\"La scuola per imparare l&#039;italiano vivendolo\",\"publisher\":{\"@id\":\"https:\/\/scuolaromit.com\/fr\/#organization\"},\"potentialAction\":[{\"@type\":\"SearchAction\",\"target\":{\"@type\":\"EntryPoint\",\"urlTemplate\":\"https:\/\/scuolaromit.com\/fr\/?s={search_term_string}\"},\"query-input\":{\"@type\":\"PropertyValueSpecification\",\"valueRequired\":true,\"valueName\":\"search_term_string\"}}],\"inLanguage\":\"pt-PT\"},{\"@type\":\"Organization\",\"@id\":\"https:\/\/scuolaromit.com\/fr\/#organization\",\"name\":\"Scuola Romit\",\"url\":\"https:\/\/scuolaromit.com\/fr\/\",\"logo\":{\"@type\":\"ImageObject\",\"inLanguage\":\"pt-PT\",\"@id\":\"https:\/\/scuolaromit.com\/fr\/#\/schema\/logo\/image\/\",\"url\":\"https:\/\/scuolaromit.com\/wp-content\/uploads\/2020\/07\/logo-1.jpg\",\"contentUrl\":\"https:\/\/scuolaromit.com\/wp-content\/uploads\/2020\/07\/logo-1.jpg\",\"width\":452,\"height\":152,\"caption\":\"Scuola Romit\"},\"image\":{\"@id\":\"https:\/\/scuolaromit.com\/fr\/#\/schema\/logo\/image\/\"},\"sameAs\":[\"https:\/\/www.facebook.com\/ScuolaRomit\",\"https:\/\/www.instagram.com\/scuolaromit\/\"]}]}<\/script>\n<!-- \/ Yoast SEO plugin. -->","yoast_head_json":{"title":"Onde ficar &#8211; Scuola Romit","robots":{"index":"index","follow":"follow","max-snippet":"max-snippet:-1","max-image-preview":"max-image-preview:large","max-video-preview":"max-video-preview:-1"},"canonical":"https:\/\/scuolaromit.com\/dove-alloggiare\/","og_locale":"pt_PT","og_type":"article","og_title":"Onde ficar &#8211; Scuola Romit","og_url":"https:\/\/scuolaromit.com\/dove-alloggiare\/","og_site_name":"Scuola Romit","article_publisher":"https:\/\/www.facebook.com\/ScuolaRomit","article_modified_time":"2024-01-30T13:04:49+00:00","twitter_card":"summary_large_image","twitter_misc":{"Tempo estimado de leitura":"3 minutos"},"schema":{"@context":"https:\/\/schema.org","@graph":[{"@type":"WebPage","@id":"https:\/\/scuolaromit.com\/dove-alloggiare\/","url":"https:\/\/scuolaromit.com\/dove-alloggiare\/","name":"Onde ficar &#8211; Scuola Romit","isPartOf":{"@id":"https:\/\/scuolaromit.com\/fr\/#website"},"datePublished":"2020-07-05T07:46:24+00:00","dateModified":"2024-01-30T13:04:49+00:00","breadcrumb":{"@id":"https:\/\/scuolaromit.com\/dove-alloggiare\/#breadcrumb"},"inLanguage":"pt-PT","potentialAction":[{"@type":"ReadAction","target":["https:\/\/scuolaromit.com\/dove-alloggiare\/"]}]},{"@type":"BreadcrumbList","@id":"https:\/\/scuolaromit.com\/dove-alloggiare\/#breadcrumb","itemListElement":[{"@type":"ListItem","position":1,"name":"Accueil","item":"https:\/\/scuolaromit.com\/pt-pt\/"},{"@type":"ListItem","position":2,"name":"Onde ficar"}]},{"@type":"WebSite","@id":"https:\/\/scuolaromit.com\/fr\/#website","url":"https:\/\/scuolaromit.com\/fr\/","name":"Scuola Romit","description":"La scuola per imparare l&#039;italiano vivendolo","publisher":{"@id":"https:\/\/scuolaromit.com\/fr\/#organization"},"potentialAction":[{"@type":"SearchAction","target":{"@type":"EntryPoint","urlTemplate":"https:\/\/scuolaromit.com\/fr\/?s={search_term_string}"},"query-input":{"@type":"PropertyValueSpecification","valueRequired":true,"valueName":"search_term_string"}}],"inLanguage":"pt-PT"},{"@type":"Organization","@id":"https:\/\/scuolaromit.com\/fr\/#organization","name":"Scuola Romit","url":"https:\/\/scuolaromit.com\/fr\/","logo":{"@type":"ImageObject","inLanguage":"pt-PT","@id":"https:\/\/scuolaromit.com\/fr\/#\/schema\/logo\/image\/","url":"https:\/\/scuolaromit.com\/wp-content\/uploads\/2020\/07\/logo-1.jpg","contentUrl":"https:\/\/scuolaromit.com\/wp-content\/uploads\/2020\/07\/logo-1.jpg","width":452,"height":152,"caption":"Scuola Romit"},"image":{"@id":"https:\/\/scuolaromit.com\/fr\/#\/schema\/logo\/image\/"},"sameAs":["https:\/\/www.facebook.com\/ScuolaRomit","https:\/\/www.instagram.com\/scuolaromit\/"]}]}},"_links":{"self":[{"href":"https:\/\/scuolaromit.com\/pt-pt\/wp-json\/wp\/v2\/pages\/1192","targetHints":{"allow":["GET"]}}],"collection":[{"href":"https:\/\/scuolaromit.com\/pt-pt\/wp-json\/wp\/v2\/pages"}],"about":[{"href":"https:\/\/scuolaromit.com\/pt-pt\/wp-json\/wp\/v2\/types\/page"}],"author":[{"embeddable":true,"href":"https:\/\/scuolaromit.com\/pt-pt\/wp-json\/wp\/v2\/users\/1"}],"replies":[{"embeddable":true,"href":"https:\/\/scuolaromit.com\/pt-pt\/wp-json\/wp\/v2\/comments?post=1192"}],"version-history":[{"count":11,"href":"https:\/\/scuolaromit.com\/pt-pt\/wp-json\/wp\/v2\/pages\/1192\/revisions"}],"predecessor-version":[{"id":4970,"href":"https:\/\/scuolaromit.com\/pt-pt\/wp-json\/wp\/v2\/pages\/1192\/revisions\/4970"}],"wp:attachment":[{"href":"https:\/\/scuolaromit.com\/pt-pt\/wp-json\/wp\/v2\/media?parent=1192"}],"curies":[{"name":"wp","href":"https:\/\/api.w.org\/{rel}","templated":true}]}}