{"id":1137,"date":"2020-07-05T09:44:16","date_gmt":"2020-07-05T07:44:16","guid":{"rendered":"http:\/\/test2020.scuolaromit.com\/la-nostra-scuola\/"},"modified":"2021-04-21T17:33:02","modified_gmt":"2021-04-21T15:33:02","slug":"escola-de-italiano-em-roma","status":"publish","type":"page","link":"https:\/\/scuolaromit.com\/pt-pt\/escola-de-italiano-em-roma\/","title":{"rendered":"Escola"},"content":{"rendered":"<div class=\"fusion-fullwidth fullwidth-box fusion-builder-row-1 nonhundred-percent-fullwidth non-hundred-percent-height-scrolling\" style=\"--awb-border-radius-top-left:0px;--awb-border-radius-top-right:0px;--awb-border-radius-bottom-right:0px;--awb-border-radius-bottom-left:0px;--awb-padding-right:10%;--awb-padding-left:10%;--awb-margin-top:50px;--awb-margin-bottom:80px;--awb-flex-wrap:wrap;\" ><div class=\"fusion-builder-row fusion-row\"><div class=\"fusion-layout-column fusion_builder_column fusion-builder-column-0 fusion_builder_column_1_1 1_1 fusion-one-full fusion-column-first fusion-column-last\" style=\"--awb-bg-size:cover;\"><div class=\"fusion-column-wrapper fusion-column-has-shadow fusion-flex-column-wrapper-legacy\"><div class=\"fusion-text fusion-text-1\"><h1>Escola de Italiano em Roma<\/h1>\n<p>ROMIT \u00e9 uma escola especializada no ensino de italiano para estrangeiros vindos de toda parte do mundo. A nossa escola \u00e9 formada por professores, que j\u00e1 amadureceram por diversos anos no ensino da l\u00edngua italiana e fizeram desta profiss\u00e3o a sua maior paix\u00e3o.<br \/>\nNossa tarefa \u00e9 fornecer cursos destinados n\u00e3o s\u00f3 para aqueles que desejam aprender o italiano, mas tamb\u00e9m para aqueles que querem conhecer a fundo a cultura, os usos e os costumes deste pa\u00eds e a variedade de experi\u00eancias da vida cotidiana na Italia e sobretudo em Roma.<\/p>\n<h3>Os nossos cursos<\/h3>\n<p>Os <a href=\"https:\/\/scuolaromit.com\/pt-pt\/cursos-de-lingua-italiana-em-roma\/\">nossos cursos<\/a> s\u00e3o projetados para atender as necessidades dos alunos e s\u00e3o realizados com diferentes metodologias, tanto comunicativa quanto gramatical. Os alunos s\u00e3o incentivados a melhorar as suas proprias capacidades lingu\u00edsticas atrav\u00e9s de simula\u00e7\u00f5es de experi\u00eancias da vida cotidiana, onde podem combinar a gram\u00e1tica,o vocabul\u00e1rio e a comunica\u00e7\u00e3o. N\u00f3s tamb\u00e9m oferecemos cursos de prepara\u00e7\u00e3o para os exames CILS , CELI , PLIDA e tamb\u00e9m <a href=\"https:\/\/scuolaromit.com\/pt-pt\/atividades\/\">atividades<\/a> relacionadas com a hist\u00f3ria da arte , a literatura, o cinema , o teatro, a gastronomia e a moda, de modo que possamos oferecer aos alunos uma imers\u00e3o total na vida deste belo pa\u00eds.<\/p>\n<h3>A nossa sede<\/h3>\n<p>A atmosfera na escola Romit \u00e9 amig\u00e1vel e informal. No interior existem salas de aula espa\u00e7osas e luminosas, uma videoteca dispon\u00edvel e um pequeno p\u00e1tio interno, lugar de encontro entre alunos e professores durante os intervalos das aulas onde \u00e9 possivel socializar e praticar o italiano. A conex\u00e3o Wi- Fi est\u00e1 dispon\u00edvel para todos os estudantes .<br \/>\nRomit est\u00e1 localizada em um dos bairros mais belos e caracter\u00edsticos da cidade , o bairro de Rione Monti , onde nasceu um dos mais famosos personagens da hist\u00f3ria : J\u00falio C\u00e9sar.<\/p>\n<p><a href=\"https:\/\/scuolaromit.com\/pt-pt\/inscreva-se\/\">Inscreva-se<\/a> e descubra com n\u00f3s os mais belos aspectos de uma verdadeira f\u00e9rias romana!<\/p>\n<\/div><div class=\"fusion-clearfix\"><\/div><\/div><\/div><div class=\"fusion-layout-column fusion_builder_column fusion-builder-column-1 fusion_builder_column_1_4 1_4 fusion-one-fourth fusion-column-first\" style=\"--awb-bg-size:cover;width:25%;width:calc(25% - ( ( 4% ) * 0.25 ) );margin-right: 4%;\"><div class=\"fusion-column-wrapper fusion-column-has-shadow fusion-flex-column-wrapper-legacy\"><div class=\"fusion-text fusion-text-2\"><p>Via Del Boschetto, 68<br \/>\nRoma 00184<br \/>\nItalia<br \/>\n<a href=\"mailto:info@scuolaromit.it\">info@scuolaromit.it<\/a><br \/>\nSkype:\u00a0scuola.romit<br \/>\n<a href=\"tel:00390695583082\">+39 06 95583082<\/a><br \/>\n<a href=\"tel:00393496366429\">+39 349 6366429<\/a><br \/>\n<a href=\"tel:00393381427304\">+39 338 1427304<\/a><br \/>\n<a href=\"tel:00393475337623\">+39 347 5337623<\/a><\/p>\n<\/div><div class=\"fusion-clearfix\"><\/div><\/div><\/div><div class=\"fusion-layout-column fusion_builder_column fusion-builder-column-2 fusion_builder_column_3_4 3_4 fusion-three-fourth fusion-column-last\" style=\"--awb-bg-size:cover;width:75%;width:calc(75% - ( ( 4% ) * 0.75 ) );\"><div class=\"fusion-column-wrapper fusion-column-has-shadow fusion-flex-column-wrapper-legacy\"><iframe src=\"https:\/\/www.google.com\/maps\/embed?pb=!1m18!1m12!1m3!1d2969.8092242959465!2d12.48847471641565!3d41.89695977221079!2m3!1f0!2f0!3f0!3m2!1i1024!2i768!4f13.1!3m3!1m2!1s0x132f61b1e439c147%3A0xfe8c7255dfedc8e6!2sVia%20del%20Boschetto%2C%2068%2C%2000184%20Roma%20RM!5e0!3m2!1sfr!2sit!4v1609251501253!5m2!1sfr!2sit\" width=\"100%\" height=\"450\" frameborder=\"0\" style=\"border:0;\" allowfullscreen=\"\" aria-hidden=\"false\" tabindex=\"0\"><\/iframe><div class=\"fusion-clearfix\"><\/div><\/div><\/div><\/div><\/div>\n","protected":false},"excerpt":{"rendered":"","protected":false},"author":1,"featured_media":0,"parent":0,"menu_order":0,"comment_status":"closed","ping_status":"closed","template":"","meta":{"footnotes":""},"class_list":["post-1137","page","type-page","status-publish","hentry"],"yoast_head":"<!-- This site is optimized with the Yoast SEO plugin v26.5 - https:\/\/yoast.com\/wordpress\/plugins\/seo\/ -->\n<title>Escola de Italiano em Roma - Scuola Romit<\/title>\n<meta name=\"robots\" content=\"index, follow, max-snippet:-1, max-image-preview:large, max-video-preview:-1\" \/>\n<link rel=\"canonical\" href=\"https:\/\/scuolaromit.com\/la-nostra-scuola\/\" \/>\n<meta property=\"og:locale\" content=\"pt_PT\" \/>\n<meta property=\"og:type\" content=\"article\" \/>\n<meta property=\"og:title\" content=\"Escola de Italiano em Roma - Scuola Romit\" \/>\n<meta property=\"og:url\" content=\"https:\/\/scuolaromit.com\/la-nostra-scuola\/\" \/>\n<meta property=\"og:site_name\" content=\"Scuola Romit\" \/>\n<meta property=\"article:publisher\" content=\"https:\/\/www.facebook.com\/ScuolaRomit\" \/>\n<meta property=\"article:modified_time\" content=\"2021-04-21T15:33:02+00:00\" \/>\n<meta name=\"twitter:card\" content=\"summary_large_image\" \/>\n<meta name=\"twitter:label1\" content=\"Tempo estimado de leitura\" \/>\n\t<meta name=\"twitter:data1\" content=\"6 minutos\" \/>\n<script type=\"application\/ld+json\" class=\"yoast-schema-graph\">{\"@context\":\"https:\/\/schema.org\",\"@graph\":[{\"@type\":\"WebPage\",\"@id\":\"https:\/\/scuolaromit.com\/la-nostra-scuola\/\",\"url\":\"https:\/\/scuolaromit.com\/la-nostra-scuola\/\",\"name\":\"Escola de Italiano em Roma - Scuola Romit\",\"isPartOf\":{\"@id\":\"https:\/\/scuolaromit.com\/fr\/#website\"},\"datePublished\":\"2020-07-05T07:44:16+00:00\",\"dateModified\":\"2021-04-21T15:33:02+00:00\",\"breadcrumb\":{\"@id\":\"https:\/\/scuolaromit.com\/la-nostra-scuola\/#breadcrumb\"},\"inLanguage\":\"pt-PT\",\"potentialAction\":[{\"@type\":\"ReadAction\",\"target\":[\"https:\/\/scuolaromit.com\/la-nostra-scuola\/\"]}]},{\"@type\":\"BreadcrumbList\",\"@id\":\"https:\/\/scuolaromit.com\/la-nostra-scuola\/#breadcrumb\",\"itemListElement\":[{\"@type\":\"ListItem\",\"position\":1,\"name\":\"Accueil\",\"item\":\"https:\/\/scuolaromit.com\/pt-pt\/\"},{\"@type\":\"ListItem\",\"position\":2,\"name\":\"Escola\"}]},{\"@type\":\"WebSite\",\"@id\":\"https:\/\/scuolaromit.com\/fr\/#website\",\"url\":\"https:\/\/scuolaromit.com\/fr\/\",\"name\":\"Scuola Romit\",\"description\":\"La scuola per imparare l&#039;italiano vivendolo\",\"publisher\":{\"@id\":\"https:\/\/scuolaromit.com\/fr\/#organization\"},\"potentialAction\":[{\"@type\":\"SearchAction\",\"target\":{\"@type\":\"EntryPoint\",\"urlTemplate\":\"https:\/\/scuolaromit.com\/fr\/?s={search_term_string}\"},\"query-input\":{\"@type\":\"PropertyValueSpecification\",\"valueRequired\":true,\"valueName\":\"search_term_string\"}}],\"inLanguage\":\"pt-PT\"},{\"@type\":\"Organization\",\"@id\":\"https:\/\/scuolaromit.com\/fr\/#organization\",\"name\":\"Scuola Romit\",\"url\":\"https:\/\/scuolaromit.com\/fr\/\",\"logo\":{\"@type\":\"ImageObject\",\"inLanguage\":\"pt-PT\",\"@id\":\"https:\/\/scuolaromit.com\/fr\/#\/schema\/logo\/image\/\",\"url\":\"https:\/\/scuolaromit.com\/wp-content\/uploads\/2020\/07\/logo-1.jpg\",\"contentUrl\":\"https:\/\/scuolaromit.com\/wp-content\/uploads\/2020\/07\/logo-1.jpg\",\"width\":452,\"height\":152,\"caption\":\"Scuola Romit\"},\"image\":{\"@id\":\"https:\/\/scuolaromit.com\/fr\/#\/schema\/logo\/image\/\"},\"sameAs\":[\"https:\/\/www.facebook.com\/ScuolaRomit\",\"https:\/\/www.instagram.com\/scuolaromit\/\"]}]}<\/script>\n<!-- \/ Yoast SEO plugin. -->","yoast_head_json":{"title":"Escola de Italiano em Roma - Scuola Romit","robots":{"index":"index","follow":"follow","max-snippet":"max-snippet:-1","max-image-preview":"max-image-preview:large","max-video-preview":"max-video-preview:-1"},"canonical":"https:\/\/scuolaromit.com\/la-nostra-scuola\/","og_locale":"pt_PT","og_type":"article","og_title":"Escola de Italiano em Roma - Scuola Romit","og_url":"https:\/\/scuolaromit.com\/la-nostra-scuola\/","og_site_name":"Scuola Romit","article_publisher":"https:\/\/www.facebook.com\/ScuolaRomit","article_modified_time":"2021-04-21T15:33:02+00:00","twitter_card":"summary_large_image","twitter_misc":{"Tempo estimado de leitura":"6 minutos"},"schema":{"@context":"https:\/\/schema.org","@graph":[{"@type":"WebPage","@id":"https:\/\/scuolaromit.com\/la-nostra-scuola\/","url":"https:\/\/scuolaromit.com\/la-nostra-scuola\/","name":"Escola de Italiano em Roma - Scuola Romit","isPartOf":{"@id":"https:\/\/scuolaromit.com\/fr\/#website"},"datePublished":"2020-07-05T07:44:16+00:00","dateModified":"2021-04-21T15:33:02+00:00","breadcrumb":{"@id":"https:\/\/scuolaromit.com\/la-nostra-scuola\/#breadcrumb"},"inLanguage":"pt-PT","potentialAction":[{"@type":"ReadAction","target":["https:\/\/scuolaromit.com\/la-nostra-scuola\/"]}]},{"@type":"BreadcrumbList","@id":"https:\/\/scuolaromit.com\/la-nostra-scuola\/#breadcrumb","itemListElement":[{"@type":"ListItem","position":1,"name":"Accueil","item":"https:\/\/scuolaromit.com\/pt-pt\/"},{"@type":"ListItem","position":2,"name":"Escola"}]},{"@type":"WebSite","@id":"https:\/\/scuolaromit.com\/fr\/#website","url":"https:\/\/scuolaromit.com\/fr\/","name":"Scuola Romit","description":"La scuola per imparare l&#039;italiano vivendolo","publisher":{"@id":"https:\/\/scuolaromit.com\/fr\/#organization"},"potentialAction":[{"@type":"SearchAction","target":{"@type":"EntryPoint","urlTemplate":"https:\/\/scuolaromit.com\/fr\/?s={search_term_string}"},"query-input":{"@type":"PropertyValueSpecification","valueRequired":true,"valueName":"search_term_string"}}],"inLanguage":"pt-PT"},{"@type":"Organization","@id":"https:\/\/scuolaromit.com\/fr\/#organization","name":"Scuola Romit","url":"https:\/\/scuolaromit.com\/fr\/","logo":{"@type":"ImageObject","inLanguage":"pt-PT","@id":"https:\/\/scuolaromit.com\/fr\/#\/schema\/logo\/image\/","url":"https:\/\/scuolaromit.com\/wp-content\/uploads\/2020\/07\/logo-1.jpg","contentUrl":"https:\/\/scuolaromit.com\/wp-content\/uploads\/2020\/07\/logo-1.jpg","width":452,"height":152,"caption":"Scuola Romit"},"image":{"@id":"https:\/\/scuolaromit.com\/fr\/#\/schema\/logo\/image\/"},"sameAs":["https:\/\/www.facebook.com\/ScuolaRomit","https:\/\/www.instagram.com\/scuolaromit\/"]}]}},"_links":{"self":[{"href":"https:\/\/scuolaromit.com\/pt-pt\/wp-json\/wp\/v2\/pages\/1137","targetHints":{"allow":["GET"]}}],"collection":[{"href":"https:\/\/scuolaromit.com\/pt-pt\/wp-json\/wp\/v2\/pages"}],"about":[{"href":"https:\/\/scuolaromit.com\/pt-pt\/wp-json\/wp\/v2\/types\/page"}],"author":[{"embeddable":true,"href":"https:\/\/scuolaromit.com\/pt-pt\/wp-json\/wp\/v2\/users\/1"}],"replies":[{"embeddable":true,"href":"https:\/\/scuolaromit.com\/pt-pt\/wp-json\/wp\/v2\/comments?post=1137"}],"version-history":[{"count":15,"href":"https:\/\/scuolaromit.com\/pt-pt\/wp-json\/wp\/v2\/pages\/1137\/revisions"}],"predecessor-version":[{"id":3681,"href":"https:\/\/scuolaromit.com\/pt-pt\/wp-json\/wp\/v2\/pages\/1137\/revisions\/3681"}],"wp:attachment":[{"href":"https:\/\/scuolaromit.com\/pt-pt\/wp-json\/wp\/v2\/media?parent=1137"}],"curies":[{"name":"wp","href":"https:\/\/api.w.org\/{rel}","templated":true}]}}