{"id":983,"date":"2020-07-07T15:43:27","date_gmt":"2020-07-07T13:43:27","guid":{"rendered":"http:\/\/test2020.scuolaromit.com\/corso-intensivo\/"},"modified":"2026-01-14T09:25:52","modified_gmt":"2026-01-14T08:25:52","slug":"cours-intensif-d-italien","status":"publish","type":"page","link":"https:\/\/scuolaromit.com\/fr\/cours-intensif-d-italien\/","title":{"rendered":"Italien intensif"},"content":{"rendered":"<p><div class=\"fusion-fullwidth fullwidth-box fusion-builder-row-1 nonhundred-percent-fullwidth non-hundred-percent-height-scrolling\" style=\"--awb-border-radius-top-left:0px;--awb-border-radius-top-right:0px;--awb-border-radius-bottom-right:0px;--awb-border-radius-bottom-left:0px;--awb-padding-right:10%;--awb-padding-left:10%;--awb-margin-top:50px;--awb-margin-bottom:50px;--awb-flex-wrap:wrap;\" ><div class=\"fusion-builder-row fusion-row\"><div class=\"fusion-layout-column fusion_builder_column fusion-builder-column-0 fusion_builder_column_1_1 1_1 fusion-one-full fusion-column-first fusion-column-last\" style=\"--awb-bg-size:cover;--awb-margin-bottom:25px;\"><div class=\"fusion-column-wrapper fusion-column-has-shadow fusion-flex-column-wrapper-legacy\"><div class=\"fusion-text fusion-text-1\"><h1 class=\"LC20lb DKV0Md\">Cours intensif de langue italienne \u00e0 Rome<\/h1>\n<p>Les cours d\u2019italien intensifs sont r\u00e9serv\u00e9s aux personnes souhaitant commencer ou poursuivre l\u2019apprentissage de l\u2019italien, <strong>en s\u2019immergeant dans la culture italienne.<\/strong><\/p>\n<p>Les cours ont lieu du lundi au vendredi, trois heures par jour (chaque heure de cours dure 60 minutes), pour un total de 15 heures par semaine. Les horaires sont les suivants : de 9h30 \u00e0 12h45 (avec une pause de 15 minutes \u00e0 11h00).<\/p>\n<p>Les classes sont compos\u00e9es de <strong>maximum 14 \u00e9tudiants<\/strong>, originaires de tous les pays du monde et de tous \u00e2ges. Les cours permettent donc de vivre une exp\u00e9rience unique en c\u00f4toyant des personnes provenant de cultures diff\u00e9rentes tout en pratiquant l\u2019italien.<\/p>\n<h3>Niveaux interm\u00e9diaire et avanc\u00e9<\/h3>\n<p>Les cours commencent tous les lundis. Apr\u00e8s inscription, un test d\u2019\u00e9valuation sera propos\u00e9 aux \u00e9tudiants pour d\u00e9finir leurs niveaux et ainsi pouvoir \u00eatre r\u00e9partis dans les diff\u00e9rentes classes.<\/p>\n<h3 id=\"tw-target-text\" class=\"tw-data-text tw-text-large tw-ta\" dir=\"ltr\" data-placeholder=\"Traduzione\"><span class=\"Y2IQFc\" lang=\"fr\">D\u00e9butants <\/span><\/h3>\n<p class=\"tw-data-text tw-text-large tw-ta\" dir=\"ltr\" data-placeholder=\"Traduzione\"><span class=\"Y2IQFc\" lang=\"fr\">Pour les d\u00e9butants, un cours par mois est g\u00e9n\u00e9ralement activ\u00e9, mais pour conna\u00eetre les dates exactes, nous vous conseillons d&rsquo;\u00e9crire un e-mail \u00e0 info@scuolaromit.it.<\/span><\/p>\n<h3 class=\"fusion-responsive-typography-calculated\" data-fontsize=\"22\" data-lineheight=\"28.6px\">Prix<\/h3>\n<p>1 semaine: 150 \u20ac<br \/>\n2 semaines: 290 \u20ac<br \/>\n3 semaines: 420 \u20ac<br \/>\n4 semaines: 540 \u20ac<br \/>\nSemaine suppl\u00e9mentaire: 120 \u20ac<\/p>\n<p>Frais d&rsquo;insciption : 50 \u20ac (valable pour toujours) comprennent livre et mat\u00e9riel \u00e9ducatif.<\/p>\n<\/div><div class=\"fusion-clearfix\"><\/div><\/div><\/div><\/div><\/div><div class=\"fusion-fullwidth fullwidth-box fusion-builder-row-2 nonhundred-percent-fullwidth non-hundred-percent-height-scrolling\" style=\"--awb-border-radius-top-left:0px;--awb-border-radius-top-right:0px;--awb-border-radius-bottom-right:0px;--awb-border-radius-bottom-left:0px;--awb-flex-wrap:wrap;\" ><div class=\"fusion-builder-row fusion-row\"><div class=\"fusion-layout-column fusion_builder_column fusion-builder-column-1 fusion_builder_column_1_1 1_1 fusion-one-full fusion-column-first fusion-column-last\" style=\"--awb-bg-size:cover;--awb-margin-bottom:60px;\"><div class=\"fusion-column-wrapper fusion-column-has-shadow fusion-flex-column-wrapper-legacy\"><div class=\"fusion-aligncenter\"><a class=\"fusion-button button-flat fusion-button-default-size button-default fusion-button-default button-1 fusion-button-default-span fusion-button-default-type\" target=\"_self\" href=\"https:\/\/scuolaromit.com\/fr\/inscription\/\"><span class=\"fusion-button-text awb-button__text awb-button__text--default\">Inscription au cours intensif d&rsquo;italien<\/span><\/a><\/div><div class=\"fusion-clearfix\"><\/div><\/div><\/div><\/div><\/div><\/p>\n","protected":false},"excerpt":{"rendered":"","protected":false},"author":1,"featured_media":0,"parent":0,"menu_order":0,"comment_status":"closed","ping_status":"closed","template":"","meta":{"footnotes":""},"class_list":["post-983","page","type-page","status-publish","hentry"],"yoast_head":"<!-- This site is optimized with the Yoast SEO plugin v26.5 - https:\/\/yoast.com\/wordpress\/plugins\/seo\/ -->\n<title>Cours intensif de langue italienne \u00e0 Rome - Scuola Romit<\/title>\n<meta name=\"robots\" content=\"index, follow, max-snippet:-1, max-image-preview:large, max-video-preview:-1\" \/>\n<link rel=\"canonical\" href=\"https:\/\/scuolaromit.com\/fr\/cours-intensif-d-italien\/\" \/>\n<meta property=\"og:locale\" content=\"fr_FR\" \/>\n<meta property=\"og:type\" content=\"article\" \/>\n<meta property=\"og:title\" content=\"Cours intensif de langue italienne \u00e0 Rome - Scuola Romit\" \/>\n<meta property=\"og:url\" content=\"https:\/\/scuolaromit.com\/fr\/cours-intensif-d-italien\/\" \/>\n<meta property=\"og:site_name\" content=\"Scuola Romit\" \/>\n<meta property=\"article:publisher\" content=\"https:\/\/www.facebook.com\/ScuolaRomit\" \/>\n<meta property=\"article:modified_time\" content=\"2026-01-14T08:25:52+00:00\" \/>\n<meta name=\"twitter:card\" content=\"summary_large_image\" \/>\n<meta name=\"twitter:label1\" content=\"Dur\u00e9e de lecture estim\u00e9e\" \/>\n\t<meta name=\"twitter:data1\" content=\"6 minutes\" \/>\n<script type=\"application\/ld+json\" class=\"yoast-schema-graph\">{\"@context\":\"https:\/\/schema.org\",\"@graph\":[{\"@type\":\"WebPage\",\"@id\":\"https:\/\/scuolaromit.com\/fr\/cours-intensif-d-italien\/\",\"url\":\"https:\/\/scuolaromit.com\/fr\/cours-intensif-d-italien\/\",\"name\":\"Cours intensif de langue italienne \u00e0 Rome - Scuola Romit\",\"isPartOf\":{\"@id\":\"https:\/\/scuolaromit.com\/fr\/#website\"},\"datePublished\":\"2020-07-07T13:43:27+00:00\",\"dateModified\":\"2026-01-14T08:25:52+00:00\",\"breadcrumb\":{\"@id\":\"https:\/\/scuolaromit.com\/fr\/cours-intensif-d-italien\/#breadcrumb\"},\"inLanguage\":\"fr-FR\",\"potentialAction\":[{\"@type\":\"ReadAction\",\"target\":[\"https:\/\/scuolaromit.com\/fr\/cours-intensif-d-italien\/\"]}]},{\"@type\":\"BreadcrumbList\",\"@id\":\"https:\/\/scuolaromit.com\/fr\/cours-intensif-d-italien\/#breadcrumb\",\"itemListElement\":[{\"@type\":\"ListItem\",\"position\":1,\"name\":\"Accueil\",\"item\":\"https:\/\/scuolaromit.com\/fr\/\"},{\"@type\":\"ListItem\",\"position\":2,\"name\":\"Italien intensif\"}]},{\"@type\":\"WebSite\",\"@id\":\"https:\/\/scuolaromit.com\/fr\/#website\",\"url\":\"https:\/\/scuolaromit.com\/fr\/\",\"name\":\"Scuola Romit\",\"description\":\"La scuola per imparare l&#039;italiano vivendolo\",\"publisher\":{\"@id\":\"https:\/\/scuolaromit.com\/fr\/#organization\"},\"potentialAction\":[{\"@type\":\"SearchAction\",\"target\":{\"@type\":\"EntryPoint\",\"urlTemplate\":\"https:\/\/scuolaromit.com\/fr\/?s={search_term_string}\"},\"query-input\":{\"@type\":\"PropertyValueSpecification\",\"valueRequired\":true,\"valueName\":\"search_term_string\"}}],\"inLanguage\":\"fr-FR\"},{\"@type\":\"Organization\",\"@id\":\"https:\/\/scuolaromit.com\/fr\/#organization\",\"name\":\"Scuola Romit\",\"url\":\"https:\/\/scuolaromit.com\/fr\/\",\"logo\":{\"@type\":\"ImageObject\",\"inLanguage\":\"fr-FR\",\"@id\":\"https:\/\/scuolaromit.com\/fr\/#\/schema\/logo\/image\/\",\"url\":\"https:\/\/scuolaromit.com\/wp-content\/uploads\/2020\/07\/logo-1.jpg\",\"contentUrl\":\"https:\/\/scuolaromit.com\/wp-content\/uploads\/2020\/07\/logo-1.jpg\",\"width\":452,\"height\":152,\"caption\":\"Scuola Romit\"},\"image\":{\"@id\":\"https:\/\/scuolaromit.com\/fr\/#\/schema\/logo\/image\/\"},\"sameAs\":[\"https:\/\/www.facebook.com\/ScuolaRomit\",\"https:\/\/www.instagram.com\/scuolaromit\/\"]}]}<\/script>\n<!-- \/ Yoast SEO plugin. -->","yoast_head_json":{"title":"Cours intensif de langue italienne \u00e0 Rome - Scuola Romit","robots":{"index":"index","follow":"follow","max-snippet":"max-snippet:-1","max-image-preview":"max-image-preview:large","max-video-preview":"max-video-preview:-1"},"canonical":"https:\/\/scuolaromit.com\/fr\/cours-intensif-d-italien\/","og_locale":"fr_FR","og_type":"article","og_title":"Cours intensif de langue italienne \u00e0 Rome - Scuola Romit","og_url":"https:\/\/scuolaromit.com\/fr\/cours-intensif-d-italien\/","og_site_name":"Scuola Romit","article_publisher":"https:\/\/www.facebook.com\/ScuolaRomit","article_modified_time":"2026-01-14T08:25:52+00:00","twitter_card":"summary_large_image","twitter_misc":{"Dur\u00e9e de lecture estim\u00e9e":"6 minutes"},"schema":{"@context":"https:\/\/schema.org","@graph":[{"@type":"WebPage","@id":"https:\/\/scuolaromit.com\/fr\/cours-intensif-d-italien\/","url":"https:\/\/scuolaromit.com\/fr\/cours-intensif-d-italien\/","name":"Cours intensif de langue italienne \u00e0 Rome - Scuola Romit","isPartOf":{"@id":"https:\/\/scuolaromit.com\/fr\/#website"},"datePublished":"2020-07-07T13:43:27+00:00","dateModified":"2026-01-14T08:25:52+00:00","breadcrumb":{"@id":"https:\/\/scuolaromit.com\/fr\/cours-intensif-d-italien\/#breadcrumb"},"inLanguage":"fr-FR","potentialAction":[{"@type":"ReadAction","target":["https:\/\/scuolaromit.com\/fr\/cours-intensif-d-italien\/"]}]},{"@type":"BreadcrumbList","@id":"https:\/\/scuolaromit.com\/fr\/cours-intensif-d-italien\/#breadcrumb","itemListElement":[{"@type":"ListItem","position":1,"name":"Accueil","item":"https:\/\/scuolaromit.com\/fr\/"},{"@type":"ListItem","position":2,"name":"Italien intensif"}]},{"@type":"WebSite","@id":"https:\/\/scuolaromit.com\/fr\/#website","url":"https:\/\/scuolaromit.com\/fr\/","name":"Scuola Romit","description":"La scuola per imparare l&#039;italiano vivendolo","publisher":{"@id":"https:\/\/scuolaromit.com\/fr\/#organization"},"potentialAction":[{"@type":"SearchAction","target":{"@type":"EntryPoint","urlTemplate":"https:\/\/scuolaromit.com\/fr\/?s={search_term_string}"},"query-input":{"@type":"PropertyValueSpecification","valueRequired":true,"valueName":"search_term_string"}}],"inLanguage":"fr-FR"},{"@type":"Organization","@id":"https:\/\/scuolaromit.com\/fr\/#organization","name":"Scuola Romit","url":"https:\/\/scuolaromit.com\/fr\/","logo":{"@type":"ImageObject","inLanguage":"fr-FR","@id":"https:\/\/scuolaromit.com\/fr\/#\/schema\/logo\/image\/","url":"https:\/\/scuolaromit.com\/wp-content\/uploads\/2020\/07\/logo-1.jpg","contentUrl":"https:\/\/scuolaromit.com\/wp-content\/uploads\/2020\/07\/logo-1.jpg","width":452,"height":152,"caption":"Scuola Romit"},"image":{"@id":"https:\/\/scuolaromit.com\/fr\/#\/schema\/logo\/image\/"},"sameAs":["https:\/\/www.facebook.com\/ScuolaRomit","https:\/\/www.instagram.com\/scuolaromit\/"]}]}},"_links":{"self":[{"href":"https:\/\/scuolaromit.com\/fr\/wp-json\/wp\/v2\/pages\/983","targetHints":{"allow":["GET"]}}],"collection":[{"href":"https:\/\/scuolaromit.com\/fr\/wp-json\/wp\/v2\/pages"}],"about":[{"href":"https:\/\/scuolaromit.com\/fr\/wp-json\/wp\/v2\/types\/page"}],"author":[{"embeddable":true,"href":"https:\/\/scuolaromit.com\/fr\/wp-json\/wp\/v2\/users\/1"}],"replies":[{"embeddable":true,"href":"https:\/\/scuolaromit.com\/fr\/wp-json\/wp\/v2\/comments?post=983"}],"version-history":[{"count":20,"href":"https:\/\/scuolaromit.com\/fr\/wp-json\/wp\/v2\/pages\/983\/revisions"}],"predecessor-version":[{"id":5462,"href":"https:\/\/scuolaromit.com\/fr\/wp-json\/wp\/v2\/pages\/983\/revisions\/5462"}],"wp:attachment":[{"href":"https:\/\/scuolaromit.com\/fr\/wp-json\/wp\/v2\/media?parent=983"}],"curies":[{"name":"wp","href":"https:\/\/api.w.org\/{rel}","templated":true}]}}