{"id":927,"date":"2020-07-05T09:45:08","date_gmt":"2020-07-05T07:45:08","guid":{"rendered":"http:\/\/test2020.scuolaromit.com\/corsi\/"},"modified":"2026-03-20T08:51:26","modified_gmt":"2026-03-20T07:51:26","slug":"cours-d-italien-a-rome","status":"publish","type":"page","link":"https:\/\/scuolaromit.com\/fr\/cours-d-italien-a-rome\/","title":{"rendered":"Les cours"},"content":{"rendered":"<p><div class=\"fusion-fullwidth fullwidth-box fusion-builder-row-1 nonhundred-percent-fullwidth non-hundred-percent-height-scrolling\" style=\"--awb-border-radius-top-left:0px;--awb-border-radius-top-right:0px;--awb-border-radius-bottom-right:0px;--awb-border-radius-bottom-left:0px;--awb-padding-right:10%;--awb-padding-left:10%;--awb-margin-top:30px;--awb-margin-bottom:40px;--awb-flex-wrap:wrap;\" ><div class=\"fusion-builder-row fusion-row\"><div class=\"fusion-layout-column fusion_builder_column fusion-builder-column-0 fusion_builder_column_1_1 1_1 fusion-one-full fusion-column-first fusion-column-last\" style=\"--awb-bg-size:cover;\"><div class=\"fusion-column-wrapper fusion-column-has-shadow fusion-flex-column-wrapper-legacy\"><div class=\"fusion-text fusion-text-1\"><h1>Cours d&rsquo;italien \u00e0 Rome<\/h1>\n<p>Romit propose toute l\u2019ann\u00e9e un ample choix de le\u00e7ons pour mieux conna\u00eetre la langue et la culture italienne, pour perfectionner les \u00e9tudes ou pr\u00e9parer un examen, pour se divertir et proposer de nouvelles exp\u00e9riences en Italie.<br \/>\nDans nos cours, l\u2019\u00e9tudiant est consid\u00e9r\u00e9 comme protagoniste du parcours d\u2019apprentissage de la langue, c\u2019est pourquoi les cours sont compos\u00e9s de 14 \u00e9tudiants maximum. Dans ce cas l\u2019enseignant reussit \u00e0 suivre de pr\u00e8s chaque \u00e9tudiant, valoriser son style d\u2019apprentissage et l\u2019encourager pas \u00e0 pas.<\/p>\n<p><strong>Nos cours commencent tous les lundis et les le\u00e7ons sont de 60 minutes.<\/strong><\/p>\n<h3>Notre m\u00e9thode<\/h3>\n<p>Nos cours intensifs sont bas\u00e9s sur la communication. En effet, <strong>vous \u00eates les protagonistes du processus d\u2019apprentissage<\/strong>. Les s\u00e9ances se concentrent autant sur l\u2019aspect grammatical que sur la lecture, l\u2019\u00e9coute, la production orale et \u00e9crite. Les enseignants, tous qualifi\u00e9s et avec diverses exp\u00e9riences, stimulent toujours le dialogue et l\u2019\u00e9change entre les cultures italienne et \u00e9trang\u00e8res.<\/p>\n<p>Les le\u00e7ons sont toujours tr\u00e8s <strong>dynamiques<\/strong> et <strong>divertissantes<\/strong>. Les enseignants recherchent et choisissent avec soin le mat\u00e9riel authentique et adapt\u00e9.<br \/>\nDe plus, apr\u00e8s les cours, l\u2019\u00e9cole organise de nombreuses activit\u00e9s afin de faire des rencontres et de poursuivre l\u2019apprentissage : la projection de films en italien sous titr\u00e9s en italien, l\u2019organisation de visites guid\u00e9es pour les personnes int\u00e9ress\u00e9es par l\u2019histoire artistique et culturelle de Rome, ou encore l\u2019organisation de rencontres entre italiens et \u00e9tudiants pour pratiquer l\u2019italien autour d\u2019un bon repas.<br \/>\nPour en savoir plus sur les activit\u00e9s, consulte la page d\u00e9di\u00e9e aux <a href=\"https:\/\/scuolaromit.com\/fr\/activites-apres-l-ecole\/\">Activit\u00e9s apr\u00e8s l\u2019\u00e9cole<\/a><\/p>\n<\/div><div class=\"fusion-clearfix\"><\/div><\/div><\/div><\/div><\/div><div class=\"fusion-fullwidth fullwidth-box fusion-builder-row-2 nonhundred-percent-fullwidth non-hundred-percent-height-scrolling\" style=\"--awb-border-radius-top-left:0px;--awb-border-radius-top-right:0px;--awb-border-radius-bottom-right:0px;--awb-border-radius-bottom-left:0px;--awb-padding-right:7%;--awb-padding-left:7%;--awb-margin-bottom:80px;--awb-flex-wrap:wrap;\" ><div class=\"fusion-builder-row fusion-row\"><div class=\"fusion-layout-column fusion_builder_column fusion-builder-column-1 fusion_builder_column_1_1 1_1 fusion-one-full fusion-column-first fusion-column-last\" style=\"--awb-bg-size:cover;\"><div class=\"fusion-column-wrapper fusion-column-has-shadow fusion-flex-column-wrapper-legacy\"><div class=\"accordian fusion-accordian\" style=\"--awb-border-size:1px;--awb-icon-size:16px;--awb-content-font-size:16px;--awb-icon-alignment:left;--awb-hover-color:#f7f7f7;--awb-border-color:#9ebf43;--awb-background-color:#ffffff;--awb-divider-color:#e0dede;--awb-divider-hover-color:#e0dede;--awb-icon-color:#f2f2f2;--awb-title-color:#ff9800;--awb-content-color:#747474;--awb-icon-box-color:#333333;--awb-toggle-hover-accent-color:#65bc7b;--awb-title-font-family:&quot;Open Sans&quot;;--awb-title-font-weight:400;--awb-title-font-style:normal;--awb-content-font-family:&quot;Open Sans&quot;;--awb-content-font-style:normal;--awb-content-font-weight:400;\"><div class=\"panel-group fusion-toggle-icon-boxed\" id=\"accordion-927-1\"><div class=\"fusion-panel panel-default panel-db310686c149793f3 fusion-toggle-no-divider fusion-toggle-boxed-mode\" style=\"--awb-title-color:#ff9800;--awb-content-color:#747474;\"><div class=\"panel-heading\"><h4 class=\"panel-title toggle\" id=\"toggle_db310686c149793f3\"><a aria-expanded=\"false\" aria-controls=\"db310686c149793f3\" role=\"button\" data-toggle=\"collapse\" data-target=\"#db310686c149793f3\" href=\"#db310686c149793f3\"><span class=\"fusion-toggle-icon-wrapper\" aria-hidden=\"true\"><i class=\"fa-fusion-box active-icon awb-icon-minus\" aria-hidden=\"true\"><\/i><i class=\"fa-fusion-box inactive-icon awb-icon-plus\" aria-hidden=\"true\"><\/i><\/span><span class=\"fusion-toggle-heading\">Cours intensifs<\/span><\/a><\/h4><\/div><div id=\"db310686c149793f3\" class=\"panel-collapse collapse \" aria-labelledby=\"toggle_db310686c149793f3\"><div class=\"panel-body toggle-content fusion-clearfix\">\n<div style=\"width: 70%; float: left; padding-right: 5px;\">\n<p>Tu veux vivre une immersion totale dans la langue italienne ? Nos cours intensifs t\u2019offrent la possibilit\u00e9 d\u2019apprendre l\u2019italien, de conna\u00eetre tous les aspects de notre culture et de te familiariser avec Rome. Les le\u00e7ons se d\u00e9roulent du lundi au vendredi, le matin ou l\u2019apr\u00e8s-midi, pour une dur\u00e9e de 3 heures par jour.<\/p>\n<ul>\n<li>le\u00e7ons : 3h par jour, g\u00e9n\u00e9ralement le matin<\/li>\n<li>niveau : d\u00e9butant, interm\u00e9diaire, avanc\u00e9<\/li>\n<li>horaires : 9h30\/12h45<\/li>\n<\/ul>\n<p>Pour plus d\u2019informations, consulte la page d\u00e9di\u00e9e au <a href=\"\/fr\/cours-intensif-d-italien\/\">Cours d\u2019italien intensif<\/a><\/p>\n<\/div>\n<div style=\"width: 27%; float: left; padding-left: 5px; border-left: 1px solid #CCCCCC; text-align: center; margin-left: 5px;\">\n<h3 style=\"text-align: center;\">Prix<\/h3>\n<p style=\"text-align: center;\">1 semaine: 150 \u20ac<br \/>\n2 semaines: 290 \u20ac<br \/>\n3 semaines: 420 \u20ac<br \/>\n4 semaines: 540 \u20ac<br \/>\nSemaine suppl\u00e9mentaire: 120 \u20ac<\/p>\n<p>Frais d\u2019insciption : 50 \u20ac (valable pour toujours) comprennent livre et mat\u00e9riel \u00e9ducatif.<\/p>\n<\/div>\n<\/div><\/div><\/div><div class=\"fusion-panel panel-default panel-6147ca1772095f4a4 fusion-toggle-no-divider fusion-toggle-boxed-mode\" style=\"--awb-title-color:#ff9800;--awb-content-color:#747474;\"><div class=\"panel-heading\"><h4 class=\"panel-title toggle\" id=\"toggle_6147ca1772095f4a4\"><a aria-expanded=\"false\" aria-controls=\"6147ca1772095f4a4\" role=\"button\" data-toggle=\"collapse\" data-target=\"#6147ca1772095f4a4\" href=\"#6147ca1772095f4a4\"><span class=\"fusion-toggle-icon-wrapper\" aria-hidden=\"true\"><i class=\"fa-fusion-box active-icon awb-icon-minus\" aria-hidden=\"true\"><\/i><i class=\"fa-fusion-box inactive-icon awb-icon-plus\" aria-hidden=\"true\"><\/i><\/span><span class=\"fusion-toggle-heading\">Cours d\u2019italien du soir<\/span><\/a><\/h4><\/div><div id=\"6147ca1772095f4a4\" class=\"panel-collapse collapse \" aria-labelledby=\"toggle_6147ca1772095f4a4\"><div class=\"panel-body toggle-content fusion-clearfix\">\n<div style=\"width: 70%; float: left;\">\n<p>Tu es \u00e0 Rome pour les \u00e9tudes ou pour le travail ? Tu veux <strong>am\u00e9liorer<\/strong> ton italien ? Nos cours du soir sont pens\u00e9s sp\u00e9cialement pour les \u00e9trangers qui n\u2019ont pas la possibilit\u00e9 ou la n\u00e9cessit\u00e9 de fr\u00e9quenter quotidiennement l\u2019\u00e9cole mais qui, e<strong>n optimisant leur temps<\/strong>, d\u00e9sirent faire des progr\u00e8s en italien. Les horaires sont variables et comprennent aussi les heures tardives.<\/p>\n<ul>\n<li>dur\u00e9e : minimum 1 mois<\/li>\n<li>le\u00e7ons : 2 fois par semaine, de 1h30 chacune<\/li>\n<li>niveaux : d\u00e9butant, interm\u00e9diaire, avanc\u00e9<\/li>\n<li>horaires : variables, m\u00eame en soir\u00e9e (18h00-19h30)<\/li>\n<\/ul>\n<p>maximum 12 \u00e9tudiants par classePour plus d\u2019informations, consulte la page d\u00e9di\u00e9e au <a href=\"\/fr\/cours-d-italien-du-soir\/\">Cours d\u2019italien du soir<\/a><\/p>\n<\/div>\n<div style=\"width: 27%; float: left; padding-left: 5px; border-left: 1px solid #CCCCCC; text-align: center; margin-left: 5px;\">\n<h3 style=\"text-align: center;\">Prix<\/h3>\n<p style=\"text-align: center;\">4 semaines: 140 \u20ac<br \/>\n8 semaines: 270 \u20ac<br \/>\n12 semaines: 390 \u20ac<\/p>\n<p>Frais d\u2019insciption : 50 \u20ac (valable pour toujours) comprennent livre et mat\u00e9riel \u00e9ducatif.<\/p>\n<\/div>\n<\/div><\/div><\/div><div class=\"fusion-panel panel-default panel-05939da468ad8d6c9 fusion-toggle-no-divider fusion-toggle-boxed-mode\"><div class=\"panel-heading\"><h4 class=\"panel-title toggle\" id=\"toggle_05939da468ad8d6c9\"><a aria-expanded=\"false\" aria-controls=\"05939da468ad8d6c9\" role=\"button\" data-toggle=\"collapse\" data-target=\"#05939da468ad8d6c9\" href=\"#05939da468ad8d6c9\"><span class=\"fusion-toggle-icon-wrapper\" aria-hidden=\"true\"><i class=\"fa-fusion-box active-icon awb-icon-minus\" aria-hidden=\"true\"><\/i><i class=\"fa-fusion-box inactive-icon awb-icon-plus\" aria-hidden=\"true\"><\/i><\/span><span class=\"fusion-toggle-heading\">L\u2019italien en ligne<\/span><\/a><\/h4><\/div><div id=\"05939da468ad8d6c9\" class=\"panel-collapse collapse \" aria-labelledby=\"toggle_05939da468ad8d6c9\"><div class=\"panel-body toggle-content fusion-clearfix\">\n<div style=\"width: 70%; float: left;\">\n<p>L\u2019\u00e9cole Romit offre des le\u00e7ons en ligne individuelles de tous les niveaux. Il vous suffit d\u2019avoir un compte Skype ou Gmail et il vous sera possible d\u2019apprendre l\u2019italien confortablement depuis chez vous ou votre travail.<\/p>\n<ul>\n<li>Le\u00e7ons individuelles : \u00e0 convenir ensemble<\/li>\n<\/ul>\n<p>Pour plus d\u2019informations, consulte la page d\u00e9di\u00e9e \u00e0 <a href=\"\/fr\/cours-d-italien-en-ligne\/\">L\u2019italien En ligne<\/a><\/p>\n<\/div>\n<div style=\"width: 27%; float: left; padding-left: 5px; border-left: 1px solid #CCCCCC; text-align: center; margin-left: 5px;\">\n<h3 style=\"text-align: center;\">Le\u00e7ons individuelles<\/h3>\n<p style=\"text-align: center;\">1 le\u00e7on (60 minutes): 35 \u20ac<br \/>\n10 le\u00e7ons: 330 \u20ac<\/p>\n<\/div>\n<\/div><\/div><\/div><div class=\"fusion-panel panel-default panel-c6cc86f2adc067071 fusion-toggle-no-divider fusion-toggle-boxed-mode\"><div class=\"panel-heading\"><h4 class=\"panel-title toggle\" id=\"toggle_c6cc86f2adc067071\"><a aria-expanded=\"false\" aria-controls=\"c6cc86f2adc067071\" role=\"button\" data-toggle=\"collapse\" data-target=\"#c6cc86f2adc067071\" href=\"#c6cc86f2adc067071\"><span class=\"fusion-toggle-icon-wrapper\" aria-hidden=\"true\"><i class=\"fa-fusion-box active-icon awb-icon-minus\" aria-hidden=\"true\"><\/i><i class=\"fa-fusion-box inactive-icon awb-icon-plus\" aria-hidden=\"true\"><\/i><\/span><span class=\"fusion-toggle-heading\">Le\u00e7ons individuelles<\/span><\/a><\/h4><\/div><div id=\"c6cc86f2adc067071\" class=\"panel-collapse collapse \" aria-labelledby=\"toggle_c6cc86f2adc067071\"><div class=\"panel-body toggle-content fusion-clearfix\">\n<div style=\"width: 70%; float: left;\">\n<p>Tu veux une le\u00e7on sur mesure ? Opte pour nos le\u00e7ons individuelles ou en mini groupe de 2 ou 3 personnes. Ou bien, si tu ajoutes au cours d\u2019italien intensif une le\u00e7on individuelle par jour, nous te ferons une r\u00e9duction sp\u00e9ciale! L\u2019horaire et le lieu des le\u00e7ons seront concord\u00e9s.<\/p>\n<ul>\n<li>le\u00e7ons pour tous les niveaux<\/li>\n<li>en cas de le\u00e7ons en dehors de l\u2019\u00e9cole ou \u00e0 domicile, un co\u00fbt suppl\u00e9mentaire te sera demand\u00e9.<\/li>\n<\/ul>\n<p>Pour plus d\u2019informations, consulte la page d\u00e9di\u00e9e aux <a href=\"\/fr\/lecons-d-italien-individuelles\/\">Le\u00e7ons individuelles<\/a><\/p>\n<\/div>\n<div style=\"width: 27%; float: left; padding-left: 5px; border-left: 1px solid #CCCCCC; text-align: center; margin-left: 5px;\">\n<h3 style=\"text-align: center;\">Prix<\/h3>\n<p style=\"text-align: center;\">1 le\u00e7on (60 minutes): 35 \u20ac<br \/>\n10 le\u00e7ons : 330 \u20ac<\/p>\n<\/div>\n<\/div><\/div><\/div><div class=\"fusion-panel panel-default panel-90e73b6d60ca4cd8e fusion-toggle-no-divider fusion-toggle-boxed-mode\"><div class=\"panel-heading\"><h4 class=\"panel-title toggle\" id=\"toggle_90e73b6d60ca4cd8e\"><a aria-expanded=\"false\" aria-controls=\"90e73b6d60ca4cd8e\" role=\"button\" data-toggle=\"collapse\" data-target=\"#90e73b6d60ca4cd8e\" href=\"#90e73b6d60ca4cd8e\"><span class=\"fusion-toggle-icon-wrapper\" aria-hidden=\"true\"><i class=\"fa-fusion-box active-icon awb-icon-minus\" aria-hidden=\"true\"><\/i><i class=\"fa-fusion-box inactive-icon awb-icon-plus\" aria-hidden=\"true\"><\/i><\/span><span class=\"fusion-toggle-heading\">Cours intensifs pour visa d\u2019\u00e9tudes<\/span><\/a><\/h4><\/div><div id=\"90e73b6d60ca4cd8e\" class=\"panel-collapse collapse \" aria-labelledby=\"toggle_90e73b6d60ca4cd8e\"><div class=\"panel-body toggle-content fusion-clearfix\">\n<div style=\"width: 70%; float: left;\">\n<p>L\u2019\u00e9cole Romit offre une assistance compl\u00e8te pour les personnes souhaitant obtenir un<strong> visa d\u2019\u00e9tudes<\/strong>. Pour les citoyens non appartenant \u00e0 l\u2019Union Europ\u00e9enne qui veulent \u00e9tudier en Italie, un visa touristique <strong>jusqu\u2019\u00e0 90 jour<\/strong>s est suffisant. Au del\u00e0 de 90 jours, il est n\u00e9cessaire d\u2019obtenir un visa d\u2019\u00e9tudes.<br \/>\nUne fr\u00e9quence de 20 heures\/le\u00e7ons par semaine est g\u00e9n\u00e9ralement requise.<\/p>\n<p>Pour plus d\u2019informations, consulte la page d\u00e9di\u00e9e aux <a href=\"\/fr\/cours-d-italien-pour-visa-d-etudes\/\">Cours intensifs pour visa d\u2019\u00e9tudes<\/a><\/p>\n<\/div>\n<div style=\"width: 27%; float: left; padding-left: 5px; border-left: 1px solid #CCCCCC; text-align: center; margin-left: 5px;\">\n<p style=\"text-align: center;\"><strong>Prix<\/strong><\/p>\n<p style=\"text-align: center;\">12 semaines: 1500 \u20ac<br \/>\n16 semaines: 1940 \u20ac<br \/>\n20 semaines: 2380 \u20ac<br \/>\n24 semaines: 2800 \u20ac<br \/>\n48 semaines: 5000 \u20ac<\/p>\n<\/div>\n<\/div><\/div><\/div><div class=\"fusion-panel panel-default panel-0c5e1b65d4f549b6a fusion-toggle-no-divider fusion-toggle-boxed-mode\"><div class=\"panel-heading\"><h4 class=\"panel-title toggle\" id=\"toggle_0c5e1b65d4f549b6a\"><a aria-expanded=\"false\" aria-controls=\"0c5e1b65d4f549b6a\" role=\"button\" data-toggle=\"collapse\" data-target=\"#0c5e1b65d4f549b6a\" href=\"#0c5e1b65d4f549b6a\"><span class=\"fusion-toggle-icon-wrapper\" aria-hidden=\"true\"><i class=\"fa-fusion-box active-icon awb-icon-minus\" aria-hidden=\"true\"><\/i><i class=\"fa-fusion-box inactive-icon awb-icon-plus\" aria-hidden=\"true\"><\/i><\/span><span class=\"fusion-toggle-heading\">Pr\u00e9paration aux examens CILS, PLIDA et CELI<\/span><\/a><\/h4><\/div><div id=\"0c5e1b65d4f549b6a\" class=\"panel-collapse collapse \" aria-labelledby=\"toggle_0c5e1b65d4f549b6a\"><div class=\"panel-body toggle-content fusion-clearfix\">\n<div style=\"width: 70%; float: left; padding-right: 5px;\">\n<p>Tu as besoin d\u2019une attestation officielle de connaissance de la langue italienne pour ton travail ou pour en chercher un ? Romit t\u2019aide \u00e0 pr\u00e9parer les examens de <strong>certification<\/strong> en obtenant ton niveau de comp\u00e9tence le plus adapt\u00e9! Tu peux suivre les cours collectifs ou les le\u00e7ons individuelles avec des enseignants qui ont une exp\u00e9rience directe dans l\u2019administration et la correction d\u2019\u00e9preuves d\u2019examen.<\/p>\n<ul>\n<li>le\u00e7ons pour tous les niveaux du QUADRO COMUNE EUROPEO<\/li>\n<li>possibilit\u00e9 de passer d\u2019un niveau \u00e0 l\u2019autre, avec un programme personnalis\u00e9 en fonction de la situation et de l\u2019exigence de l\u2019\u00e9tudiant.<\/li>\n<\/ul>\n<p>Pour plus d\u2019informations, consulte la page d\u00e9di\u00e9e \u00e0 la <a href=\"\/fr\/cours-de-preparation-cils-celi-plida\/\">Pr\u00e9paration aux examens CILS, PLIDA et CELI<\/a><\/p>\n<\/div>\n<div style=\"width: 27%; float: left; padding-left: 5px; border-left: 1px solid #CCCCCC; text-align: center; margin-left: 5px;\">\n<h3 style=\"text-align: center;\">Prix<\/h3>\n<p style=\"text-align: center;\">1 le\u00e7on (60 minutes): 35 \u20ac<br \/>\n10 le\u00e7ons : 300 \u20ac<\/p>\n<\/div>\n<\/div><\/div><\/div><div class=\"fusion-panel panel-default panel-bba671559f0db6743 fusion-toggle-no-divider fusion-toggle-boxed-mode\"><div class=\"panel-heading\"><h4 class=\"panel-title toggle\" id=\"toggle_bba671559f0db6743\"><a aria-expanded=\"false\" aria-controls=\"bba671559f0db6743\" role=\"button\" data-toggle=\"collapse\" data-target=\"#bba671559f0db6743\" href=\"#bba671559f0db6743\"><span class=\"fusion-toggle-icon-wrapper\" aria-hidden=\"true\"><i class=\"fa-fusion-box active-icon awb-icon-minus\" aria-hidden=\"true\"><\/i><i class=\"fa-fusion-box inactive-icon awb-icon-plus\" aria-hidden=\"true\"><\/i><\/span><span class=\"fusion-toggle-heading\">Cours d\u2019histoire de l\u2019art<\/span><\/a><\/h4><\/div><div id=\"bba671559f0db6743\" class=\"panel-collapse collapse \" aria-labelledby=\"toggle_bba671559f0db6743\"><div class=\"panel-body toggle-content fusion-clearfix\">\n<div style=\"width: 70%; float: left;\">\n<p>Rome est \u00ab la ville \u00e9ternelle \u00bb : Ses merveilles artistiques et architecturales se sont superpos\u00e9es dans le cours des si\u00e8cles formant un scenario unique, un v\u00e9ritable mus\u00e9e \u00e0 ciel ouvert. Si tu souhaites d\u00e9couvrir l\u2019art de Rome et le regarder avec un \u0153il plus conscient de sa valeur, Romit te propose son cours d\u2019histoire de l\u2019art : tu d\u00e9couvriras les zones et les monuments qui \u00e9chappent aux guides touristiques, tu seras capable de reconna\u00eetre les expressions artistiques typiques des diverses p\u00e9riodes historiques et tu pourras raconter tant d\u2019anecdotes et histoires du grand pass\u00e9 de la capitale!<\/p>\n<ul>\n<li>dur\u00e9e du cours : 1 ou 2 semaines<\/li>\n<li>le\u00e7ons : du lundi au vendredi<\/li>\n<li>horaires : 13h00-14h00<\/li>\n<li>visites guid\u00e9es en fin de journ\u00e9e ou bien le samedi<\/li>\n<\/ul>\n<p>Pour plus d\u2019informations, consulte la page d\u00e9di\u00e9e au <a href=\"\/fr\/cours-d-histoire-de-l-art-italienne\/\">Cours d\u2019histoire de l\u2019art<\/a><\/p>\n<\/div>\n<div style=\"width: 27%; float: left; padding-left: 5px; border-left: 1px solid #CCCCCC; text-align: center; margin-left: 5px;\">\n<h3 style=\"text-align: center;\">Prix<\/h3>\n<p style=\"text-align: center;\">1 semaine: 100 \u20ac<br \/>\n2 semaines: 180 \u20ac<\/p>\n<\/div>\n<\/div><\/div><\/div><\/div><\/div><div class=\"fusion-clearfix\"><\/div><\/div><\/div><\/div><\/div><\/p>\n","protected":false},"excerpt":{"rendered":"","protected":false},"author":1,"featured_media":0,"parent":0,"menu_order":0,"comment_status":"closed","ping_status":"closed","template":"","meta":{"footnotes":""},"class_list":["post-927","page","type-page","status-publish","hentry"],"yoast_head":"<!-- This site is optimized with the Yoast SEO plugin v26.5 - https:\/\/yoast.com\/wordpress\/plugins\/seo\/ -->\n<title>Cours d\u2019italien \u00e0 Rome | Cours d&#039;italien pour \u00e9trangers - Scuola Romit<\/title>\n<meta name=\"robots\" content=\"index, follow, max-snippet:-1, max-image-preview:large, max-video-preview:-1\" \/>\n<link rel=\"canonical\" href=\"https:\/\/scuolaromit.com\/fr\/cours-d-italien-a-rome\/\" \/>\n<meta property=\"og:locale\" content=\"fr_FR\" \/>\n<meta property=\"og:type\" content=\"article\" \/>\n<meta property=\"og:title\" content=\"Cours d\u2019italien \u00e0 Rome | Cours d&#039;italien pour \u00e9trangers - Scuola Romit\" \/>\n<meta property=\"og:url\" content=\"https:\/\/scuolaromit.com\/fr\/cours-d-italien-a-rome\/\" \/>\n<meta property=\"og:site_name\" content=\"Scuola Romit\" \/>\n<meta property=\"article:publisher\" content=\"https:\/\/www.facebook.com\/ScuolaRomit\" \/>\n<meta property=\"article:modified_time\" content=\"2026-03-20T07:51:26+00:00\" \/>\n<meta name=\"twitter:card\" content=\"summary_large_image\" \/>\n<meta name=\"twitter:label1\" content=\"Dur\u00e9e de lecture estim\u00e9e\" \/>\n\t<meta name=\"twitter:data1\" content=\"11 minutes\" \/>\n<script type=\"application\/ld+json\" class=\"yoast-schema-graph\">{\"@context\":\"https:\/\/schema.org\",\"@graph\":[{\"@type\":\"WebPage\",\"@id\":\"https:\/\/scuolaromit.com\/fr\/cours-d-italien-a-rome\/\",\"url\":\"https:\/\/scuolaromit.com\/fr\/cours-d-italien-a-rome\/\",\"name\":\"Cours d\u2019italien \u00e0 Rome | Cours d'italien pour \u00e9trangers - Scuola Romit\",\"isPartOf\":{\"@id\":\"https:\/\/scuolaromit.com\/fr\/#website\"},\"datePublished\":\"2020-07-05T07:45:08+00:00\",\"dateModified\":\"2026-03-20T07:51:26+00:00\",\"breadcrumb\":{\"@id\":\"https:\/\/scuolaromit.com\/fr\/cours-d-italien-a-rome\/#breadcrumb\"},\"inLanguage\":\"fr-FR\",\"potentialAction\":[{\"@type\":\"ReadAction\",\"target\":[\"https:\/\/scuolaromit.com\/fr\/cours-d-italien-a-rome\/\"]}]},{\"@type\":\"BreadcrumbList\",\"@id\":\"https:\/\/scuolaromit.com\/fr\/cours-d-italien-a-rome\/#breadcrumb\",\"itemListElement\":[{\"@type\":\"ListItem\",\"position\":1,\"name\":\"Accueil\",\"item\":\"https:\/\/scuolaromit.com\/fr\/\"},{\"@type\":\"ListItem\",\"position\":2,\"name\":\"Les cours\"}]},{\"@type\":\"WebSite\",\"@id\":\"https:\/\/scuolaromit.com\/fr\/#website\",\"url\":\"https:\/\/scuolaromit.com\/fr\/\",\"name\":\"Scuola Romit\",\"description\":\"La scuola per imparare l&#039;italiano vivendolo\",\"publisher\":{\"@id\":\"https:\/\/scuolaromit.com\/fr\/#organization\"},\"potentialAction\":[{\"@type\":\"SearchAction\",\"target\":{\"@type\":\"EntryPoint\",\"urlTemplate\":\"https:\/\/scuolaromit.com\/fr\/?s={search_term_string}\"},\"query-input\":{\"@type\":\"PropertyValueSpecification\",\"valueRequired\":true,\"valueName\":\"search_term_string\"}}],\"inLanguage\":\"fr-FR\"},{\"@type\":\"Organization\",\"@id\":\"https:\/\/scuolaromit.com\/fr\/#organization\",\"name\":\"Scuola Romit\",\"url\":\"https:\/\/scuolaromit.com\/fr\/\",\"logo\":{\"@type\":\"ImageObject\",\"inLanguage\":\"fr-FR\",\"@id\":\"https:\/\/scuolaromit.com\/fr\/#\/schema\/logo\/image\/\",\"url\":\"https:\/\/scuolaromit.com\/wp-content\/uploads\/2020\/07\/logo-1.jpg\",\"contentUrl\":\"https:\/\/scuolaromit.com\/wp-content\/uploads\/2020\/07\/logo-1.jpg\",\"width\":452,\"height\":152,\"caption\":\"Scuola Romit\"},\"image\":{\"@id\":\"https:\/\/scuolaromit.com\/fr\/#\/schema\/logo\/image\/\"},\"sameAs\":[\"https:\/\/www.facebook.com\/ScuolaRomit\",\"https:\/\/www.instagram.com\/scuolaromit\/\"]}]}<\/script>\n<!-- \/ Yoast SEO plugin. -->","yoast_head_json":{"title":"Cours d\u2019italien \u00e0 Rome | Cours d'italien pour \u00e9trangers - Scuola Romit","robots":{"index":"index","follow":"follow","max-snippet":"max-snippet:-1","max-image-preview":"max-image-preview:large","max-video-preview":"max-video-preview:-1"},"canonical":"https:\/\/scuolaromit.com\/fr\/cours-d-italien-a-rome\/","og_locale":"fr_FR","og_type":"article","og_title":"Cours d\u2019italien \u00e0 Rome | Cours d'italien pour \u00e9trangers - Scuola Romit","og_url":"https:\/\/scuolaromit.com\/fr\/cours-d-italien-a-rome\/","og_site_name":"Scuola Romit","article_publisher":"https:\/\/www.facebook.com\/ScuolaRomit","article_modified_time":"2026-03-20T07:51:26+00:00","twitter_card":"summary_large_image","twitter_misc":{"Dur\u00e9e de lecture estim\u00e9e":"11 minutes"},"schema":{"@context":"https:\/\/schema.org","@graph":[{"@type":"WebPage","@id":"https:\/\/scuolaromit.com\/fr\/cours-d-italien-a-rome\/","url":"https:\/\/scuolaromit.com\/fr\/cours-d-italien-a-rome\/","name":"Cours d\u2019italien \u00e0 Rome | Cours d'italien pour \u00e9trangers - Scuola Romit","isPartOf":{"@id":"https:\/\/scuolaromit.com\/fr\/#website"},"datePublished":"2020-07-05T07:45:08+00:00","dateModified":"2026-03-20T07:51:26+00:00","breadcrumb":{"@id":"https:\/\/scuolaromit.com\/fr\/cours-d-italien-a-rome\/#breadcrumb"},"inLanguage":"fr-FR","potentialAction":[{"@type":"ReadAction","target":["https:\/\/scuolaromit.com\/fr\/cours-d-italien-a-rome\/"]}]},{"@type":"BreadcrumbList","@id":"https:\/\/scuolaromit.com\/fr\/cours-d-italien-a-rome\/#breadcrumb","itemListElement":[{"@type":"ListItem","position":1,"name":"Accueil","item":"https:\/\/scuolaromit.com\/fr\/"},{"@type":"ListItem","position":2,"name":"Les cours"}]},{"@type":"WebSite","@id":"https:\/\/scuolaromit.com\/fr\/#website","url":"https:\/\/scuolaromit.com\/fr\/","name":"Scuola Romit","description":"La scuola per imparare l&#039;italiano vivendolo","publisher":{"@id":"https:\/\/scuolaromit.com\/fr\/#organization"},"potentialAction":[{"@type":"SearchAction","target":{"@type":"EntryPoint","urlTemplate":"https:\/\/scuolaromit.com\/fr\/?s={search_term_string}"},"query-input":{"@type":"PropertyValueSpecification","valueRequired":true,"valueName":"search_term_string"}}],"inLanguage":"fr-FR"},{"@type":"Organization","@id":"https:\/\/scuolaromit.com\/fr\/#organization","name":"Scuola Romit","url":"https:\/\/scuolaromit.com\/fr\/","logo":{"@type":"ImageObject","inLanguage":"fr-FR","@id":"https:\/\/scuolaromit.com\/fr\/#\/schema\/logo\/image\/","url":"https:\/\/scuolaromit.com\/wp-content\/uploads\/2020\/07\/logo-1.jpg","contentUrl":"https:\/\/scuolaromit.com\/wp-content\/uploads\/2020\/07\/logo-1.jpg","width":452,"height":152,"caption":"Scuola Romit"},"image":{"@id":"https:\/\/scuolaromit.com\/fr\/#\/schema\/logo\/image\/"},"sameAs":["https:\/\/www.facebook.com\/ScuolaRomit","https:\/\/www.instagram.com\/scuolaromit\/"]}]}},"_links":{"self":[{"href":"https:\/\/scuolaromit.com\/fr\/wp-json\/wp\/v2\/pages\/927","targetHints":{"allow":["GET"]}}],"collection":[{"href":"https:\/\/scuolaromit.com\/fr\/wp-json\/wp\/v2\/pages"}],"about":[{"href":"https:\/\/scuolaromit.com\/fr\/wp-json\/wp\/v2\/types\/page"}],"author":[{"embeddable":true,"href":"https:\/\/scuolaromit.com\/fr\/wp-json\/wp\/v2\/users\/1"}],"replies":[{"embeddable":true,"href":"https:\/\/scuolaromit.com\/fr\/wp-json\/wp\/v2\/comments?post=927"}],"version-history":[{"count":33,"href":"https:\/\/scuolaromit.com\/fr\/wp-json\/wp\/v2\/pages\/927\/revisions"}],"predecessor-version":[{"id":5479,"href":"https:\/\/scuolaromit.com\/fr\/wp-json\/wp\/v2\/pages\/927\/revisions\/5479"}],"wp:attachment":[{"href":"https:\/\/scuolaromit.com\/fr\/wp-json\/wp\/v2\/media?parent=927"}],"curies":[{"name":"wp","href":"https:\/\/api.w.org\/{rel}","templated":true}]}}