{"id":819,"date":"2020-07-05T09:44:16","date_gmt":"2020-07-05T07:44:16","guid":{"rendered":"http:\/\/test2020.scuolaromit.com\/la-nostra-scuola\/"},"modified":"2025-12-12T14:28:10","modified_gmt":"2025-12-12T13:28:10","slug":"ecole-d-italien-a-rome","status":"publish","type":"page","link":"https:\/\/scuolaromit.com\/fr\/ecole-d-italien-a-rome\/","title":{"rendered":"Notre \u00e9cole"},"content":{"rendered":"<div class=\"fusion-fullwidth fullwidth-box fusion-builder-row-1 nonhundred-percent-fullwidth non-hundred-percent-height-scrolling\" style=\"--awb-border-radius-top-left:0px;--awb-border-radius-top-right:0px;--awb-border-radius-bottom-right:0px;--awb-border-radius-bottom-left:0px;--awb-padding-right:10%;--awb-padding-left:10%;--awb-margin-top:50px;--awb-margin-bottom:80px;--awb-flex-wrap:wrap;\" ><div class=\"fusion-builder-row fusion-row\"><div class=\"fusion-layout-column fusion_builder_column fusion-builder-column-0 fusion_builder_column_1_1 1_1 fusion-one-full fusion-column-first fusion-column-last\" style=\"--awb-bg-size:cover;\"><div class=\"fusion-column-wrapper fusion-column-has-shadow fusion-flex-column-wrapper-legacy\"><div class=\"fusion-text fusion-text-1\"><h1>\u00c9cole de langue italienne \u00e0 Rome<\/h1>\n<p>ROMIT est une \u00e9cole sp\u00e9cialis\u00e9e dans l\u2019enseignement de l\u2019italien pour les \u00e9trangers originaires du monde entier. Elle est compos\u00e9e d\u2019enseignants qui ont d\u00e9j\u00e0 plusieurs ann\u00e9es d\u2019exp\u00e9rience dans le domaine de la didactique de la langue italienne et qui ont fait de cette profession leur passion principale. Notre t\u00e2che est de fournir des cours d\u00e9di\u00e9s non seulement aux personnes d\u00e9sireuses d\u2019apprendre l\u2019italien, mais aussi \u00e0 tous ceux qui veulent conna\u00eetre pleinement la culture, les usages et les coutumes de notre pays et enfin, la vari\u00e9t\u00e9 des exp\u00e9riences de la vie quotidienne en Italie et surtout \u00e0 Rome.<\/p>\n<h2>Nos cours<\/h2>\n<p><a href=\"https:\/\/scuolaromit.com\/fr\/cours-d-italien-a-rome\/\">Nos cours<\/a> sont programm\u00e9s pour r\u00e9pondre aux besoins des \u00e9tudiants et sont men\u00e9s avec des m\u00e9thodologies diff\u00e9rentes, de la m\u00e9thodologie communicative \u00e0 celle plus normative et grammaticale. Les \u00e9tudiants sont encourag\u00e9s \u00e0 am\u00e9liorer leurs comp\u00e9tences linguistiques gr\u00e2ce \u00e0 des simulations d\u2019exp\u00e9riences de la vie quotidienne dans lesquelles vous pouvez combiner la grammaire, le vocabulaire et la communication. En plus s\u2019ajoutent d\u2019autres cours de pr\u00e9paration aux examens CELI, CILS, PLIDA et des <a href=\"https:\/\/scuolaromit.com\/fr\/activites-apres-l-ecole\/\">activit\u00e9s concernant l\u2019histoire de l\u2019art<\/a>, la litt\u00e9rature, le cin\u00e9ma, le th\u00e9\u00e2tre, la gastronomie et la mode, de mani\u00e8re \u00e0 offrir aux \u00e9tudiants une immersion totale dans la vie de ce beau pays.<\/p>\n<h2>Notre bureau<\/h2>\n<p>L\u2019ambiance est conviviale et informelle \u00e0 Scuola Romit. Au sein de l\u2019\u00e9cole, il y a plusieurs salles vastes et lumineuses, un vid\u00e9oclub et une salle d\u00e9di\u00e9e \u00e0 l\u2019\u00e9tude, o\u00f9 il est possible de consulter des livres, se connecter \u00e0 Internet et socialiser avec les autres \u00e9tudiants. L\u2019\u00e9cole poss\u00e8de \u00e9galement un petit jardin priv\u00e9: un lieu de rendez-vous pour les \u00e9tudiants et les enseignants durant les pauses. Une connection Wifi est disponible pour tous les \u00e9tudiants.<\/p>\n<p>Romit est situ\u00e9e dans l\u2019un des plus beaux et des plus caract\u00e9ristiques quartiers de la ville, le rione Monti, o\u00f9 est n\u00e9 l\u2019un des plus illustres personnages de l\u2019histoire: Jules C\u00e9sar.<br \/>\n<a href=\"https:\/\/scuolaromit.com\/fr\/inscription\/\">Inscris-toi<\/a> et viens d\u00e9couvrir avec nous les plus beaux aspects de vacances \u00e0 la romaine!<\/p>\n<\/div><div class=\"fusion-clearfix\"><\/div><\/div><\/div><div class=\"fusion-layout-column fusion_builder_column fusion-builder-column-1 fusion_builder_column_1_4 1_4 fusion-one-fourth fusion-column-first\" style=\"--awb-bg-size:cover;width:25%;width:calc(25% - ( ( 4% ) * 0.25 ) );margin-right: 4%;\"><div class=\"fusion-column-wrapper fusion-column-has-shadow fusion-flex-column-wrapper-legacy\"><div class=\"fusion-text fusion-text-2\"><p>Via Del Boschetto, 68<br \/>\nRoma 00184<br \/>\nItalia<br \/>\n<a href=\"mailto:info@scuolaromit.it\">info@scuolaromit.it<\/a><br \/>\nSkype:\u00a0scuola.romit<br \/>\n<a href=\"tel:00390695583082\">+39 06 95583082<\/a><br \/>\n<a href=\"tel:00393496366429\">+39 349 6366429<\/a><br \/>\n<a href=\"tel:00393381427304\">+39 338 1427304<\/a><br \/>\n<a href=\"tel:00393475337623\">+39 347 5337623<\/a><\/p>\n<\/div><div class=\"fusion-clearfix\"><\/div><\/div><\/div><div class=\"fusion-layout-column fusion_builder_column fusion-builder-column-2 fusion_builder_column_3_4 3_4 fusion-three-fourth fusion-column-last\" style=\"--awb-bg-size:cover;width:75%;width:calc(75% - ( ( 4% ) * 0.75 ) );\"><div class=\"fusion-column-wrapper fusion-column-has-shadow fusion-flex-column-wrapper-legacy\"><iframe src=\"https:\/\/www.google.com\/maps\/embed?pb=!1m18!1m12!1m3!1d2969.8092242959465!2d12.48847471641565!3d41.89695977221079!2m3!1f0!2f0!3f0!3m2!1i1024!2i768!4f13.1!3m3!1m2!1s0x132f61b1e439c147%3A0xfe8c7255dfedc8e6!2sVia%20del%20Boschetto%2C%2068%2C%2000184%20Roma%20RM!5e0!3m2!1sfr!2sit!4v1609251501253!5m2!1sfr!2sit\" width=\"100%\" height=\"450\" frameborder=\"0\" style=\"border:0;\" allowfullscreen=\"\" aria-hidden=\"false\" tabindex=\"0\"><\/iframe><div class=\"fusion-clearfix\"><\/div><\/div><\/div><\/div><\/div>\n","protected":false},"excerpt":{"rendered":"","protected":false},"author":1,"featured_media":0,"parent":0,"menu_order":0,"comment_status":"closed","ping_status":"closed","template":"","meta":{"footnotes":""},"class_list":["post-819","page","type-page","status-publish","hentry"],"yoast_head":"<!-- This site is optimized with the Yoast SEO plugin v26.5 - https:\/\/yoast.com\/wordpress\/plugins\/seo\/ -->\n<title>\u00c9cole de langue italienne \u00e0 Rome | Ecole d&#039;italien Rome - Scuola Romit<\/title>\n<meta name=\"robots\" content=\"index, follow, max-snippet:-1, max-image-preview:large, max-video-preview:-1\" \/>\n<link rel=\"canonical\" href=\"https:\/\/scuolaromit.com\/fr\/ecole-d-italien-a-rome\/\" \/>\n<meta property=\"og:locale\" content=\"fr_FR\" \/>\n<meta property=\"og:type\" content=\"article\" \/>\n<meta property=\"og:title\" content=\"\u00c9cole de langue italienne \u00e0 Rome | Ecole d&#039;italien Rome - Scuola Romit\" \/>\n<meta property=\"og:url\" content=\"https:\/\/scuolaromit.com\/fr\/ecole-d-italien-a-rome\/\" \/>\n<meta property=\"og:site_name\" content=\"Scuola Romit\" \/>\n<meta property=\"article:publisher\" content=\"https:\/\/www.facebook.com\/ScuolaRomit\" \/>\n<meta property=\"article:modified_time\" content=\"2025-12-12T13:28:10+00:00\" \/>\n<meta name=\"twitter:card\" content=\"summary_large_image\" \/>\n<meta name=\"twitter:label1\" content=\"Dur\u00e9e de lecture estim\u00e9e\" \/>\n\t<meta name=\"twitter:data1\" content=\"7 minutes\" \/>\n<script type=\"application\/ld+json\" class=\"yoast-schema-graph\">{\"@context\":\"https:\/\/schema.org\",\"@graph\":[{\"@type\":\"WebPage\",\"@id\":\"https:\/\/scuolaromit.com\/fr\/ecole-d-italien-a-rome\/\",\"url\":\"https:\/\/scuolaromit.com\/fr\/ecole-d-italien-a-rome\/\",\"name\":\"\u00c9cole de langue italienne \u00e0 Rome | Ecole d'italien Rome - Scuola Romit\",\"isPartOf\":{\"@id\":\"https:\/\/scuolaromit.com\/fr\/#website\"},\"datePublished\":\"2020-07-05T07:44:16+00:00\",\"dateModified\":\"2025-12-12T13:28:10+00:00\",\"breadcrumb\":{\"@id\":\"https:\/\/scuolaromit.com\/fr\/ecole-d-italien-a-rome\/#breadcrumb\"},\"inLanguage\":\"fr-FR\",\"potentialAction\":[{\"@type\":\"ReadAction\",\"target\":[\"https:\/\/scuolaromit.com\/fr\/ecole-d-italien-a-rome\/\"]}]},{\"@type\":\"BreadcrumbList\",\"@id\":\"https:\/\/scuolaromit.com\/fr\/ecole-d-italien-a-rome\/#breadcrumb\",\"itemListElement\":[{\"@type\":\"ListItem\",\"position\":1,\"name\":\"Accueil\",\"item\":\"https:\/\/scuolaromit.com\/fr\/\"},{\"@type\":\"ListItem\",\"position\":2,\"name\":\"Notre \u00e9cole\"}]},{\"@type\":\"WebSite\",\"@id\":\"https:\/\/scuolaromit.com\/fr\/#website\",\"url\":\"https:\/\/scuolaromit.com\/fr\/\",\"name\":\"Scuola Romit\",\"description\":\"La scuola per imparare l&#039;italiano vivendolo\",\"publisher\":{\"@id\":\"https:\/\/scuolaromit.com\/fr\/#organization\"},\"potentialAction\":[{\"@type\":\"SearchAction\",\"target\":{\"@type\":\"EntryPoint\",\"urlTemplate\":\"https:\/\/scuolaromit.com\/fr\/?s={search_term_string}\"},\"query-input\":{\"@type\":\"PropertyValueSpecification\",\"valueRequired\":true,\"valueName\":\"search_term_string\"}}],\"inLanguage\":\"fr-FR\"},{\"@type\":\"Organization\",\"@id\":\"https:\/\/scuolaromit.com\/fr\/#organization\",\"name\":\"Scuola Romit\",\"url\":\"https:\/\/scuolaromit.com\/fr\/\",\"logo\":{\"@type\":\"ImageObject\",\"inLanguage\":\"fr-FR\",\"@id\":\"https:\/\/scuolaromit.com\/fr\/#\/schema\/logo\/image\/\",\"url\":\"https:\/\/scuolaromit.com\/wp-content\/uploads\/2020\/07\/logo-1.jpg\",\"contentUrl\":\"https:\/\/scuolaromit.com\/wp-content\/uploads\/2020\/07\/logo-1.jpg\",\"width\":452,\"height\":152,\"caption\":\"Scuola Romit\"},\"image\":{\"@id\":\"https:\/\/scuolaromit.com\/fr\/#\/schema\/logo\/image\/\"},\"sameAs\":[\"https:\/\/www.facebook.com\/ScuolaRomit\",\"https:\/\/www.instagram.com\/scuolaromit\/\"]}]}<\/script>\n<!-- \/ Yoast SEO plugin. -->","yoast_head_json":{"title":"\u00c9cole de langue italienne \u00e0 Rome | Ecole d'italien Rome - Scuola Romit","robots":{"index":"index","follow":"follow","max-snippet":"max-snippet:-1","max-image-preview":"max-image-preview:large","max-video-preview":"max-video-preview:-1"},"canonical":"https:\/\/scuolaromit.com\/fr\/ecole-d-italien-a-rome\/","og_locale":"fr_FR","og_type":"article","og_title":"\u00c9cole de langue italienne \u00e0 Rome | Ecole d'italien Rome - Scuola Romit","og_url":"https:\/\/scuolaromit.com\/fr\/ecole-d-italien-a-rome\/","og_site_name":"Scuola Romit","article_publisher":"https:\/\/www.facebook.com\/ScuolaRomit","article_modified_time":"2025-12-12T13:28:10+00:00","twitter_card":"summary_large_image","twitter_misc":{"Dur\u00e9e de lecture estim\u00e9e":"7 minutes"},"schema":{"@context":"https:\/\/schema.org","@graph":[{"@type":"WebPage","@id":"https:\/\/scuolaromit.com\/fr\/ecole-d-italien-a-rome\/","url":"https:\/\/scuolaromit.com\/fr\/ecole-d-italien-a-rome\/","name":"\u00c9cole de langue italienne \u00e0 Rome | Ecole d'italien Rome - Scuola Romit","isPartOf":{"@id":"https:\/\/scuolaromit.com\/fr\/#website"},"datePublished":"2020-07-05T07:44:16+00:00","dateModified":"2025-12-12T13:28:10+00:00","breadcrumb":{"@id":"https:\/\/scuolaromit.com\/fr\/ecole-d-italien-a-rome\/#breadcrumb"},"inLanguage":"fr-FR","potentialAction":[{"@type":"ReadAction","target":["https:\/\/scuolaromit.com\/fr\/ecole-d-italien-a-rome\/"]}]},{"@type":"BreadcrumbList","@id":"https:\/\/scuolaromit.com\/fr\/ecole-d-italien-a-rome\/#breadcrumb","itemListElement":[{"@type":"ListItem","position":1,"name":"Accueil","item":"https:\/\/scuolaromit.com\/fr\/"},{"@type":"ListItem","position":2,"name":"Notre \u00e9cole"}]},{"@type":"WebSite","@id":"https:\/\/scuolaromit.com\/fr\/#website","url":"https:\/\/scuolaromit.com\/fr\/","name":"Scuola Romit","description":"La scuola per imparare l&#039;italiano vivendolo","publisher":{"@id":"https:\/\/scuolaromit.com\/fr\/#organization"},"potentialAction":[{"@type":"SearchAction","target":{"@type":"EntryPoint","urlTemplate":"https:\/\/scuolaromit.com\/fr\/?s={search_term_string}"},"query-input":{"@type":"PropertyValueSpecification","valueRequired":true,"valueName":"search_term_string"}}],"inLanguage":"fr-FR"},{"@type":"Organization","@id":"https:\/\/scuolaromit.com\/fr\/#organization","name":"Scuola Romit","url":"https:\/\/scuolaromit.com\/fr\/","logo":{"@type":"ImageObject","inLanguage":"fr-FR","@id":"https:\/\/scuolaromit.com\/fr\/#\/schema\/logo\/image\/","url":"https:\/\/scuolaromit.com\/wp-content\/uploads\/2020\/07\/logo-1.jpg","contentUrl":"https:\/\/scuolaromit.com\/wp-content\/uploads\/2020\/07\/logo-1.jpg","width":452,"height":152,"caption":"Scuola Romit"},"image":{"@id":"https:\/\/scuolaromit.com\/fr\/#\/schema\/logo\/image\/"},"sameAs":["https:\/\/www.facebook.com\/ScuolaRomit","https:\/\/www.instagram.com\/scuolaromit\/"]}]}},"_links":{"self":[{"href":"https:\/\/scuolaromit.com\/fr\/wp-json\/wp\/v2\/pages\/819","targetHints":{"allow":["GET"]}}],"collection":[{"href":"https:\/\/scuolaromit.com\/fr\/wp-json\/wp\/v2\/pages"}],"about":[{"href":"https:\/\/scuolaromit.com\/fr\/wp-json\/wp\/v2\/types\/page"}],"author":[{"embeddable":true,"href":"https:\/\/scuolaromit.com\/fr\/wp-json\/wp\/v2\/users\/1"}],"replies":[{"embeddable":true,"href":"https:\/\/scuolaromit.com\/fr\/wp-json\/wp\/v2\/comments?post=819"}],"version-history":[{"count":15,"href":"https:\/\/scuolaromit.com\/fr\/wp-json\/wp\/v2\/pages\/819\/revisions"}],"predecessor-version":[{"id":5441,"href":"https:\/\/scuolaromit.com\/fr\/wp-json\/wp\/v2\/pages\/819\/revisions\/5441"}],"wp:attachment":[{"href":"https:\/\/scuolaromit.com\/fr\/wp-json\/wp\/v2\/media?parent=819"}],"curies":[{"name":"wp","href":"https:\/\/api.w.org\/{rel}","templated":true}]}}