{"id":1027,"date":"2020-07-07T15:45:44","date_gmt":"2020-07-07T13:45:44","guid":{"rendered":"http:\/\/test2020.scuolaromit.com\/corso-intensivo-per-visto-di-studio\/"},"modified":"2023-07-26T09:25:51","modified_gmt":"2023-07-26T07:25:51","slug":"cours-d-italien-pour-visa-d-etudes","status":"publish","type":"page","link":"https:\/\/scuolaromit.com\/fr\/cours-d-italien-pour-visa-d-etudes\/","title":{"rendered":"Cours pour visa d\u2019\u00e9tudes"},"content":{"rendered":"<p><div class=\"fusion-fullwidth fullwidth-box fusion-builder-row-1 nonhundred-percent-fullwidth non-hundred-percent-height-scrolling\" style=\"--awb-border-radius-top-left:0px;--awb-border-radius-top-right:0px;--awb-border-radius-bottom-right:0px;--awb-border-radius-bottom-left:0px;--awb-padding-right:10%;--awb-padding-left:10%;--awb-margin-top:50px;--awb-margin-bottom:50px;--awb-flex-wrap:wrap;\" ><div class=\"fusion-builder-row fusion-row\"><div class=\"fusion-layout-column fusion_builder_column fusion-builder-column-0 fusion_builder_column_1_1 1_1 fusion-one-full fusion-column-first fusion-column-last\" style=\"--awb-bg-size:cover;--awb-margin-bottom:25px;\"><div class=\"fusion-column-wrapper fusion-column-has-shadow fusion-flex-column-wrapper-legacy\"><div class=\"fusion-text fusion-text-1\"><h1>Cours d&rsquo;italien pour visa d\u2019\u00e9tudes<\/h1>\n<p>L\u2019\u00e9cole Romit offre une assistance compl\u00e8te pour les personnes souhaitant obtenir un <strong>visa d\u2019\u00e9tudes<\/strong>.<br \/>\nPour les citoyens non appartenant \u00e0 l\u2019Union Europ\u00e9enne qui veulent \u00e9tudier en Italie, un visa touristique <strong>jusqu\u2019\u00e0 90 jours<\/strong> est suffisant. Au del\u00e0 de 90 jours, il est n\u00e9cessaire d\u2019obtenir un visa d\u2019\u00e9tudes.<br \/>\nUne fr\u00e9quence de 20 heures\/le\u00e7ons par semaine est g\u00e9n\u00e9ralement requise.<\/p>\n<p>G\u00e9n\u00e9ralement, <strong>les documents requis<\/strong> sont les suivants :<\/p>\n<ul>\n<li>Passeport valide<\/li>\n<li>Documents fournis par l\u2019\u00e9cole Romit : certificat d\u2019inscription, lettre d\u2019invitation, facture et preuve de paiement, adresse du logement en Italie<\/li>\n<li>Couverture d\u2019assurance (\u00e0 demander au pays de provenance)<\/li>\n<li>Preuve de couverture financi\u00e8re<\/li>\n<li>Billet d\u2019avion A\/R<\/li>\n<\/ul>\n<p>L\u2019\u00e9cole Romit vous conseille tout de m\u00eame de vous rendre \u00e0 <strong>l\u2019Ambassade ou au Consulat italien<\/strong> le plus proche de chez vous afin de recevoir toutes les informations n\u00e9cessaires \u00e0 l\u2019obtention du visa, avant de commencer le processus d\u2019inscription.<\/p>\n<p>Pour l\u2019inscription aux cours et recevoir les documents, l\u2019\u00e9cole Romit vous demandera <strong>un acompte \u00e9quivalent \u00e0 50%<\/strong> du co\u00fbt total.<br \/>\nEn cas de refus du visa, si l\u2019\u00e9cole re\u00e7oit l\u2019annulation avant le d\u00e9but des cours, l\u2019\u00e9tudiant sera rembours\u00e9 de la totalit\u00e9 de la somme vers\u00e9e, moins les frais d\u2019inscription (100 euros).<br \/>\nLe remboursement sera effectu\u00e9 seulement si l\u2019\u00e9tudiant <strong>apporte la preuve du refus<\/strong> de la demande du visa, \u00e0 travers un document officiel de l\u2019Ambassade ou du Consulat italien de votre ville, sur lequel est sp\u00e9cifi\u00e9 la raison du refus. Il sera possible, toutefois, de postdater le d\u00e9but des cours.<\/p>\n<p id=\"tw-target-text\" class=\"tw-data-text tw-text-large tw-ta\" dir=\"ltr\" data-placeholder=\"Traduzione\"><span class=\"Y2IQFc\" lang=\"fr\">En cas d&rsquo;abandon du cours apr\u00e8s la d\u00e9livrance du visa, aucun remboursement de l&rsquo;acompte ne sera effectu\u00e9.<\/span><\/p>\n<p>Tarifs des cours de longue dur\u00e9e (valid\u00e9s par la demande du visa d\u2019\u00e9tudes):<\/p>\n<p>12 semaines: 1500 \u20ac<br \/>\n16 semaines: 1940 \u20ac<br \/>\n20 semaines: 2380 \u20ac<br \/>\n24 semaines: 2800 \u20ac<br \/>\n48 semaines: 5000 \u20ac<\/p>\n<\/div><div class=\"fusion-clearfix\"><\/div><\/div><\/div><\/div><\/div><div class=\"fusion-fullwidth fullwidth-box fusion-builder-row-2 nonhundred-percent-fullwidth non-hundred-percent-height-scrolling\" style=\"--awb-border-radius-top-left:0px;--awb-border-radius-top-right:0px;--awb-border-radius-bottom-right:0px;--awb-border-radius-bottom-left:0px;--awb-padding-right:20%;--awb-padding-left:20%;--awb-margin-bottom:80px;--awb-flex-wrap:wrap;\" ><div class=\"fusion-builder-row fusion-row\"><div class=\"fusion-layout-column fusion_builder_column fusion-builder-column-1 fusion_builder_column_1_1 1_1 fusion-one-full fusion-column-first fusion-column-last\" style=\"--awb-bg-size:cover;--awb-margin-bottom:60px;\"><div class=\"fusion-column-wrapper fusion-column-has-shadow fusion-flex-column-wrapper-legacy\"><div class=\"fusion-aligncenter\"><a class=\"fusion-button button-flat fusion-button-default-size button-default fusion-button-default button-1 fusion-button-default-span fusion-button-default-type\" target=\"_self\" href=\"https:\/\/scuolaromit.com\/fr\/inscription\/\"><span class=\"fusion-button-text awb-button__text awb-button__text--default\">Inscription cours intensifs pour visa d\u2019\u00e9tudes<\/span><\/a><\/div><div class=\"fusion-clearfix\"><\/div><\/div><\/div><\/div><\/div><\/p>\n","protected":false},"excerpt":{"rendered":"","protected":false},"author":1,"featured_media":0,"parent":0,"menu_order":0,"comment_status":"closed","ping_status":"closed","template":"","meta":{"footnotes":""},"class_list":["post-1027","page","type-page","status-publish","hentry"],"yoast_head":"<!-- This site is optimized with the Yoast SEO plugin v26.5 - https:\/\/yoast.com\/wordpress\/plugins\/seo\/ -->\n<title>Cours d\u2019italien pour visa d\u2019\u00e9tudes \u00e0 Rome - Scuola Romit<\/title>\n<meta name=\"robots\" content=\"index, follow, max-snippet:-1, max-image-preview:large, max-video-preview:-1\" \/>\n<link rel=\"canonical\" href=\"https:\/\/scuolaromit.com\/corso-intensivo-per-visto-di-studio\/\" \/>\n<meta property=\"og:locale\" content=\"fr_FR\" \/>\n<meta property=\"og:type\" content=\"article\" \/>\n<meta property=\"og:title\" content=\"Cours d\u2019italien pour visa d\u2019\u00e9tudes \u00e0 Rome - Scuola Romit\" \/>\n<meta property=\"og:url\" content=\"https:\/\/scuolaromit.com\/corso-intensivo-per-visto-di-studio\/\" \/>\n<meta property=\"og:site_name\" content=\"Scuola Romit\" \/>\n<meta property=\"article:publisher\" content=\"https:\/\/www.facebook.com\/ScuolaRomit\" \/>\n<meta property=\"article:modified_time\" content=\"2023-07-26T07:25:51+00:00\" \/>\n<meta name=\"twitter:card\" content=\"summary_large_image\" \/>\n<meta name=\"twitter:label1\" content=\"Dur\u00e9e de lecture estim\u00e9e\" \/>\n\t<meta name=\"twitter:data1\" content=\"6 minutes\" \/>\n<script type=\"application\/ld+json\" class=\"yoast-schema-graph\">{\"@context\":\"https:\/\/schema.org\",\"@graph\":[{\"@type\":\"WebPage\",\"@id\":\"https:\/\/scuolaromit.com\/corso-intensivo-per-visto-di-studio\/\",\"url\":\"https:\/\/scuolaromit.com\/corso-intensivo-per-visto-di-studio\/\",\"name\":\"Cours d\u2019italien pour visa d\u2019\u00e9tudes \u00e0 Rome - Scuola Romit\",\"isPartOf\":{\"@id\":\"https:\/\/scuolaromit.com\/fr\/#website\"},\"datePublished\":\"2020-07-07T13:45:44+00:00\",\"dateModified\":\"2023-07-26T07:25:51+00:00\",\"breadcrumb\":{\"@id\":\"https:\/\/scuolaromit.com\/corso-intensivo-per-visto-di-studio\/#breadcrumb\"},\"inLanguage\":\"fr-FR\",\"potentialAction\":[{\"@type\":\"ReadAction\",\"target\":[\"https:\/\/scuolaromit.com\/corso-intensivo-per-visto-di-studio\/\"]}]},{\"@type\":\"BreadcrumbList\",\"@id\":\"https:\/\/scuolaromit.com\/corso-intensivo-per-visto-di-studio\/#breadcrumb\",\"itemListElement\":[{\"@type\":\"ListItem\",\"position\":1,\"name\":\"Accueil\",\"item\":\"https:\/\/scuolaromit.com\/fr\/\"},{\"@type\":\"ListItem\",\"position\":2,\"name\":\"Cours pour visa d\u2019\u00e9tudes\"}]},{\"@type\":\"WebSite\",\"@id\":\"https:\/\/scuolaromit.com\/fr\/#website\",\"url\":\"https:\/\/scuolaromit.com\/fr\/\",\"name\":\"Scuola Romit\",\"description\":\"La scuola per imparare l&#039;italiano vivendolo\",\"publisher\":{\"@id\":\"https:\/\/scuolaromit.com\/fr\/#organization\"},\"potentialAction\":[{\"@type\":\"SearchAction\",\"target\":{\"@type\":\"EntryPoint\",\"urlTemplate\":\"https:\/\/scuolaromit.com\/fr\/?s={search_term_string}\"},\"query-input\":{\"@type\":\"PropertyValueSpecification\",\"valueRequired\":true,\"valueName\":\"search_term_string\"}}],\"inLanguage\":\"fr-FR\"},{\"@type\":\"Organization\",\"@id\":\"https:\/\/scuolaromit.com\/fr\/#organization\",\"name\":\"Scuola Romit\",\"url\":\"https:\/\/scuolaromit.com\/fr\/\",\"logo\":{\"@type\":\"ImageObject\",\"inLanguage\":\"fr-FR\",\"@id\":\"https:\/\/scuolaromit.com\/fr\/#\/schema\/logo\/image\/\",\"url\":\"https:\/\/scuolaromit.com\/wp-content\/uploads\/2020\/07\/logo-1.jpg\",\"contentUrl\":\"https:\/\/scuolaromit.com\/wp-content\/uploads\/2020\/07\/logo-1.jpg\",\"width\":452,\"height\":152,\"caption\":\"Scuola Romit\"},\"image\":{\"@id\":\"https:\/\/scuolaromit.com\/fr\/#\/schema\/logo\/image\/\"},\"sameAs\":[\"https:\/\/www.facebook.com\/ScuolaRomit\",\"https:\/\/www.instagram.com\/scuolaromit\/\"]}]}<\/script>\n<!-- \/ Yoast SEO plugin. -->","yoast_head_json":{"title":"Cours d\u2019italien pour visa d\u2019\u00e9tudes \u00e0 Rome - Scuola Romit","robots":{"index":"index","follow":"follow","max-snippet":"max-snippet:-1","max-image-preview":"max-image-preview:large","max-video-preview":"max-video-preview:-1"},"canonical":"https:\/\/scuolaromit.com\/corso-intensivo-per-visto-di-studio\/","og_locale":"fr_FR","og_type":"article","og_title":"Cours d\u2019italien pour visa d\u2019\u00e9tudes \u00e0 Rome - Scuola Romit","og_url":"https:\/\/scuolaromit.com\/corso-intensivo-per-visto-di-studio\/","og_site_name":"Scuola Romit","article_publisher":"https:\/\/www.facebook.com\/ScuolaRomit","article_modified_time":"2023-07-26T07:25:51+00:00","twitter_card":"summary_large_image","twitter_misc":{"Dur\u00e9e de lecture estim\u00e9e":"6 minutes"},"schema":{"@context":"https:\/\/schema.org","@graph":[{"@type":"WebPage","@id":"https:\/\/scuolaromit.com\/corso-intensivo-per-visto-di-studio\/","url":"https:\/\/scuolaromit.com\/corso-intensivo-per-visto-di-studio\/","name":"Cours d\u2019italien pour visa d\u2019\u00e9tudes \u00e0 Rome - Scuola Romit","isPartOf":{"@id":"https:\/\/scuolaromit.com\/fr\/#website"},"datePublished":"2020-07-07T13:45:44+00:00","dateModified":"2023-07-26T07:25:51+00:00","breadcrumb":{"@id":"https:\/\/scuolaromit.com\/corso-intensivo-per-visto-di-studio\/#breadcrumb"},"inLanguage":"fr-FR","potentialAction":[{"@type":"ReadAction","target":["https:\/\/scuolaromit.com\/corso-intensivo-per-visto-di-studio\/"]}]},{"@type":"BreadcrumbList","@id":"https:\/\/scuolaromit.com\/corso-intensivo-per-visto-di-studio\/#breadcrumb","itemListElement":[{"@type":"ListItem","position":1,"name":"Accueil","item":"https:\/\/scuolaromit.com\/fr\/"},{"@type":"ListItem","position":2,"name":"Cours pour visa d\u2019\u00e9tudes"}]},{"@type":"WebSite","@id":"https:\/\/scuolaromit.com\/fr\/#website","url":"https:\/\/scuolaromit.com\/fr\/","name":"Scuola Romit","description":"La scuola per imparare l&#039;italiano vivendolo","publisher":{"@id":"https:\/\/scuolaromit.com\/fr\/#organization"},"potentialAction":[{"@type":"SearchAction","target":{"@type":"EntryPoint","urlTemplate":"https:\/\/scuolaromit.com\/fr\/?s={search_term_string}"},"query-input":{"@type":"PropertyValueSpecification","valueRequired":true,"valueName":"search_term_string"}}],"inLanguage":"fr-FR"},{"@type":"Organization","@id":"https:\/\/scuolaromit.com\/fr\/#organization","name":"Scuola Romit","url":"https:\/\/scuolaromit.com\/fr\/","logo":{"@type":"ImageObject","inLanguage":"fr-FR","@id":"https:\/\/scuolaromit.com\/fr\/#\/schema\/logo\/image\/","url":"https:\/\/scuolaromit.com\/wp-content\/uploads\/2020\/07\/logo-1.jpg","contentUrl":"https:\/\/scuolaromit.com\/wp-content\/uploads\/2020\/07\/logo-1.jpg","width":452,"height":152,"caption":"Scuola Romit"},"image":{"@id":"https:\/\/scuolaromit.com\/fr\/#\/schema\/logo\/image\/"},"sameAs":["https:\/\/www.facebook.com\/ScuolaRomit","https:\/\/www.instagram.com\/scuolaromit\/"]}]}},"_links":{"self":[{"href":"https:\/\/scuolaromit.com\/fr\/wp-json\/wp\/v2\/pages\/1027","targetHints":{"allow":["GET"]}}],"collection":[{"href":"https:\/\/scuolaromit.com\/fr\/wp-json\/wp\/v2\/pages"}],"about":[{"href":"https:\/\/scuolaromit.com\/fr\/wp-json\/wp\/v2\/types\/page"}],"author":[{"embeddable":true,"href":"https:\/\/scuolaromit.com\/fr\/wp-json\/wp\/v2\/users\/1"}],"replies":[{"embeddable":true,"href":"https:\/\/scuolaromit.com\/fr\/wp-json\/wp\/v2\/comments?post=1027"}],"version-history":[{"count":16,"href":"https:\/\/scuolaromit.com\/fr\/wp-json\/wp\/v2\/pages\/1027\/revisions"}],"predecessor-version":[{"id":4855,"href":"https:\/\/scuolaromit.com\/fr\/wp-json\/wp\/v2\/pages\/1027\/revisions\/4855"}],"wp:attachment":[{"href":"https:\/\/scuolaromit.com\/fr\/wp-json\/wp\/v2\/media?parent=1027"}],"curies":[{"name":"wp","href":"https:\/\/api.w.org\/{rel}","templated":true}]}}