{"id":977,"date":"2020-07-05T09:45:08","date_gmt":"2020-07-05T07:45:08","guid":{"rendered":"http:\/\/test2020.scuolaromit.com\/corsi\/"},"modified":"2026-03-20T08:50:33","modified_gmt":"2026-03-20T07:50:33","slug":"cursos-de-italiano-en-roma","status":"publish","type":"page","link":"https:\/\/scuolaromit.com\/es\/cursos-de-italiano-en-roma\/","title":{"rendered":"Cursos"},"content":{"rendered":"<p><div class=\"fusion-fullwidth fullwidth-box fusion-builder-row-1 nonhundred-percent-fullwidth non-hundred-percent-height-scrolling\" style=\"--awb-border-radius-top-left:0px;--awb-border-radius-top-right:0px;--awb-border-radius-bottom-right:0px;--awb-border-radius-bottom-left:0px;--awb-padding-right:10%;--awb-padding-left:10%;--awb-margin-top:30px;--awb-margin-bottom:40px;--awb-flex-wrap:wrap;\" ><div class=\"fusion-builder-row fusion-row\"><div class=\"fusion-layout-column fusion_builder_column fusion-builder-column-0 fusion_builder_column_1_1 1_1 fusion-one-full fusion-column-first fusion-column-last\" style=\"--awb-bg-size:cover;\"><div class=\"fusion-column-wrapper fusion-column-has-shadow fusion-flex-column-wrapper-legacy\"><div class=\"fusion-text fusion-text-1\"><h1>Cursos de Italiano para extranjeros en Roma<\/h1>\n<p>Romit propone durante todo el a\u00f1o una amplia variedad de clases para aprender o mejorar el idioma, conocer mejor la cultura italiana, preparar ex\u00e1menes y divertirse y probar nuevas experiencias en Italia.<\/p>\n<p>En nuestros cursos el estudiante es el <strong>protagonista<\/strong> del proceso de aprendizaje del idioma: por eso nuestras clases se componen de un m\u00e1ximo de 14 estudiantes. De esta manera el profesor consigue seguir de cerca a cada estudiante, valorizando su proceso de aprendizaje e incentiv\u00e1ndolo paso a paso.<br \/>\nLas clases empiezan cada lunes y las horas\/clases son de 60 minutos.<\/p>\n<h3>Nuestro m\u00e9todo<\/h3>\n<p>Nuestros cursos se basan en un enfoque comunicativo-situacional, para que los estudiantes sean los protagonistas del proceso de aprendizaje. Las clases abordan tanto la gram\u00e1tica como la lectura, la comprensi\u00f3n oral, la expresi\u00f3n oral y escrita. Los profesores, cualificados y con experiencia plurianual, tratan siempre de estimular el di\u00e1logo y la comparaci\u00f3n sobre diferentes aspectos de la cultura y de la sociedad italiana y de otros pa\u00edses.<\/p>\n<p>Las clases son muy <strong>din\u00e1micas y divertidas<\/strong>. Los profesores eligen con cuidado el material aut\u00e9ntico que presentar\u00e1n a los estudiantes.<br \/>\nDespu\u00e9s de las lecciones, la escuela organiza diferentes actividades como la proyecci\u00f3n de pel\u00edculas italianas con subt\u00edtulos en italiano, visitas guiadas a lugares de inter\u00e9s hist\u00f3rico y art\u00edstico con nuestros expertos en historia del arte, encuentros entre italianos y extranjeros para practicar idiomas y cenas en restaurantes t\u00edpicos de Roma. Para saber m\u00e1s, visita la p\u00e1gina <a href=\"https:\/\/scuolaromit.com\/es\/actividades\/\">Actividades despu\u00e9s de clase<\/a>.<\/p>\n<\/div><div class=\"fusion-clearfix\"><\/div><\/div><\/div><\/div><\/div><div class=\"fusion-fullwidth fullwidth-box fusion-builder-row-2 nonhundred-percent-fullwidth non-hundred-percent-height-scrolling\" style=\"--awb-border-radius-top-left:0px;--awb-border-radius-top-right:0px;--awb-border-radius-bottom-right:0px;--awb-border-radius-bottom-left:0px;--awb-padding-right:5%;--awb-padding-left:5%;--awb-margin-bottom:80px;--awb-flex-wrap:wrap;\" ><div class=\"fusion-builder-row fusion-row\"><div class=\"fusion-layout-column fusion_builder_column fusion-builder-column-1 fusion_builder_column_1_1 1_1 fusion-one-full fusion-column-first fusion-column-last\" style=\"--awb-bg-size:cover;\"><div class=\"fusion-column-wrapper fusion-column-has-shadow fusion-flex-column-wrapper-legacy\"><div class=\"accordian fusion-accordian\" style=\"--awb-border-size:1px;--awb-icon-size:16px;--awb-content-font-size:16px;--awb-icon-alignment:left;--awb-hover-color:#f7f7f7;--awb-border-color:#9ebf43;--awb-background-color:#ffffff;--awb-divider-color:#e0dede;--awb-divider-hover-color:#e0dede;--awb-icon-color:#f2f2f2;--awb-title-color:#ff9800;--awb-content-color:#747474;--awb-icon-box-color:#333333;--awb-toggle-hover-accent-color:#65bc7b;--awb-title-font-family:&quot;Open Sans&quot;;--awb-title-font-weight:400;--awb-title-font-style:normal;--awb-content-font-family:&quot;Open Sans&quot;;--awb-content-font-style:normal;--awb-content-font-weight:400;\"><div class=\"panel-group fusion-toggle-icon-boxed\" id=\"accordion-977-1\"><div class=\"fusion-panel panel-default panel-e10d7dd3ca2d58867 fusion-toggle-no-divider fusion-toggle-boxed-mode\" style=\"--awb-title-color:#ff9800;--awb-content-color:#747474;\"><div class=\"panel-heading\"><h4 class=\"panel-title toggle\" id=\"toggle_e10d7dd3ca2d58867\"><a aria-expanded=\"false\" aria-controls=\"e10d7dd3ca2d58867\" role=\"button\" data-toggle=\"collapse\" data-target=\"#e10d7dd3ca2d58867\" href=\"#e10d7dd3ca2d58867\"><span class=\"fusion-toggle-icon-wrapper\" aria-hidden=\"true\"><i class=\"fa-fusion-box active-icon awb-icon-minus\" aria-hidden=\"true\"><\/i><i class=\"fa-fusion-box inactive-icon awb-icon-plus\" aria-hidden=\"true\"><\/i><\/span><span class=\"fusion-toggle-heading\">Curso de italiano intensivo<\/span><\/a><\/h4><\/div><div id=\"e10d7dd3ca2d58867\" class=\"panel-collapse collapse \" aria-labelledby=\"toggle_e10d7dd3ca2d58867\"><div class=\"panel-body toggle-content fusion-clearfix\">\n<div style=\"width: 70%; float: left; padding-right: 5px;\">\n<p>\u00bfQuieres vivir una inmersi\u00f3n total en el idioma italiano? Nuestro curso de italiano intensivo te ofrece la posibilidad de aprender<strong> italiano<\/strong>, conocer todos los aspectos de nuestra cultura y familiarizarte con <strong>Roma<\/strong>.<\/p>\n<p>Las clases son de lunes a viernes, por la ma\u00f1ana o por la tarde, de tres horas al d\u00eda.<\/p>\n<ul>\n<li>Clases: tres horas al d\u00eda, normalmente por la ma\u00f1ana<\/li>\n<li>Niveles: principiante, intermedio, avanzado<\/li>\n<li>Horario: 9.30\/12.45<\/li>\n<\/ul>\n<p>Para obtener m\u00e1s informaci\u00f3n, visita la p\u00e1gina dedicada al <a href=\"\/es\/cursos-de-italiano-intensivos\/\">Curso de Italiano Intensivo<\/a><\/p>\n<\/div>\n<div style=\"width: 27%; float: left; padding-left: 5px; border-left: 1px solid #CCCCCC; text-align: center; margin-left: 5px;\">\n<h3 style=\"text-align: center;\">Precios<\/h3>\n<p style=\"text-align: center;\">1 semana: 150 \u20ac<br \/>\n2 semanas: 290 \u20ac<br \/>\n3 semanas: 420 \u20ac<br \/>\n4 semanas: 540 \u20ac<br \/>\nSemana adicional: 120 \u20ac<\/p>\n<p>Cuota de inscripci\u00f3n: 50 Euros (v\u00e1lida para siempre) incluye libro y material did\u00e1ctico.<\/p>\n<\/div>\n<\/div><\/div><\/div><div class=\"fusion-panel panel-default panel-32934a7ad98ce63b6 fusion-toggle-no-divider fusion-toggle-boxed-mode\" style=\"--awb-title-color:#ff9800;--awb-content-color:#747474;\"><div class=\"panel-heading\"><h4 class=\"panel-title toggle\" id=\"toggle_32934a7ad98ce63b6\"><a aria-expanded=\"false\" aria-controls=\"32934a7ad98ce63b6\" role=\"button\" data-toggle=\"collapse\" data-target=\"#32934a7ad98ce63b6\" href=\"#32934a7ad98ce63b6\"><span class=\"fusion-toggle-icon-wrapper\" aria-hidden=\"true\"><i class=\"fa-fusion-box active-icon awb-icon-minus\" aria-hidden=\"true\"><\/i><i class=\"fa-fusion-box inactive-icon awb-icon-plus\" aria-hidden=\"true\"><\/i><\/span><span class=\"fusion-toggle-heading\">Curso de italiano por la tarde<\/span><\/a><\/h4><\/div><div id=\"32934a7ad98ce63b6\" class=\"panel-collapse collapse \" aria-labelledby=\"toggle_32934a7ad98ce63b6\"><div class=\"panel-body toggle-content fusion-clearfix\">\n<div style=\"width: 70%; float: left;\">\n<p>\u00bfEst\u00e1s en Roma por estudio o trabajo? \u00bfQuieres mejorar tu italiano? Nuestros cursos extensivos est\u00e1n pensados especialmente para extranjeros que no tienen la posibilidad o la necesidad de asistir a diario pero que, <strong>optimizando su tiempo,<\/strong> desean avanzar con su italiano. Los horarios son flexibles e incluyen tambi\u00e9n las horas de la tarde.<\/p>\n<ul>\n<li>Duraci\u00f3n: m\u00ednimo un mes<\/li>\n<li>Clases: dos veces por semana, 1.30 horas cada una<\/li>\n<li>Niveles: principiante, intermedio, avanzado<\/li>\n<li>Horario: flexible, por la tarde (18.00-19.30)<\/li>\n<li>M\u00e1ximo: 12 estudiantes por clase<\/li>\n<\/ul>\n<p>Para obtener m\u00e1s informaci\u00f3n, visita la p\u00e1gina dedicada al <a href=\"\/es\/cursos-de-italiano-por-la-tarde\/\">Curso de italiano por la tarde<\/a><\/p>\n<\/div>\n<div style=\"width: 27%; float: left; padding-left: 7px; border-left: 1px solid #CCCCCC; text-align: center; margin-left: 7px;\">\n<h3 style=\"text-align: center;\">Precios<\/h3>\n<p style=\"text-align: center;\">4 semanas: 140 \u20ac<br \/>\n8 semanas: 270 \u20ac<br \/>\n12 semanas: 390 \u20ac<\/p>\n<p>Cuota de inscripci\u00f3n: 50 Euros (v\u00e1lida para siempre) incluye libro y material did\u00e1ctico.<\/p>\n<\/div>\n<\/div><\/div><\/div><div class=\"fusion-panel panel-default panel-7ac77182dede009a4 fusion-toggle-no-divider fusion-toggle-boxed-mode\"><div class=\"panel-heading\"><h4 class=\"panel-title toggle\" id=\"toggle_7ac77182dede009a4\"><a aria-expanded=\"false\" aria-controls=\"7ac77182dede009a4\" role=\"button\" data-toggle=\"collapse\" data-target=\"#7ac77182dede009a4\" href=\"#7ac77182dede009a4\"><span class=\"fusion-toggle-icon-wrapper\" aria-hidden=\"true\"><i class=\"fa-fusion-box active-icon awb-icon-minus\" aria-hidden=\"true\"><\/i><i class=\"fa-fusion-box inactive-icon awb-icon-plus\" aria-hidden=\"true\"><\/i><\/span><span class=\"fusion-toggle-heading\">Italiano online<\/span><\/a><\/h4><\/div><div id=\"7ac77182dede009a4\" class=\"panel-collapse collapse \" aria-labelledby=\"toggle_7ac77182dede009a4\"><div class=\"panel-body toggle-content fusion-clearfix\">\n<div style=\"width: 70%; float: left;\">\n<p>Scuola Romit propone clases dividuales online para todos los niveles.<br \/>\nSe necesita s\u00f3lo skype o gmail y es posible aprender el italiano de manera confortable desde tu casa o tu trabajo.<\/p>\n<ul>\n<li>Clases individuales: a acordar.<\/li>\n<\/ul>\n<p>Para obtener m\u00e1s informaci\u00f3n, visita la p\u00e1gina dedicada al <a href=\"\/es\/cursos-de-italiano-online\/\">Curso de Italiano Online.<\/a><\/p>\n<\/div>\n<div style=\"width: 27%; float: left; padding-left: 5px; border-left: 1px solid #CCCCCC; text-align: center; margin-left: 5px;\">\n<h3 style=\"text-align: center;\">Clases online particulares<\/h3>\n<p style=\"text-align: center;\">1 clase (60 minutos): 35 \u20ac<br \/>\n10 clases: 330 \u20ac<\/p>\n<\/div>\n<\/div><\/div><\/div><div class=\"fusion-panel panel-default panel-d582651c4c01a4ae1 fusion-toggle-no-divider fusion-toggle-boxed-mode\"><div class=\"panel-heading\"><h4 class=\"panel-title toggle\" id=\"toggle_d582651c4c01a4ae1\"><a aria-expanded=\"false\" aria-controls=\"d582651c4c01a4ae1\" role=\"button\" data-toggle=\"collapse\" data-target=\"#d582651c4c01a4ae1\" href=\"#d582651c4c01a4ae1\"><span class=\"fusion-toggle-icon-wrapper\" aria-hidden=\"true\"><i class=\"fa-fusion-box active-icon awb-icon-minus\" aria-hidden=\"true\"><\/i><i class=\"fa-fusion-box inactive-icon awb-icon-plus\" aria-hidden=\"true\"><\/i><\/span><span class=\"fusion-toggle-heading\">Clases individuales<\/span><\/a><\/h4><\/div><div id=\"d582651c4c01a4ae1\" class=\"panel-collapse collapse \" aria-labelledby=\"toggle_d582651c4c01a4ae1\"><div class=\"panel-body toggle-content fusion-clearfix\">\n<div style=\"width: 70%; float: left;\">\n<p>\u00bfQuieres clases a tu medida? Opta por realizar lecciones individuales o en un mini grupo de dos o tres personas. O bien, si sumas al curso de italiano intensivo una clase individual diaria, tendr\u00e1s un descuento especial! El horario y lugar de las clases individuales se acuerdan en cada caso.<\/p>\n<ul>\n<li>Lecciones para todos los niveles<\/li>\n<li>En caso de clases fuera de la escuela o a domicilio, se suma el costo complementario del viaje.<\/li>\n<\/ul>\n<p>Para obtener m\u00e1s informaci\u00f3n, visite la p\u00e1gina dedicada a las <a href=\"\/es\/clases-particulares-de-italiano\/\">Clases Individuales<\/a><\/p>\n<\/div>\n<div style=\"width: 27%; float: left; padding-left: 5px; border-left: 1px solid #CCCCCC; text-align: center; margin-left: 5px;\">\n<h3 style=\"text-align: center;\">Precios<\/h3>\n<p style=\"text-align: center;\">1 clase (60 minutos): 35 \u20ac<br \/>\n10 clases: 330 \u20ac<\/p>\n<\/div>\n<\/div><\/div><\/div><div class=\"fusion-panel panel-default panel-68e366330daac6967 fusion-toggle-no-divider fusion-toggle-boxed-mode\"><div class=\"panel-heading\"><h4 class=\"panel-title toggle\" id=\"toggle_68e366330daac6967\"><a aria-expanded=\"false\" aria-controls=\"68e366330daac6967\" role=\"button\" data-toggle=\"collapse\" data-target=\"#68e366330daac6967\" href=\"#68e366330daac6967\"><span class=\"fusion-toggle-icon-wrapper\" aria-hidden=\"true\"><i class=\"fa-fusion-box active-icon awb-icon-minus\" aria-hidden=\"true\"><\/i><i class=\"fa-fusion-box inactive-icon awb-icon-plus\" aria-hidden=\"true\"><\/i><\/span><span class=\"fusion-toggle-heading\">Curso intensivo v\u00e1lido para la visa de estudiante<\/span><\/a><\/h4><\/div><div id=\"68e366330daac6967\" class=\"panel-collapse collapse \" aria-labelledby=\"toggle_68e366330daac6967\"><div class=\"panel-body toggle-content fusion-clearfix\">\n<div style=\"width: 70%; float: left;\">\n<p>Scuola Romit ofrece una asistencia completa a quienes necesiten obtener una <strong>visa de estudiante.<\/strong><\/p>\n<p>Para los ciudadanos que no pertenecen a la Uni\u00f3n Europea y que quieran estudiar en Italia, la visa de turismo es v\u00e1lida s\u00f3lo por 90 d\u00edas. Para quedarse m\u00e1s de 90 d\u00edas en Italia es necesario obtener una visa de estudiante.<\/p>\n<p>Usualmente se necesita demostrar la concurrencia a un curso de 20 horas\/clases semanales.<\/p>\n<p>Para obtener m\u00e1s informaci\u00f3n, visita la p\u00e1gina dedicada al <a href=\"\/es\/cursos-de-italiano-con-visado-de-estudios\/\">Curso Intensivo para Visa de Estudiante<\/a><\/p>\n<\/div>\n<div style=\"width: 27%; float: left; padding-left: 5px; border-left: 1px solid #CCCCCC; text-align: center; margin-left: 5px;\">\n<p style=\"text-align: center;\"><strong>Precios<\/strong><\/p>\n<p style=\"text-align: center;\">12 semanas: 1500 \u20ac<br \/>\n16 semanas: 1940 \u20ac<br \/>\n20 semanas: 2380 \u20ac<br \/>\n24 semanas: 2800 \u20ac<br \/>\n48 semanas: 5000 \u20ac<\/p>\n<\/div>\n<\/div><\/div><\/div><div class=\"fusion-panel panel-default panel-0b40a2309a094b69d fusion-toggle-no-divider fusion-toggle-boxed-mode\"><div class=\"panel-heading\"><h4 class=\"panel-title toggle\" id=\"toggle_0b40a2309a094b69d\"><a aria-expanded=\"false\" aria-controls=\"0b40a2309a094b69d\" role=\"button\" data-toggle=\"collapse\" data-target=\"#0b40a2309a094b69d\" href=\"#0b40a2309a094b69d\"><span class=\"fusion-toggle-icon-wrapper\" aria-hidden=\"true\"><i class=\"fa-fusion-box active-icon awb-icon-minus\" aria-hidden=\"true\"><\/i><i class=\"fa-fusion-box inactive-icon awb-icon-plus\" aria-hidden=\"true\"><\/i><\/span><span class=\"fusion-toggle-heading\">Preparaci\u00f3n para los ex\u00e1menes Cils, Plida y Celi<\/span><\/a><\/h4><\/div><div id=\"0b40a2309a094b69d\" class=\"panel-collapse collapse \" aria-labelledby=\"toggle_0b40a2309a094b69d\"><div class=\"panel-body toggle-content fusion-clearfix\">\n<div style=\"width: 70%; float: left; padding-right: 5px;\">\n<p>\u00bfNecesitas un certificado oficial de conocimiento del idioma italiano para tu trabajo o para buscarlo? Romit te ayuda en la preparaci\u00f3n de los ex\u00e1menes de <strong>certificaci\u00f3n<\/strong> llegando al nivel m\u00e1s adecuado para ti. Puedes seguir cursos de grupo o clases individuales con profesores que tienen experiencia directa en la correcci\u00f3n de las pruebas.<\/p>\n<ul>\n<li>Clases para todos los niveles del Marco Com\u00fan Europeo<\/li>\n<li>Posibilidad de pasar de un nivel al siguiente, con un programa personalizado seg\u00fan la situaci\u00f3n y las exigencias del estudiante.<\/li>\n<\/ul>\n<p>Para obtener m\u00e1s informaci\u00f3n, visita la p\u00e1gina dedicada al <a href=\"\/es\/cursos-de-preparacion-cils-plida-celi\/\">Curso de preparaci\u00f3n de los Ex\u00e1menes Cils, Plida y Cel<\/a>i<\/p>\n<\/div>\n<div style=\"width: 27%; float: left; padding-left: 5px; border-left: 1px solid #CCCCCC; text-align: center; margin-left: 5px;\">\n<h3 style=\"text-align: center;\">Precios<\/h3>\n<p style=\"text-align: center;\">1 clase (60 minutos): 35 \u20ac<br \/>\n10 clases: 300 \u20ac<\/p>\n<\/div>\n<\/div><\/div><\/div><div class=\"fusion-panel panel-default panel-737343c2b2b34b878 fusion-toggle-no-divider fusion-toggle-boxed-mode\"><div class=\"panel-heading\"><h4 class=\"panel-title toggle\" id=\"toggle_737343c2b2b34b878\"><a aria-expanded=\"false\" aria-controls=\"737343c2b2b34b878\" role=\"button\" data-toggle=\"collapse\" data-target=\"#737343c2b2b34b878\" href=\"#737343c2b2b34b878\"><span class=\"fusion-toggle-icon-wrapper\" aria-hidden=\"true\"><i class=\"fa-fusion-box active-icon awb-icon-minus\" aria-hidden=\"true\"><\/i><i class=\"fa-fusion-box inactive-icon awb-icon-plus\" aria-hidden=\"true\"><\/i><\/span><span class=\"fusion-toggle-heading\">Curso de historia del arte<\/span><\/a><\/h4><\/div><div id=\"737343c2b2b34b878\" class=\"panel-collapse collapse \" aria-labelledby=\"toggle_737343c2b2b34b878\"><div class=\"panel-body toggle-content fusion-clearfix\">\n<div style=\"width: 70%; float: left;\">\n<p>Roma se conoce como \u201c<strong>la ciudad eterna<\/strong>\u201d: sus maravillas art\u00edsticas y arquitect\u00f3nicas se han sobrepuesto durante los siglos creando un escenario \u00fanico, un verdadero museo a ojos abiertos.<\/p>\n<p>Si deseas descubrir el arte de Roma y verlo con una mirada m\u00e1s consciente, Romit te ofrece su curso de historia del arte: descubrir\u00e1s <strong>\u00e1reas y monumentos<\/strong> que no se encuentran en gu\u00edas tur\u00edsticas, ser\u00e1s capaz de reconocer las expresiones art\u00edsticas t\u00edpicas de los diferentes per\u00edodos hist\u00f3ricos y despu\u00e9s podr\u00e1s contar muchas <strong>an\u00e9cdotas e historias<\/strong> del gran pasado de la capital.<\/p>\n<ul>\n<li>Duraci\u00f3n del curso: 2 semanas<\/li>\n<li>Clases: de lunes a viernes<\/li>\n<li>Horario: 13:00-14:00<\/li>\n<li>Visitas guiadas en las tardes o s\u00e1bados<\/li>\n<\/ul>\n<p>Para obtener m\u00e1s informaci\u00f3n, visita la p\u00e1gina dedicada al <a href=\"\/es\/cursos-de-historia-del-arte\/\">Curso de Historia del Arte<\/a><\/p>\n<\/div>\n<div style=\"width: 27%; float: left; padding-left: 5px; border-left: 1px solid #CCCCCC; text-align: center; margin-left: 5px;\">\n<h3 style=\"text-align: center;\">Precios<\/h3>\n<p style=\"text-align: center;\">1 Semana: 100 \u20ac<br \/>\n2 Semanas: 180 \u20ac<\/p>\n<\/div>\n<\/div><\/div><\/div><\/div><\/div><div class=\"fusion-clearfix\"><\/div><\/div><\/div><\/div><\/div><\/p>\n","protected":false},"excerpt":{"rendered":"","protected":false},"author":1,"featured_media":0,"parent":0,"menu_order":0,"comment_status":"closed","ping_status":"closed","template":"","meta":{"footnotes":""},"class_list":["post-977","page","type-page","status-publish","hentry"],"yoast_head":"<!-- This site is optimized with the Yoast SEO plugin v26.5 - https:\/\/yoast.com\/wordpress\/plugins\/seo\/ -->\n<title>Cursos de Italiano para extranjeros en Roma - Scuola Romit<\/title>\n<meta name=\"robots\" content=\"index, follow, max-snippet:-1, max-image-preview:large, max-video-preview:-1\" \/>\n<link rel=\"canonical\" href=\"https:\/\/scuolaromit.com\/es\/cursos-de-italiano-en-roma\/\" \/>\n<meta property=\"og:locale\" content=\"es_ES\" \/>\n<meta property=\"og:type\" content=\"article\" \/>\n<meta property=\"og:title\" content=\"Cursos de Italiano para extranjeros en Roma - Scuola Romit\" \/>\n<meta property=\"og:url\" content=\"https:\/\/scuolaromit.com\/es\/cursos-de-italiano-en-roma\/\" \/>\n<meta property=\"og:site_name\" content=\"Scuola Romit\" \/>\n<meta property=\"article:publisher\" content=\"https:\/\/www.facebook.com\/ScuolaRomit\" \/>\n<meta property=\"article:modified_time\" content=\"2026-03-20T07:50:33+00:00\" \/>\n<meta name=\"twitter:card\" content=\"summary_large_image\" \/>\n<meta name=\"twitter:label1\" content=\"Tiempo de lectura\" \/>\n\t<meta name=\"twitter:data1\" content=\"11 minutos\" \/>\n<script type=\"application\/ld+json\" class=\"yoast-schema-graph\">{\"@context\":\"https:\/\/schema.org\",\"@graph\":[{\"@type\":\"WebPage\",\"@id\":\"https:\/\/scuolaromit.com\/es\/cursos-de-italiano-en-roma\/\",\"url\":\"https:\/\/scuolaromit.com\/es\/cursos-de-italiano-en-roma\/\",\"name\":\"Cursos de Italiano para extranjeros en Roma - Scuola Romit\",\"isPartOf\":{\"@id\":\"https:\/\/scuolaromit.com\/fr\/#website\"},\"datePublished\":\"2020-07-05T07:45:08+00:00\",\"dateModified\":\"2026-03-20T07:50:33+00:00\",\"breadcrumb\":{\"@id\":\"https:\/\/scuolaromit.com\/es\/cursos-de-italiano-en-roma\/#breadcrumb\"},\"inLanguage\":\"es\",\"potentialAction\":[{\"@type\":\"ReadAction\",\"target\":[\"https:\/\/scuolaromit.com\/es\/cursos-de-italiano-en-roma\/\"]}]},{\"@type\":\"BreadcrumbList\",\"@id\":\"https:\/\/scuolaromit.com\/es\/cursos-de-italiano-en-roma\/#breadcrumb\",\"itemListElement\":[{\"@type\":\"ListItem\",\"position\":1,\"name\":\"Accueil\",\"item\":\"https:\/\/scuolaromit.com\/es\/\"},{\"@type\":\"ListItem\",\"position\":2,\"name\":\"Cursos\"}]},{\"@type\":\"WebSite\",\"@id\":\"https:\/\/scuolaromit.com\/fr\/#website\",\"url\":\"https:\/\/scuolaromit.com\/fr\/\",\"name\":\"Scuola Romit\",\"description\":\"La scuola per imparare l&#039;italiano vivendolo\",\"publisher\":{\"@id\":\"https:\/\/scuolaromit.com\/fr\/#organization\"},\"potentialAction\":[{\"@type\":\"SearchAction\",\"target\":{\"@type\":\"EntryPoint\",\"urlTemplate\":\"https:\/\/scuolaromit.com\/fr\/?s={search_term_string}\"},\"query-input\":{\"@type\":\"PropertyValueSpecification\",\"valueRequired\":true,\"valueName\":\"search_term_string\"}}],\"inLanguage\":\"es\"},{\"@type\":\"Organization\",\"@id\":\"https:\/\/scuolaromit.com\/fr\/#organization\",\"name\":\"Scuola Romit\",\"url\":\"https:\/\/scuolaromit.com\/fr\/\",\"logo\":{\"@type\":\"ImageObject\",\"inLanguage\":\"es\",\"@id\":\"https:\/\/scuolaromit.com\/fr\/#\/schema\/logo\/image\/\",\"url\":\"https:\/\/scuolaromit.com\/wp-content\/uploads\/2020\/07\/logo-1.jpg\",\"contentUrl\":\"https:\/\/scuolaromit.com\/wp-content\/uploads\/2020\/07\/logo-1.jpg\",\"width\":452,\"height\":152,\"caption\":\"Scuola Romit\"},\"image\":{\"@id\":\"https:\/\/scuolaromit.com\/fr\/#\/schema\/logo\/image\/\"},\"sameAs\":[\"https:\/\/www.facebook.com\/ScuolaRomit\",\"https:\/\/www.instagram.com\/scuolaromit\/\"]}]}<\/script>\n<!-- \/ Yoast SEO plugin. -->","yoast_head_json":{"title":"Cursos de Italiano para extranjeros en Roma - Scuola Romit","robots":{"index":"index","follow":"follow","max-snippet":"max-snippet:-1","max-image-preview":"max-image-preview:large","max-video-preview":"max-video-preview:-1"},"canonical":"https:\/\/scuolaromit.com\/es\/cursos-de-italiano-en-roma\/","og_locale":"es_ES","og_type":"article","og_title":"Cursos de Italiano para extranjeros en Roma - Scuola Romit","og_url":"https:\/\/scuolaromit.com\/es\/cursos-de-italiano-en-roma\/","og_site_name":"Scuola Romit","article_publisher":"https:\/\/www.facebook.com\/ScuolaRomit","article_modified_time":"2026-03-20T07:50:33+00:00","twitter_card":"summary_large_image","twitter_misc":{"Tiempo de lectura":"11 minutos"},"schema":{"@context":"https:\/\/schema.org","@graph":[{"@type":"WebPage","@id":"https:\/\/scuolaromit.com\/es\/cursos-de-italiano-en-roma\/","url":"https:\/\/scuolaromit.com\/es\/cursos-de-italiano-en-roma\/","name":"Cursos de Italiano para extranjeros en Roma - Scuola Romit","isPartOf":{"@id":"https:\/\/scuolaromit.com\/fr\/#website"},"datePublished":"2020-07-05T07:45:08+00:00","dateModified":"2026-03-20T07:50:33+00:00","breadcrumb":{"@id":"https:\/\/scuolaromit.com\/es\/cursos-de-italiano-en-roma\/#breadcrumb"},"inLanguage":"es","potentialAction":[{"@type":"ReadAction","target":["https:\/\/scuolaromit.com\/es\/cursos-de-italiano-en-roma\/"]}]},{"@type":"BreadcrumbList","@id":"https:\/\/scuolaromit.com\/es\/cursos-de-italiano-en-roma\/#breadcrumb","itemListElement":[{"@type":"ListItem","position":1,"name":"Accueil","item":"https:\/\/scuolaromit.com\/es\/"},{"@type":"ListItem","position":2,"name":"Cursos"}]},{"@type":"WebSite","@id":"https:\/\/scuolaromit.com\/fr\/#website","url":"https:\/\/scuolaromit.com\/fr\/","name":"Scuola Romit","description":"La scuola per imparare l&#039;italiano vivendolo","publisher":{"@id":"https:\/\/scuolaromit.com\/fr\/#organization"},"potentialAction":[{"@type":"SearchAction","target":{"@type":"EntryPoint","urlTemplate":"https:\/\/scuolaromit.com\/fr\/?s={search_term_string}"},"query-input":{"@type":"PropertyValueSpecification","valueRequired":true,"valueName":"search_term_string"}}],"inLanguage":"es"},{"@type":"Organization","@id":"https:\/\/scuolaromit.com\/fr\/#organization","name":"Scuola Romit","url":"https:\/\/scuolaromit.com\/fr\/","logo":{"@type":"ImageObject","inLanguage":"es","@id":"https:\/\/scuolaromit.com\/fr\/#\/schema\/logo\/image\/","url":"https:\/\/scuolaromit.com\/wp-content\/uploads\/2020\/07\/logo-1.jpg","contentUrl":"https:\/\/scuolaromit.com\/wp-content\/uploads\/2020\/07\/logo-1.jpg","width":452,"height":152,"caption":"Scuola Romit"},"image":{"@id":"https:\/\/scuolaromit.com\/fr\/#\/schema\/logo\/image\/"},"sameAs":["https:\/\/www.facebook.com\/ScuolaRomit","https:\/\/www.instagram.com\/scuolaromit\/"]}]}},"_links":{"self":[{"href":"https:\/\/scuolaromit.com\/es\/wp-json\/wp\/v2\/pages\/977","targetHints":{"allow":["GET"]}}],"collection":[{"href":"https:\/\/scuolaromit.com\/es\/wp-json\/wp\/v2\/pages"}],"about":[{"href":"https:\/\/scuolaromit.com\/es\/wp-json\/wp\/v2\/types\/page"}],"author":[{"embeddable":true,"href":"https:\/\/scuolaromit.com\/es\/wp-json\/wp\/v2\/users\/1"}],"replies":[{"embeddable":true,"href":"https:\/\/scuolaromit.com\/es\/wp-json\/wp\/v2\/comments?post=977"}],"version-history":[{"count":32,"href":"https:\/\/scuolaromit.com\/es\/wp-json\/wp\/v2\/pages\/977\/revisions"}],"predecessor-version":[{"id":5478,"href":"https:\/\/scuolaromit.com\/es\/wp-json\/wp\/v2\/pages\/977\/revisions\/5478"}],"wp:attachment":[{"href":"https:\/\/scuolaromit.com\/es\/wp-json\/wp\/v2\/media?parent=977"}],"curies":[{"name":"wp","href":"https:\/\/api.w.org\/{rel}","templated":true}]}}