{"id":1194,"date":"2020-07-05T09:46:24","date_gmt":"2020-07-05T07:46:24","guid":{"rendered":"http:\/\/test2020.scuolaromit.com\/dove-allogiare\/"},"modified":"2024-01-30T14:03:24","modified_gmt":"2024-01-30T13:03:24","slug":"alojamiento","status":"publish","type":"page","link":"https:\/\/scuolaromit.com\/es\/alojamiento\/","title":{"rendered":"Alojamiento"},"content":{"rendered":"<div class=\"fusion-fullwidth fullwidth-box fusion-builder-row-1 nonhundred-percent-fullwidth non-hundred-percent-height-scrolling\" style=\"--awb-border-radius-top-left:0px;--awb-border-radius-top-right:0px;--awb-border-radius-bottom-right:0px;--awb-border-radius-bottom-left:0px;--awb-padding-right:0%;--awb-padding-left:10%;--awb-margin-top:50px;--awb-margin-bottom:50px;--awb-flex-wrap:wrap;\" ><div class=\"fusion-builder-row fusion-row\"><div class=\"fusion-layout-column fusion_builder_column fusion-builder-column-0 fusion_builder_column_1_1 1_1 fusion-one-full fusion-column-first fusion-column-last\" style=\"--awb-bg-size:cover;\"><div class=\"fusion-column-wrapper fusion-column-has-shadow fusion-flex-column-wrapper-legacy\"><div class=\"fusion-text fusion-text-1\"><h1>Alojamiento<\/h1>\n<p>Romit te ayuda a buscar un alojamiento en familia, apartamento compartido o independiente. Nuestros apartamentos se encuentran en el centro de la ciudad o en barrios tranquilos y bien conectados mediante transporte p\u00fablico a la escuela.<\/p>\n<p id=\"tw-target-text\" class=\"tw-data-text tw-text-large tw-ta\" dir=\"ltr\" data-placeholder=\"Traduzione\"><span class=\"Y2IQFc\" lang=\"es\">Romit ayuda a encontrar alojamiento si la inscripci\u00f3n se realiza con suficiente antelaci\u00f3n a la fecha de inicio del curso. De lo contrario, no garantizamos la disponibilidad de un alojamiento.<\/span><\/p>\n<table style=\"border: 0px none;\" width=\"100%\">\n<tbody>\n<tr>\n<td><strong>TIPO DE ALOJAMIENTO<\/strong><\/td>\n<td>\n<p style=\"text-align: center;\"><strong>PRECIO AL DIA (1 SEMANA)<\/strong><\/p>\n<\/td>\n<td>\n<p style=\"text-align: center;\"><strong>PRECIO AL DIA (2 O M\u00c1S SEMANAS)<\/strong><\/p>\n<\/td>\n<\/tr>\n<tr>\n<td><strong> \u00a0Piso compartido<\/strong><br \/>\n<strong>(centro)<\/strong><\/td>\n<td style=\"text-align: center;\">Individual: \u20ac 45<br \/>\nDoble: \u20ac 38<\/td>\n<td style=\"text-align: center;\">Individual: \u20ac 35<br \/>\nDoble: \u20ac 28<\/td>\n<\/tr>\n<tr style=\"background-color: #eeeeee;\">\n<td><strong>Familia con desayuno<\/strong><\/td>\n<td style=\"text-align: center;\">Individual: \u20ac 50<br \/>\nDoble: \u20ac 43<\/td>\n<td style=\"text-align: center;\">Individual: \u20ac 40<br \/>\nDoble: \u20ac 33<\/td>\n<\/tr>\n<tr>\n<td><strong>Familia con media pensi\u00f3n<\/strong><br \/>\n<strong>(desayuno-cena)<\/strong><\/td>\n<td style=\"text-align: center;\">Individual: \u20ac 66<br \/>\nDoble: \u20ac 59<\/td>\n<td style=\"text-align: center;\">Individual: \u20ac 56<br \/>\nDoble: \u20ac 49<\/td>\n<\/tr>\n<\/tbody>\n<\/table>\n<p style=\"text-align: left;\"><strong>\u00a0<\/strong><\/p>\n<p>Hotel, B&amp;B, pisos privados: diferentes precios, de pedir.<\/p>\n<p>Para saber la disponibilidad y pedir m\u00e1s informaciones escribir a <a href=\"mailto:info@scuolaromit.it\">info@scuolaromit.it<\/a> (Esta direcci\u00f3n de correo electr\u00f3nico est\u00e1 siendo protegida contra los robots de spam. Necesita tener JavaScript habilitado para poder verlo).<\/p>\n<p style=\"text-align: left;\"><strong>\u00a0<\/strong><\/p>\n<\/div><div class=\"fusion-clearfix\"><\/div><\/div><\/div><\/div><\/div>\n","protected":false},"excerpt":{"rendered":"","protected":false},"author":1,"featured_media":0,"parent":0,"menu_order":0,"comment_status":"closed","ping_status":"closed","template":"","meta":{"footnotes":""},"class_list":["post-1194","page","type-page","status-publish","hentry"],"yoast_head":"<!-- This site is optimized with the Yoast SEO plugin v26.5 - https:\/\/yoast.com\/wordpress\/plugins\/seo\/ -->\n<title>Alojamiento &#8211; Scuola Romit<\/title>\n<meta name=\"robots\" content=\"index, follow, max-snippet:-1, max-image-preview:large, max-video-preview:-1\" \/>\n<link rel=\"canonical\" href=\"https:\/\/scuolaromit.com\/dove-alloggiare\/\" \/>\n<meta property=\"og:locale\" content=\"es_ES\" \/>\n<meta property=\"og:type\" content=\"article\" \/>\n<meta property=\"og:title\" content=\"Alojamiento &#8211; Scuola Romit\" \/>\n<meta property=\"og:url\" content=\"https:\/\/scuolaromit.com\/dove-alloggiare\/\" \/>\n<meta property=\"og:site_name\" content=\"Scuola Romit\" \/>\n<meta property=\"article:publisher\" content=\"https:\/\/www.facebook.com\/ScuolaRomit\" \/>\n<meta property=\"article:modified_time\" content=\"2024-01-30T13:03:24+00:00\" \/>\n<meta name=\"twitter:card\" content=\"summary_large_image\" \/>\n<meta name=\"twitter:label1\" content=\"Tiempo de lectura\" \/>\n\t<meta name=\"twitter:data1\" content=\"3 minutos\" \/>\n<script type=\"application\/ld+json\" class=\"yoast-schema-graph\">{\"@context\":\"https:\/\/schema.org\",\"@graph\":[{\"@type\":\"WebPage\",\"@id\":\"https:\/\/scuolaromit.com\/dove-alloggiare\/\",\"url\":\"https:\/\/scuolaromit.com\/dove-alloggiare\/\",\"name\":\"Alojamiento &#8211; Scuola Romit\",\"isPartOf\":{\"@id\":\"https:\/\/scuolaromit.com\/fr\/#website\"},\"datePublished\":\"2020-07-05T07:46:24+00:00\",\"dateModified\":\"2024-01-30T13:03:24+00:00\",\"breadcrumb\":{\"@id\":\"https:\/\/scuolaromit.com\/dove-alloggiare\/#breadcrumb\"},\"inLanguage\":\"es\",\"potentialAction\":[{\"@type\":\"ReadAction\",\"target\":[\"https:\/\/scuolaromit.com\/dove-alloggiare\/\"]}]},{\"@type\":\"BreadcrumbList\",\"@id\":\"https:\/\/scuolaromit.com\/dove-alloggiare\/#breadcrumb\",\"itemListElement\":[{\"@type\":\"ListItem\",\"position\":1,\"name\":\"Accueil\",\"item\":\"https:\/\/scuolaromit.com\/es\/\"},{\"@type\":\"ListItem\",\"position\":2,\"name\":\"Alojamiento\"}]},{\"@type\":\"WebSite\",\"@id\":\"https:\/\/scuolaromit.com\/fr\/#website\",\"url\":\"https:\/\/scuolaromit.com\/fr\/\",\"name\":\"Scuola Romit\",\"description\":\"La scuola per imparare l&#039;italiano vivendolo\",\"publisher\":{\"@id\":\"https:\/\/scuolaromit.com\/fr\/#organization\"},\"potentialAction\":[{\"@type\":\"SearchAction\",\"target\":{\"@type\":\"EntryPoint\",\"urlTemplate\":\"https:\/\/scuolaromit.com\/fr\/?s={search_term_string}\"},\"query-input\":{\"@type\":\"PropertyValueSpecification\",\"valueRequired\":true,\"valueName\":\"search_term_string\"}}],\"inLanguage\":\"es\"},{\"@type\":\"Organization\",\"@id\":\"https:\/\/scuolaromit.com\/fr\/#organization\",\"name\":\"Scuola Romit\",\"url\":\"https:\/\/scuolaromit.com\/fr\/\",\"logo\":{\"@type\":\"ImageObject\",\"inLanguage\":\"es\",\"@id\":\"https:\/\/scuolaromit.com\/fr\/#\/schema\/logo\/image\/\",\"url\":\"https:\/\/scuolaromit.com\/wp-content\/uploads\/2020\/07\/logo-1.jpg\",\"contentUrl\":\"https:\/\/scuolaromit.com\/wp-content\/uploads\/2020\/07\/logo-1.jpg\",\"width\":452,\"height\":152,\"caption\":\"Scuola Romit\"},\"image\":{\"@id\":\"https:\/\/scuolaromit.com\/fr\/#\/schema\/logo\/image\/\"},\"sameAs\":[\"https:\/\/www.facebook.com\/ScuolaRomit\",\"https:\/\/www.instagram.com\/scuolaromit\/\"]}]}<\/script>\n<!-- \/ Yoast SEO plugin. -->","yoast_head_json":{"title":"Alojamiento &#8211; Scuola Romit","robots":{"index":"index","follow":"follow","max-snippet":"max-snippet:-1","max-image-preview":"max-image-preview:large","max-video-preview":"max-video-preview:-1"},"canonical":"https:\/\/scuolaromit.com\/dove-alloggiare\/","og_locale":"es_ES","og_type":"article","og_title":"Alojamiento &#8211; Scuola Romit","og_url":"https:\/\/scuolaromit.com\/dove-alloggiare\/","og_site_name":"Scuola Romit","article_publisher":"https:\/\/www.facebook.com\/ScuolaRomit","article_modified_time":"2024-01-30T13:03:24+00:00","twitter_card":"summary_large_image","twitter_misc":{"Tiempo de lectura":"3 minutos"},"schema":{"@context":"https:\/\/schema.org","@graph":[{"@type":"WebPage","@id":"https:\/\/scuolaromit.com\/dove-alloggiare\/","url":"https:\/\/scuolaromit.com\/dove-alloggiare\/","name":"Alojamiento &#8211; Scuola Romit","isPartOf":{"@id":"https:\/\/scuolaromit.com\/fr\/#website"},"datePublished":"2020-07-05T07:46:24+00:00","dateModified":"2024-01-30T13:03:24+00:00","breadcrumb":{"@id":"https:\/\/scuolaromit.com\/dove-alloggiare\/#breadcrumb"},"inLanguage":"es","potentialAction":[{"@type":"ReadAction","target":["https:\/\/scuolaromit.com\/dove-alloggiare\/"]}]},{"@type":"BreadcrumbList","@id":"https:\/\/scuolaromit.com\/dove-alloggiare\/#breadcrumb","itemListElement":[{"@type":"ListItem","position":1,"name":"Accueil","item":"https:\/\/scuolaromit.com\/es\/"},{"@type":"ListItem","position":2,"name":"Alojamiento"}]},{"@type":"WebSite","@id":"https:\/\/scuolaromit.com\/fr\/#website","url":"https:\/\/scuolaromit.com\/fr\/","name":"Scuola Romit","description":"La scuola per imparare l&#039;italiano vivendolo","publisher":{"@id":"https:\/\/scuolaromit.com\/fr\/#organization"},"potentialAction":[{"@type":"SearchAction","target":{"@type":"EntryPoint","urlTemplate":"https:\/\/scuolaromit.com\/fr\/?s={search_term_string}"},"query-input":{"@type":"PropertyValueSpecification","valueRequired":true,"valueName":"search_term_string"}}],"inLanguage":"es"},{"@type":"Organization","@id":"https:\/\/scuolaromit.com\/fr\/#organization","name":"Scuola Romit","url":"https:\/\/scuolaromit.com\/fr\/","logo":{"@type":"ImageObject","inLanguage":"es","@id":"https:\/\/scuolaromit.com\/fr\/#\/schema\/logo\/image\/","url":"https:\/\/scuolaromit.com\/wp-content\/uploads\/2020\/07\/logo-1.jpg","contentUrl":"https:\/\/scuolaromit.com\/wp-content\/uploads\/2020\/07\/logo-1.jpg","width":452,"height":152,"caption":"Scuola Romit"},"image":{"@id":"https:\/\/scuolaromit.com\/fr\/#\/schema\/logo\/image\/"},"sameAs":["https:\/\/www.facebook.com\/ScuolaRomit","https:\/\/www.instagram.com\/scuolaromit\/"]}]}},"_links":{"self":[{"href":"https:\/\/scuolaromit.com\/es\/wp-json\/wp\/v2\/pages\/1194","targetHints":{"allow":["GET"]}}],"collection":[{"href":"https:\/\/scuolaromit.com\/es\/wp-json\/wp\/v2\/pages"}],"about":[{"href":"https:\/\/scuolaromit.com\/es\/wp-json\/wp\/v2\/types\/page"}],"author":[{"embeddable":true,"href":"https:\/\/scuolaromit.com\/es\/wp-json\/wp\/v2\/users\/1"}],"replies":[{"embeddable":true,"href":"https:\/\/scuolaromit.com\/es\/wp-json\/wp\/v2\/comments?post=1194"}],"version-history":[{"count":18,"href":"https:\/\/scuolaromit.com\/es\/wp-json\/wp\/v2\/pages\/1194\/revisions"}],"predecessor-version":[{"id":4969,"href":"https:\/\/scuolaromit.com\/es\/wp-json\/wp\/v2\/pages\/1194\/revisions\/4969"}],"wp:attachment":[{"href":"https:\/\/scuolaromit.com\/es\/wp-json\/wp\/v2\/media?parent=1194"}],"curies":[{"name":"wp","href":"https:\/\/api.w.org\/{rel}","templated":true}]}}