{"id":1139,"date":"2020-07-05T09:44:16","date_gmt":"2020-07-05T07:44:16","guid":{"rendered":"http:\/\/test2020.scuolaromit.com\/la-nostra-scuola\/"},"modified":"2021-04-21T17:29:09","modified_gmt":"2021-04-21T15:29:09","slug":"escuela-de-italiano-en-roma","status":"publish","type":"page","link":"https:\/\/scuolaromit.com\/es\/escuela-de-italiano-en-roma\/","title":{"rendered":"La escuela"},"content":{"rendered":"<div class=\"fusion-fullwidth fullwidth-box fusion-builder-row-1 nonhundred-percent-fullwidth non-hundred-percent-height-scrolling\" style=\"--awb-border-radius-top-left:0px;--awb-border-radius-top-right:0px;--awb-border-radius-bottom-right:0px;--awb-border-radius-bottom-left:0px;--awb-padding-right:10%;--awb-padding-left:10%;--awb-margin-top:50px;--awb-margin-bottom:80px;--awb-flex-wrap:wrap;\" ><div class=\"fusion-builder-row fusion-row\"><div class=\"fusion-layout-column fusion_builder_column fusion-builder-column-0 fusion_builder_column_1_1 1_1 fusion-one-full fusion-column-first fusion-column-last\" style=\"--awb-bg-size:cover;\"><div class=\"fusion-column-wrapper fusion-column-has-shadow fusion-flex-column-wrapper-legacy\"><div class=\"fusion-text fusion-text-1\"><h1>Escuela de lengua italiana en Roma<\/h1>\n<p>Romit es una escuela que se dedica a la ense\u00f1anza del italiano a extranjeros provenientes de todo el mundo. Nuestra escuela se compone de profesores con vasta experiencia en la ense\u00f1anza del idioma italiano que han hecho de esta profesi\u00f3n su mayor pasi\u00f3n. Nuestro objetivo es realizar cursos no s\u00f3lo para los que deseen aprender el italiano, sino tambi\u00e9n para los que quieran conocer m\u00e1s de cerca la cultura, las costumbres y las tradiciones de este pa\u00eds as\u00ed como la variedad de las experiencias de la vida cotidiana en Italia y sobre todo en Roma.<\/p>\n<h3>Nuestros cursos<\/h3>\n<p><a href=\"https:\/\/scuolaromit.com\/es\/cursos-de-italiano-en-roma\/\">Los cursos de idioma<\/a> se programan para satisfacer las exigencias de los estudiantes y se llevan a cabo con diferentes metodolog\u00edas, tanto la conversacional como la de la gram\u00e1tica. Se incentiva al estudiante a mejorar sus capacidades ling\u00fc\u00edsticas a trav\u00e9s de simulaciones de experiencias de vida cotidiana en las que se combinan gram\u00e1tica, l\u00e9xico y comunicaci\u00f3n. Proponemos tambi\u00e9n clases para la preparaci\u00f3n de los ex\u00e1menes CILS, CELI, PLIDA y <a href=\"https:\/\/scuolaromit.com\/es\/actividades\/\">actividades<\/a> sobre la historia del arte, la literatura, el cine, el teatro, la gastronom\u00eda y la moda para ofrecer al estudiante una inmersi\u00f3n total en la vida del \u201cBel Paese\u201d.<\/p>\n<h3>Nuestra sede<\/h3>\n<p>El ambiente en Scuola ROMIT es amistoso y agradable. Dentro de la escuela hay aulas grandes y luminosas, una videoteca a disposici\u00f3n y un peque\u00f1o jard\u00edn privado, punto de encuentro para estudiantes y profesores en las pausas de las clases donde se puede socializar y practicar el idioma. Se dispone de Wi-fi para todos los estudiantes.<\/p>\n<p>Romit se encuentra en uno de los barrios m\u00e1s bonitos y caracter\u00edsticos de la ciudad, el barrio Monti, donde naci\u00f3 uno de los m\u00e1s ilustres personajes de la historia: Cayo Julio C\u00e9sar.<\/p>\n<p>\u00a1<a href=\"https:\/\/scuolaromit.com\/es\/inscribete\/\">Inscr\u00edbete<\/a> y descubrir\u00e1s con nosotros los aspectos m\u00e1s interesantes de una experiencia romana!<\/p>\n<\/div><div class=\"fusion-clearfix\"><\/div><\/div><\/div><div class=\"fusion-layout-column fusion_builder_column fusion-builder-column-1 fusion_builder_column_1_4 1_4 fusion-one-fourth fusion-column-first\" style=\"--awb-bg-size:cover;width:25%;width:calc(25% - ( ( 4% ) * 0.25 ) );margin-right: 4%;\"><div class=\"fusion-column-wrapper fusion-column-has-shadow fusion-flex-column-wrapper-legacy\"><div class=\"fusion-text fusion-text-2\"><p>Via Del Boschetto, 68<br \/>\nRoma 00184<br \/>\nItalia<br \/>\n<a href=\"mailto:info@scuolaromit.it\">info@scuolaromit.it<\/a><br \/>\nSkype:\u00a0scuola.romit<br \/>\n<a href=\"tel:00390695583082\">+39 06 95583082<\/a><br \/>\n<a href=\"tel:00393496366429\">+39 349 6366429<\/a><br \/>\n<a href=\"tel:00393381427304\">+39 338 1427304<\/a><br \/>\n<a href=\"tel:00393475337623\">+39 347 5337623<\/a><\/p>\n<\/div><div class=\"fusion-clearfix\"><\/div><\/div><\/div><div class=\"fusion-layout-column fusion_builder_column fusion-builder-column-2 fusion_builder_column_3_4 3_4 fusion-three-fourth fusion-column-last\" style=\"--awb-bg-size:cover;width:75%;width:calc(75% - ( ( 4% ) * 0.75 ) );\"><div class=\"fusion-column-wrapper fusion-column-has-shadow fusion-flex-column-wrapper-legacy\"><iframe src=\"https:\/\/www.google.com\/maps\/embed?pb=!1m18!1m12!1m3!1d2969.8092242959465!2d12.48847471641565!3d41.89695977221079!2m3!1f0!2f0!3f0!3m2!1i1024!2i768!4f13.1!3m3!1m2!1s0x132f61b1e439c147%3A0xfe8c7255dfedc8e6!2sVia%20del%20Boschetto%2C%2068%2C%2000184%20Roma%20RM!5e0!3m2!1sfr!2sit!4v1609251501253!5m2!1sfr!2sit\" width=\"100%\" height=\"450\" frameborder=\"0\" style=\"border:0;\" allowfullscreen=\"\" aria-hidden=\"false\" tabindex=\"0\"><\/iframe><div class=\"fusion-clearfix\"><\/div><\/div><\/div><\/div><\/div>\n","protected":false},"excerpt":{"rendered":"","protected":false},"author":1,"featured_media":0,"parent":0,"menu_order":0,"comment_status":"closed","ping_status":"closed","template":"","meta":{"footnotes":""},"class_list":["post-1139","page","type-page","status-publish","hentry"],"yoast_head":"<!-- This site is optimized with the Yoast SEO plugin v26.5 - https:\/\/yoast.com\/wordpress\/plugins\/seo\/ -->\n<title>Escuela de lengua italiana en Roma - Scuola Romit<\/title>\n<meta name=\"robots\" content=\"index, follow, max-snippet:-1, max-image-preview:large, max-video-preview:-1\" \/>\n<link rel=\"canonical\" href=\"https:\/\/scuolaromit.com\/la-nostra-scuola\/\" \/>\n<meta property=\"og:locale\" content=\"es_ES\" \/>\n<meta property=\"og:type\" content=\"article\" \/>\n<meta property=\"og:title\" content=\"Escuela de lengua italiana en Roma - Scuola Romit\" \/>\n<meta property=\"og:url\" content=\"https:\/\/scuolaromit.com\/la-nostra-scuola\/\" \/>\n<meta property=\"og:site_name\" content=\"Scuola Romit\" \/>\n<meta property=\"article:publisher\" content=\"https:\/\/www.facebook.com\/ScuolaRomit\" \/>\n<meta property=\"article:modified_time\" content=\"2021-04-21T15:29:09+00:00\" \/>\n<meta name=\"twitter:card\" content=\"summary_large_image\" \/>\n<meta name=\"twitter:label1\" content=\"Tiempo de lectura\" \/>\n\t<meta name=\"twitter:data1\" content=\"6 minutos\" \/>\n<script type=\"application\/ld+json\" class=\"yoast-schema-graph\">{\"@context\":\"https:\/\/schema.org\",\"@graph\":[{\"@type\":\"WebPage\",\"@id\":\"https:\/\/scuolaromit.com\/la-nostra-scuola\/\",\"url\":\"https:\/\/scuolaromit.com\/la-nostra-scuola\/\",\"name\":\"Escuela de lengua italiana en Roma - Scuola Romit\",\"isPartOf\":{\"@id\":\"https:\/\/scuolaromit.com\/fr\/#website\"},\"datePublished\":\"2020-07-05T07:44:16+00:00\",\"dateModified\":\"2021-04-21T15:29:09+00:00\",\"breadcrumb\":{\"@id\":\"https:\/\/scuolaromit.com\/la-nostra-scuola\/#breadcrumb\"},\"inLanguage\":\"es\",\"potentialAction\":[{\"@type\":\"ReadAction\",\"target\":[\"https:\/\/scuolaromit.com\/la-nostra-scuola\/\"]}]},{\"@type\":\"BreadcrumbList\",\"@id\":\"https:\/\/scuolaromit.com\/la-nostra-scuola\/#breadcrumb\",\"itemListElement\":[{\"@type\":\"ListItem\",\"position\":1,\"name\":\"Accueil\",\"item\":\"https:\/\/scuolaromit.com\/es\/\"},{\"@type\":\"ListItem\",\"position\":2,\"name\":\"La escuela\"}]},{\"@type\":\"WebSite\",\"@id\":\"https:\/\/scuolaromit.com\/fr\/#website\",\"url\":\"https:\/\/scuolaromit.com\/fr\/\",\"name\":\"Scuola Romit\",\"description\":\"La scuola per imparare l&#039;italiano vivendolo\",\"publisher\":{\"@id\":\"https:\/\/scuolaromit.com\/fr\/#organization\"},\"potentialAction\":[{\"@type\":\"SearchAction\",\"target\":{\"@type\":\"EntryPoint\",\"urlTemplate\":\"https:\/\/scuolaromit.com\/fr\/?s={search_term_string}\"},\"query-input\":{\"@type\":\"PropertyValueSpecification\",\"valueRequired\":true,\"valueName\":\"search_term_string\"}}],\"inLanguage\":\"es\"},{\"@type\":\"Organization\",\"@id\":\"https:\/\/scuolaromit.com\/fr\/#organization\",\"name\":\"Scuola Romit\",\"url\":\"https:\/\/scuolaromit.com\/fr\/\",\"logo\":{\"@type\":\"ImageObject\",\"inLanguage\":\"es\",\"@id\":\"https:\/\/scuolaromit.com\/fr\/#\/schema\/logo\/image\/\",\"url\":\"https:\/\/scuolaromit.com\/wp-content\/uploads\/2020\/07\/logo-1.jpg\",\"contentUrl\":\"https:\/\/scuolaromit.com\/wp-content\/uploads\/2020\/07\/logo-1.jpg\",\"width\":452,\"height\":152,\"caption\":\"Scuola Romit\"},\"image\":{\"@id\":\"https:\/\/scuolaromit.com\/fr\/#\/schema\/logo\/image\/\"},\"sameAs\":[\"https:\/\/www.facebook.com\/ScuolaRomit\",\"https:\/\/www.instagram.com\/scuolaromit\/\"]}]}<\/script>\n<!-- \/ Yoast SEO plugin. -->","yoast_head_json":{"title":"Escuela de lengua italiana en Roma - Scuola Romit","robots":{"index":"index","follow":"follow","max-snippet":"max-snippet:-1","max-image-preview":"max-image-preview:large","max-video-preview":"max-video-preview:-1"},"canonical":"https:\/\/scuolaromit.com\/la-nostra-scuola\/","og_locale":"es_ES","og_type":"article","og_title":"Escuela de lengua italiana en Roma - Scuola Romit","og_url":"https:\/\/scuolaromit.com\/la-nostra-scuola\/","og_site_name":"Scuola Romit","article_publisher":"https:\/\/www.facebook.com\/ScuolaRomit","article_modified_time":"2021-04-21T15:29:09+00:00","twitter_card":"summary_large_image","twitter_misc":{"Tiempo de lectura":"6 minutos"},"schema":{"@context":"https:\/\/schema.org","@graph":[{"@type":"WebPage","@id":"https:\/\/scuolaromit.com\/la-nostra-scuola\/","url":"https:\/\/scuolaromit.com\/la-nostra-scuola\/","name":"Escuela de lengua italiana en Roma - Scuola Romit","isPartOf":{"@id":"https:\/\/scuolaromit.com\/fr\/#website"},"datePublished":"2020-07-05T07:44:16+00:00","dateModified":"2021-04-21T15:29:09+00:00","breadcrumb":{"@id":"https:\/\/scuolaromit.com\/la-nostra-scuola\/#breadcrumb"},"inLanguage":"es","potentialAction":[{"@type":"ReadAction","target":["https:\/\/scuolaromit.com\/la-nostra-scuola\/"]}]},{"@type":"BreadcrumbList","@id":"https:\/\/scuolaromit.com\/la-nostra-scuola\/#breadcrumb","itemListElement":[{"@type":"ListItem","position":1,"name":"Accueil","item":"https:\/\/scuolaromit.com\/es\/"},{"@type":"ListItem","position":2,"name":"La escuela"}]},{"@type":"WebSite","@id":"https:\/\/scuolaromit.com\/fr\/#website","url":"https:\/\/scuolaromit.com\/fr\/","name":"Scuola Romit","description":"La scuola per imparare l&#039;italiano vivendolo","publisher":{"@id":"https:\/\/scuolaromit.com\/fr\/#organization"},"potentialAction":[{"@type":"SearchAction","target":{"@type":"EntryPoint","urlTemplate":"https:\/\/scuolaromit.com\/fr\/?s={search_term_string}"},"query-input":{"@type":"PropertyValueSpecification","valueRequired":true,"valueName":"search_term_string"}}],"inLanguage":"es"},{"@type":"Organization","@id":"https:\/\/scuolaromit.com\/fr\/#organization","name":"Scuola Romit","url":"https:\/\/scuolaromit.com\/fr\/","logo":{"@type":"ImageObject","inLanguage":"es","@id":"https:\/\/scuolaromit.com\/fr\/#\/schema\/logo\/image\/","url":"https:\/\/scuolaromit.com\/wp-content\/uploads\/2020\/07\/logo-1.jpg","contentUrl":"https:\/\/scuolaromit.com\/wp-content\/uploads\/2020\/07\/logo-1.jpg","width":452,"height":152,"caption":"Scuola Romit"},"image":{"@id":"https:\/\/scuolaromit.com\/fr\/#\/schema\/logo\/image\/"},"sameAs":["https:\/\/www.facebook.com\/ScuolaRomit","https:\/\/www.instagram.com\/scuolaromit\/"]}]}},"_links":{"self":[{"href":"https:\/\/scuolaromit.com\/es\/wp-json\/wp\/v2\/pages\/1139","targetHints":{"allow":["GET"]}}],"collection":[{"href":"https:\/\/scuolaromit.com\/es\/wp-json\/wp\/v2\/pages"}],"about":[{"href":"https:\/\/scuolaromit.com\/es\/wp-json\/wp\/v2\/types\/page"}],"author":[{"embeddable":true,"href":"https:\/\/scuolaromit.com\/es\/wp-json\/wp\/v2\/users\/1"}],"replies":[{"embeddable":true,"href":"https:\/\/scuolaromit.com\/es\/wp-json\/wp\/v2\/comments?post=1139"}],"version-history":[{"count":15,"href":"https:\/\/scuolaromit.com\/es\/wp-json\/wp\/v2\/pages\/1139\/revisions"}],"predecessor-version":[{"id":3678,"href":"https:\/\/scuolaromit.com\/es\/wp-json\/wp\/v2\/pages\/1139\/revisions\/3678"}],"wp:attachment":[{"href":"https:\/\/scuolaromit.com\/es\/wp-json\/wp\/v2\/media?parent=1139"}],"curies":[{"name":"wp","href":"https:\/\/api.w.org\/{rel}","templated":true}]}}