{"id":1055,"date":"2020-07-07T15:44:57","date_gmt":"2020-07-07T13:44:57","guid":{"rendered":"http:\/\/test2020.scuolaromit.com\/corso-di-storia-del-arte\/"},"modified":"2022-02-16T16:42:41","modified_gmt":"2022-02-16T15:42:41","slug":"cursos-de-historia-del-arte","status":"publish","type":"page","link":"https:\/\/scuolaromit.com\/es\/cursos-de-historia-del-arte\/","title":{"rendered":"Curso de Historia del Arte"},"content":{"rendered":"<p><div class=\"fusion-fullwidth fullwidth-box fusion-builder-row-1 nonhundred-percent-fullwidth non-hundred-percent-height-scrolling\" style=\"--awb-border-radius-top-left:0px;--awb-border-radius-top-right:0px;--awb-border-radius-bottom-right:0px;--awb-border-radius-bottom-left:0px;--awb-padding-right:10%;--awb-padding-left:10%;--awb-margin-top:50px;--awb-margin-bottom:50px;--awb-flex-wrap:wrap;\" ><div class=\"fusion-builder-row fusion-row\"><div class=\"fusion-layout-column fusion_builder_column fusion-builder-column-0 fusion_builder_column_1_1 1_1 fusion-one-full fusion-column-first fusion-column-last\" style=\"--awb-bg-size:cover;--awb-margin-bottom:25px;\"><div class=\"fusion-column-wrapper fusion-column-has-shadow fusion-flex-column-wrapper-legacy\"><div class=\"fusion-text fusion-text-1\"><h1>Cursos de Historia del Arte en Roma<\/h1>\n<p>El curso de Historia del Arte se dirige a todos los <strong>apasionados por el arte italiano<\/strong> y sobre todo a quienes quieran descubrir Roma.<\/p>\n<p>El profesor, usando material audio-visual, lleva al estudiante por un recorrido a trav\u00e9s de las expresiones art\u00edsticas de las diferentes \u00e9pocas, incluso mostrando <strong>monumentos y zonas de la ciudad<\/strong> que no se encuentran en las gu\u00edas tur\u00edsticas y contando an\u00e9cdotas sobre la ciudad eterna.<\/p>\n<h3 class=\"fusion-responsive-typography-calculated\" data-fontsize=\"22\" data-lineheight=\"28.6px\">Precios<\/h3>\n<p>1 Semana: 100 \u20ac<br \/>\n2 Semanas: 180 \u20ac<\/p>\n<\/div><div class=\"fusion-clearfix\"><\/div><\/div><\/div><\/div><\/div><div class=\"fusion-fullwidth fullwidth-box fusion-builder-row-2 nonhundred-percent-fullwidth non-hundred-percent-height-scrolling\" style=\"--awb-border-radius-top-left:0px;--awb-border-radius-top-right:0px;--awb-border-radius-bottom-right:0px;--awb-border-radius-bottom-left:0px;--awb-padding-right:20%;--awb-padding-left:20%;--awb-margin-bottom:80px;--awb-flex-wrap:wrap;\" ><div class=\"fusion-builder-row fusion-row\"><div class=\"fusion-layout-column fusion_builder_column fusion-builder-column-1 fusion_builder_column_1_1 1_1 fusion-one-full fusion-column-first fusion-column-last\" style=\"--awb-bg-size:cover;--awb-margin-bottom:60px;\"><div class=\"fusion-column-wrapper fusion-column-has-shadow fusion-flex-column-wrapper-legacy\"><div class=\"fusion-aligncenter\"><a class=\"fusion-button button-flat fusion-button-default-size button-default fusion-button-default button-1 fusion-button-default-span fusion-button-default-type\" target=\"_self\" href=\"https:\/\/scuolaromit.com\/es\/inscribete\/\"><span class=\"fusion-button-text awb-button__text awb-button__text--default\">\u00a1Inscr\u00edbete!<\/span><\/a><\/div><div class=\"fusion-clearfix\"><\/div><\/div><\/div><\/div><\/div><\/p>\n","protected":false},"excerpt":{"rendered":"","protected":false},"author":1,"featured_media":0,"parent":0,"menu_order":0,"comment_status":"closed","ping_status":"closed","template":"","meta":{"footnotes":""},"class_list":["post-1055","page","type-page","status-publish","hentry"],"yoast_head":"<!-- This site is optimized with the Yoast SEO plugin v26.5 - https:\/\/yoast.com\/wordpress\/plugins\/seo\/ -->\n<title>Cursos de Historia del Arte en Roma - Scuola Romit<\/title>\n<meta name=\"robots\" content=\"index, follow, max-snippet:-1, max-image-preview:large, max-video-preview:-1\" \/>\n<link rel=\"canonical\" href=\"https:\/\/scuolaromit.com\/corso-di-storia-del-arte\/\" \/>\n<meta property=\"og:locale\" content=\"es_ES\" \/>\n<meta property=\"og:type\" content=\"article\" \/>\n<meta property=\"og:title\" content=\"Cursos de Historia del Arte en Roma - Scuola Romit\" \/>\n<meta property=\"og:url\" content=\"https:\/\/scuolaromit.com\/corso-di-storia-del-arte\/\" \/>\n<meta property=\"og:site_name\" content=\"Scuola Romit\" \/>\n<meta property=\"article:publisher\" content=\"https:\/\/www.facebook.com\/ScuolaRomit\" \/>\n<meta property=\"article:modified_time\" content=\"2022-02-16T15:42:41+00:00\" \/>\n<meta name=\"twitter:card\" content=\"summary_large_image\" \/>\n<meta name=\"twitter:label1\" content=\"Tiempo de lectura\" \/>\n\t<meta name=\"twitter:data1\" content=\"5 minutos\" \/>\n<script type=\"application\/ld+json\" class=\"yoast-schema-graph\">{\"@context\":\"https:\/\/schema.org\",\"@graph\":[{\"@type\":\"WebPage\",\"@id\":\"https:\/\/scuolaromit.com\/corso-di-storia-del-arte\/\",\"url\":\"https:\/\/scuolaromit.com\/corso-di-storia-del-arte\/\",\"name\":\"Cursos de Historia del Arte en Roma - Scuola Romit\",\"isPartOf\":{\"@id\":\"https:\/\/scuolaromit.com\/fr\/#website\"},\"datePublished\":\"2020-07-07T13:44:57+00:00\",\"dateModified\":\"2022-02-16T15:42:41+00:00\",\"breadcrumb\":{\"@id\":\"https:\/\/scuolaromit.com\/corso-di-storia-del-arte\/#breadcrumb\"},\"inLanguage\":\"es\",\"potentialAction\":[{\"@type\":\"ReadAction\",\"target\":[\"https:\/\/scuolaromit.com\/corso-di-storia-del-arte\/\"]}]},{\"@type\":\"BreadcrumbList\",\"@id\":\"https:\/\/scuolaromit.com\/corso-di-storia-del-arte\/#breadcrumb\",\"itemListElement\":[{\"@type\":\"ListItem\",\"position\":1,\"name\":\"Accueil\",\"item\":\"https:\/\/scuolaromit.com\/es\/\"},{\"@type\":\"ListItem\",\"position\":2,\"name\":\"Curso de Historia del Arte\"}]},{\"@type\":\"WebSite\",\"@id\":\"https:\/\/scuolaromit.com\/fr\/#website\",\"url\":\"https:\/\/scuolaromit.com\/fr\/\",\"name\":\"Scuola Romit\",\"description\":\"La scuola per imparare l&#039;italiano vivendolo\",\"publisher\":{\"@id\":\"https:\/\/scuolaromit.com\/fr\/#organization\"},\"potentialAction\":[{\"@type\":\"SearchAction\",\"target\":{\"@type\":\"EntryPoint\",\"urlTemplate\":\"https:\/\/scuolaromit.com\/fr\/?s={search_term_string}\"},\"query-input\":{\"@type\":\"PropertyValueSpecification\",\"valueRequired\":true,\"valueName\":\"search_term_string\"}}],\"inLanguage\":\"es\"},{\"@type\":\"Organization\",\"@id\":\"https:\/\/scuolaromit.com\/fr\/#organization\",\"name\":\"Scuola Romit\",\"url\":\"https:\/\/scuolaromit.com\/fr\/\",\"logo\":{\"@type\":\"ImageObject\",\"inLanguage\":\"es\",\"@id\":\"https:\/\/scuolaromit.com\/fr\/#\/schema\/logo\/image\/\",\"url\":\"https:\/\/scuolaromit.com\/wp-content\/uploads\/2020\/07\/logo-1.jpg\",\"contentUrl\":\"https:\/\/scuolaromit.com\/wp-content\/uploads\/2020\/07\/logo-1.jpg\",\"width\":452,\"height\":152,\"caption\":\"Scuola Romit\"},\"image\":{\"@id\":\"https:\/\/scuolaromit.com\/fr\/#\/schema\/logo\/image\/\"},\"sameAs\":[\"https:\/\/www.facebook.com\/ScuolaRomit\",\"https:\/\/www.instagram.com\/scuolaromit\/\"]}]}<\/script>\n<!-- \/ Yoast SEO plugin. -->","yoast_head_json":{"title":"Cursos de Historia del Arte en Roma - Scuola Romit","robots":{"index":"index","follow":"follow","max-snippet":"max-snippet:-1","max-image-preview":"max-image-preview:large","max-video-preview":"max-video-preview:-1"},"canonical":"https:\/\/scuolaromit.com\/corso-di-storia-del-arte\/","og_locale":"es_ES","og_type":"article","og_title":"Cursos de Historia del Arte en Roma - Scuola Romit","og_url":"https:\/\/scuolaromit.com\/corso-di-storia-del-arte\/","og_site_name":"Scuola Romit","article_publisher":"https:\/\/www.facebook.com\/ScuolaRomit","article_modified_time":"2022-02-16T15:42:41+00:00","twitter_card":"summary_large_image","twitter_misc":{"Tiempo de lectura":"5 minutos"},"schema":{"@context":"https:\/\/schema.org","@graph":[{"@type":"WebPage","@id":"https:\/\/scuolaromit.com\/corso-di-storia-del-arte\/","url":"https:\/\/scuolaromit.com\/corso-di-storia-del-arte\/","name":"Cursos de Historia del Arte en Roma - Scuola Romit","isPartOf":{"@id":"https:\/\/scuolaromit.com\/fr\/#website"},"datePublished":"2020-07-07T13:44:57+00:00","dateModified":"2022-02-16T15:42:41+00:00","breadcrumb":{"@id":"https:\/\/scuolaromit.com\/corso-di-storia-del-arte\/#breadcrumb"},"inLanguage":"es","potentialAction":[{"@type":"ReadAction","target":["https:\/\/scuolaromit.com\/corso-di-storia-del-arte\/"]}]},{"@type":"BreadcrumbList","@id":"https:\/\/scuolaromit.com\/corso-di-storia-del-arte\/#breadcrumb","itemListElement":[{"@type":"ListItem","position":1,"name":"Accueil","item":"https:\/\/scuolaromit.com\/es\/"},{"@type":"ListItem","position":2,"name":"Curso de Historia del Arte"}]},{"@type":"WebSite","@id":"https:\/\/scuolaromit.com\/fr\/#website","url":"https:\/\/scuolaromit.com\/fr\/","name":"Scuola Romit","description":"La scuola per imparare l&#039;italiano vivendolo","publisher":{"@id":"https:\/\/scuolaromit.com\/fr\/#organization"},"potentialAction":[{"@type":"SearchAction","target":{"@type":"EntryPoint","urlTemplate":"https:\/\/scuolaromit.com\/fr\/?s={search_term_string}"},"query-input":{"@type":"PropertyValueSpecification","valueRequired":true,"valueName":"search_term_string"}}],"inLanguage":"es"},{"@type":"Organization","@id":"https:\/\/scuolaromit.com\/fr\/#organization","name":"Scuola Romit","url":"https:\/\/scuolaromit.com\/fr\/","logo":{"@type":"ImageObject","inLanguage":"es","@id":"https:\/\/scuolaromit.com\/fr\/#\/schema\/logo\/image\/","url":"https:\/\/scuolaromit.com\/wp-content\/uploads\/2020\/07\/logo-1.jpg","contentUrl":"https:\/\/scuolaromit.com\/wp-content\/uploads\/2020\/07\/logo-1.jpg","width":452,"height":152,"caption":"Scuola Romit"},"image":{"@id":"https:\/\/scuolaromit.com\/fr\/#\/schema\/logo\/image\/"},"sameAs":["https:\/\/www.facebook.com\/ScuolaRomit","https:\/\/www.instagram.com\/scuolaromit\/"]}]}},"_links":{"self":[{"href":"https:\/\/scuolaromit.com\/es\/wp-json\/wp\/v2\/pages\/1055","targetHints":{"allow":["GET"]}}],"collection":[{"href":"https:\/\/scuolaromit.com\/es\/wp-json\/wp\/v2\/pages"}],"about":[{"href":"https:\/\/scuolaromit.com\/es\/wp-json\/wp\/v2\/types\/page"}],"author":[{"embeddable":true,"href":"https:\/\/scuolaromit.com\/es\/wp-json\/wp\/v2\/users\/1"}],"replies":[{"embeddable":true,"href":"https:\/\/scuolaromit.com\/es\/wp-json\/wp\/v2\/comments?post=1055"}],"version-history":[{"count":11,"href":"https:\/\/scuolaromit.com\/es\/wp-json\/wp\/v2\/pages\/1055\/revisions"}],"predecessor-version":[{"id":4248,"href":"https:\/\/scuolaromit.com\/es\/wp-json\/wp\/v2\/pages\/1055\/revisions\/4248"}],"wp:attachment":[{"href":"https:\/\/scuolaromit.com\/es\/wp-json\/wp\/v2\/media?parent=1055"}],"curies":[{"name":"wp","href":"https:\/\/api.w.org\/{rel}","templated":true}]}}