{"id":1031,"date":"2020-07-07T15:45:44","date_gmt":"2020-07-07T13:45:44","guid":{"rendered":"http:\/\/test2020.scuolaromit.com\/corso-intensivo-per-visto-di-studio\/"},"modified":"2023-07-26T09:28:35","modified_gmt":"2023-07-26T07:28:35","slug":"cursos-de-italiano-con-visado-de-estudios","status":"publish","type":"page","link":"https:\/\/scuolaromit.com\/es\/cursos-de-italiano-con-visado-de-estudios\/","title":{"rendered":"Curso para visa de estudio"},"content":{"rendered":"<p><div class=\"fusion-fullwidth fullwidth-box fusion-builder-row-1 nonhundred-percent-fullwidth non-hundred-percent-height-scrolling\" style=\"--awb-border-radius-top-left:0px;--awb-border-radius-top-right:0px;--awb-border-radius-bottom-right:0px;--awb-border-radius-bottom-left:0px;--awb-padding-right:10%;--awb-padding-left:10%;--awb-margin-top:50px;--awb-margin-bottom:50px;--awb-flex-wrap:wrap;\" ><div class=\"fusion-builder-row fusion-row\"><div class=\"fusion-layout-column fusion_builder_column fusion-builder-column-0 fusion_builder_column_1_1 1_1 fusion-one-full fusion-column-first fusion-column-last\" style=\"--awb-bg-size:cover;--awb-margin-bottom:25px;\"><div class=\"fusion-column-wrapper fusion-column-has-shadow fusion-flex-column-wrapper-legacy\"><div class=\"fusion-text fusion-text-1\"><h1>Cursos de larga duraci\u00f3n con Visado de Estudios<\/h1>\n<p>Scuola Romit ofrece una asistencia completa a quienes necesiten obtener un <strong>visado de estudiante<\/strong>.<\/p>\n<p>Para los ciudadanos que no pertenecen a la Uni\u00f3n Europea y que quieran estudiar en Italia, la visa de turismo es v\u00e1lida s\u00f3lo por 90 d\u00edas. Para quedarse m\u00e1s de 90 d\u00edas en Italia es necesario obtener una visa de estudiante.<br \/>\nUsualmente se necesita demostrar la concurrencia a un curso de 20 horas\/clases semanales.<\/p>\n<p>Generalmente los documentos solicitados son:<\/p>\n<ul>\n<li>Pasaporte v\u00e1lido<\/li>\n<li>Documentos proporcionados por la Scuola Romit: certificado de inscripci\u00f3n, carta de invitaci\u00f3n, recibo fiscal del pago, documento con direcci\u00f3n del alojamiento en Roma.<\/li>\n<li>Cobertura de seguro (que se debe solicitar en su propio pa\u00eds)<\/li>\n<li>Garant\u00eda de cobertura financiera<\/li>\n<li>Pasaje de avi\u00f3n ida y vuelta<\/li>\n<\/ul>\n<p>Scuola Romit recomienda en primer lugar visitar la Embajada o el Consulado Italiano m\u00e1s cercano a su propia residencia, para consultar los requisitos necesarios para obtener la visa antes de empezar el proceso de inscripci\u00f3n.<\/p>\n<p>Para efectuar la inscripci\u00f3n al curso y recibir los documentos, Scuola Romit solicita el <strong>pago por adelantado del 50% del precio total del curso<\/strong>.<\/p>\n<p>En caso de <strong>rechazo de la visa<\/strong> de estudiante, si la escuela recibe la cancelaci\u00f3n antes de que empiece el curso, el estudiante ser\u00e1 reembolsado con el total menos la tasa de inscripci\u00f3n (100 euros).<\/p>\n<p>La devoluci\u00f3n ser\u00e1 efectuada s\u00f3lo si el estudiante <strong>demuestra el rechazo<\/strong> de la solicitud de la visa a trav\u00e9s de un documento oficial de la Embajada o del Consulado italiano de su propia ciudad, en el que se especifique el motivo. Es posible, de todas formas, aplazar el comienzo del curso.<\/p>\n<p id=\"tw-target-text\" class=\"tw-data-text tw-text-large tw-ta\" dir=\"ltr\" data-placeholder=\"Traduzione\"><span class=\"Y2IQFc\" lang=\"es\">En caso de retiro del curso despu\u00e9s de la emisi\u00f3n de la visa, no habr\u00e1 devoluci\u00f3n del dep\u00f3sito.<\/span><\/p>\n<p>Precios para cursos de larga duraci\u00f3n (v\u00e1lidos para solicitar la vista de estudiante):<\/p>\n<p>12 semanas: 1500 \u20ac<br \/>\n16 semanas: 1940 \u20ac<br \/>\n20 semanas: 2380 \u20ac<br \/>\n24 semanas: 2800 \u20ac<br \/>\n48 semanas: 5000 \u20ac<\/p>\n<\/div><div class=\"fusion-clearfix\"><\/div><\/div><\/div><\/div><\/div><div class=\"fusion-fullwidth fullwidth-box fusion-builder-row-2 nonhundred-percent-fullwidth non-hundred-percent-height-scrolling\" style=\"--awb-border-radius-top-left:0px;--awb-border-radius-top-right:0px;--awb-border-radius-bottom-right:0px;--awb-border-radius-bottom-left:0px;--awb-padding-right:20%;--awb-padding-left:20%;--awb-margin-bottom:80px;--awb-flex-wrap:wrap;\" ><div class=\"fusion-builder-row fusion-row\"><div class=\"fusion-layout-column fusion_builder_column fusion-builder-column-1 fusion_builder_column_1_1 1_1 fusion-one-full fusion-column-first fusion-column-last\" style=\"--awb-bg-size:cover;--awb-margin-bottom:60px;\"><div class=\"fusion-column-wrapper fusion-column-has-shadow fusion-flex-column-wrapper-legacy\"><div class=\"fusion-aligncenter\"><a class=\"fusion-button button-flat fusion-button-default-size button-default fusion-button-default button-1 fusion-button-default-span fusion-button-default-type\" target=\"_self\" href=\"https:\/\/scuolaromit.com\/es\/inscribete\/\"><span class=\"fusion-button-text awb-button__text awb-button__text--default\"> \u00a1Inscr\u00edbete!<\/span><\/a><\/div><div class=\"fusion-clearfix\"><\/div><\/div><\/div><\/div><\/div><\/p>\n","protected":false},"excerpt":{"rendered":"","protected":false},"author":1,"featured_media":0,"parent":0,"menu_order":0,"comment_status":"closed","ping_status":"closed","template":"","meta":{"footnotes":""},"class_list":["post-1031","page","type-page","status-publish","hentry"],"yoast_head":"<!-- This site is optimized with the Yoast SEO plugin v26.5 - https:\/\/yoast.com\/wordpress\/plugins\/seo\/ -->\n<title>Cursos de larga duraci\u00f3n con Visado de Estudios - Scuola Romit<\/title>\n<meta name=\"robots\" content=\"index, follow, max-snippet:-1, max-image-preview:large, max-video-preview:-1\" \/>\n<link rel=\"canonical\" href=\"https:\/\/scuolaromit.com\/corso-intensivo-per-visto-di-studio\/\" \/>\n<meta property=\"og:locale\" content=\"es_ES\" \/>\n<meta property=\"og:type\" content=\"article\" \/>\n<meta property=\"og:title\" content=\"Cursos de larga duraci\u00f3n con Visado de Estudios - Scuola Romit\" \/>\n<meta property=\"og:url\" content=\"https:\/\/scuolaromit.com\/corso-intensivo-per-visto-di-studio\/\" \/>\n<meta property=\"og:site_name\" content=\"Scuola Romit\" \/>\n<meta property=\"article:publisher\" content=\"https:\/\/www.facebook.com\/ScuolaRomit\" \/>\n<meta property=\"article:modified_time\" content=\"2023-07-26T07:28:35+00:00\" \/>\n<meta name=\"twitter:card\" content=\"summary_large_image\" \/>\n<meta name=\"twitter:label1\" content=\"Tiempo de lectura\" \/>\n\t<meta name=\"twitter:data1\" content=\"6 minutos\" \/>\n<script type=\"application\/ld+json\" class=\"yoast-schema-graph\">{\"@context\":\"https:\/\/schema.org\",\"@graph\":[{\"@type\":\"WebPage\",\"@id\":\"https:\/\/scuolaromit.com\/corso-intensivo-per-visto-di-studio\/\",\"url\":\"https:\/\/scuolaromit.com\/corso-intensivo-per-visto-di-studio\/\",\"name\":\"Cursos de larga duraci\u00f3n con Visado de Estudios - Scuola Romit\",\"isPartOf\":{\"@id\":\"https:\/\/scuolaromit.com\/fr\/#website\"},\"datePublished\":\"2020-07-07T13:45:44+00:00\",\"dateModified\":\"2023-07-26T07:28:35+00:00\",\"breadcrumb\":{\"@id\":\"https:\/\/scuolaromit.com\/corso-intensivo-per-visto-di-studio\/#breadcrumb\"},\"inLanguage\":\"es\",\"potentialAction\":[{\"@type\":\"ReadAction\",\"target\":[\"https:\/\/scuolaromit.com\/corso-intensivo-per-visto-di-studio\/\"]}]},{\"@type\":\"BreadcrumbList\",\"@id\":\"https:\/\/scuolaromit.com\/corso-intensivo-per-visto-di-studio\/#breadcrumb\",\"itemListElement\":[{\"@type\":\"ListItem\",\"position\":1,\"name\":\"Accueil\",\"item\":\"https:\/\/scuolaromit.com\/es\/\"},{\"@type\":\"ListItem\",\"position\":2,\"name\":\"Curso para visa de estudio\"}]},{\"@type\":\"WebSite\",\"@id\":\"https:\/\/scuolaromit.com\/fr\/#website\",\"url\":\"https:\/\/scuolaromit.com\/fr\/\",\"name\":\"Scuola Romit\",\"description\":\"La scuola per imparare l&#039;italiano vivendolo\",\"publisher\":{\"@id\":\"https:\/\/scuolaromit.com\/fr\/#organization\"},\"potentialAction\":[{\"@type\":\"SearchAction\",\"target\":{\"@type\":\"EntryPoint\",\"urlTemplate\":\"https:\/\/scuolaromit.com\/fr\/?s={search_term_string}\"},\"query-input\":{\"@type\":\"PropertyValueSpecification\",\"valueRequired\":true,\"valueName\":\"search_term_string\"}}],\"inLanguage\":\"es\"},{\"@type\":\"Organization\",\"@id\":\"https:\/\/scuolaromit.com\/fr\/#organization\",\"name\":\"Scuola Romit\",\"url\":\"https:\/\/scuolaromit.com\/fr\/\",\"logo\":{\"@type\":\"ImageObject\",\"inLanguage\":\"es\",\"@id\":\"https:\/\/scuolaromit.com\/fr\/#\/schema\/logo\/image\/\",\"url\":\"https:\/\/scuolaromit.com\/wp-content\/uploads\/2020\/07\/logo-1.jpg\",\"contentUrl\":\"https:\/\/scuolaromit.com\/wp-content\/uploads\/2020\/07\/logo-1.jpg\",\"width\":452,\"height\":152,\"caption\":\"Scuola Romit\"},\"image\":{\"@id\":\"https:\/\/scuolaromit.com\/fr\/#\/schema\/logo\/image\/\"},\"sameAs\":[\"https:\/\/www.facebook.com\/ScuolaRomit\",\"https:\/\/www.instagram.com\/scuolaromit\/\"]}]}<\/script>\n<!-- \/ Yoast SEO plugin. -->","yoast_head_json":{"title":"Cursos de larga duraci\u00f3n con Visado de Estudios - Scuola Romit","robots":{"index":"index","follow":"follow","max-snippet":"max-snippet:-1","max-image-preview":"max-image-preview:large","max-video-preview":"max-video-preview:-1"},"canonical":"https:\/\/scuolaromit.com\/corso-intensivo-per-visto-di-studio\/","og_locale":"es_ES","og_type":"article","og_title":"Cursos de larga duraci\u00f3n con Visado de Estudios - Scuola Romit","og_url":"https:\/\/scuolaromit.com\/corso-intensivo-per-visto-di-studio\/","og_site_name":"Scuola Romit","article_publisher":"https:\/\/www.facebook.com\/ScuolaRomit","article_modified_time":"2023-07-26T07:28:35+00:00","twitter_card":"summary_large_image","twitter_misc":{"Tiempo de lectura":"6 minutos"},"schema":{"@context":"https:\/\/schema.org","@graph":[{"@type":"WebPage","@id":"https:\/\/scuolaromit.com\/corso-intensivo-per-visto-di-studio\/","url":"https:\/\/scuolaromit.com\/corso-intensivo-per-visto-di-studio\/","name":"Cursos de larga duraci\u00f3n con Visado de Estudios - Scuola Romit","isPartOf":{"@id":"https:\/\/scuolaromit.com\/fr\/#website"},"datePublished":"2020-07-07T13:45:44+00:00","dateModified":"2023-07-26T07:28:35+00:00","breadcrumb":{"@id":"https:\/\/scuolaromit.com\/corso-intensivo-per-visto-di-studio\/#breadcrumb"},"inLanguage":"es","potentialAction":[{"@type":"ReadAction","target":["https:\/\/scuolaromit.com\/corso-intensivo-per-visto-di-studio\/"]}]},{"@type":"BreadcrumbList","@id":"https:\/\/scuolaromit.com\/corso-intensivo-per-visto-di-studio\/#breadcrumb","itemListElement":[{"@type":"ListItem","position":1,"name":"Accueil","item":"https:\/\/scuolaromit.com\/es\/"},{"@type":"ListItem","position":2,"name":"Curso para visa de estudio"}]},{"@type":"WebSite","@id":"https:\/\/scuolaromit.com\/fr\/#website","url":"https:\/\/scuolaromit.com\/fr\/","name":"Scuola Romit","description":"La scuola per imparare l&#039;italiano vivendolo","publisher":{"@id":"https:\/\/scuolaromit.com\/fr\/#organization"},"potentialAction":[{"@type":"SearchAction","target":{"@type":"EntryPoint","urlTemplate":"https:\/\/scuolaromit.com\/fr\/?s={search_term_string}"},"query-input":{"@type":"PropertyValueSpecification","valueRequired":true,"valueName":"search_term_string"}}],"inLanguage":"es"},{"@type":"Organization","@id":"https:\/\/scuolaromit.com\/fr\/#organization","name":"Scuola Romit","url":"https:\/\/scuolaromit.com\/fr\/","logo":{"@type":"ImageObject","inLanguage":"es","@id":"https:\/\/scuolaromit.com\/fr\/#\/schema\/logo\/image\/","url":"https:\/\/scuolaromit.com\/wp-content\/uploads\/2020\/07\/logo-1.jpg","contentUrl":"https:\/\/scuolaromit.com\/wp-content\/uploads\/2020\/07\/logo-1.jpg","width":452,"height":152,"caption":"Scuola Romit"},"image":{"@id":"https:\/\/scuolaromit.com\/fr\/#\/schema\/logo\/image\/"},"sameAs":["https:\/\/www.facebook.com\/ScuolaRomit","https:\/\/www.instagram.com\/scuolaromit\/"]}]}},"_links":{"self":[{"href":"https:\/\/scuolaromit.com\/es\/wp-json\/wp\/v2\/pages\/1031","targetHints":{"allow":["GET"]}}],"collection":[{"href":"https:\/\/scuolaromit.com\/es\/wp-json\/wp\/v2\/pages"}],"about":[{"href":"https:\/\/scuolaromit.com\/es\/wp-json\/wp\/v2\/types\/page"}],"author":[{"embeddable":true,"href":"https:\/\/scuolaromit.com\/es\/wp-json\/wp\/v2\/users\/1"}],"replies":[{"embeddable":true,"href":"https:\/\/scuolaromit.com\/es\/wp-json\/wp\/v2\/comments?post=1031"}],"version-history":[{"count":15,"href":"https:\/\/scuolaromit.com\/es\/wp-json\/wp\/v2\/pages\/1031\/revisions"}],"predecessor-version":[{"id":4858,"href":"https:\/\/scuolaromit.com\/es\/wp-json\/wp\/v2\/pages\/1031\/revisions\/4858"}],"wp:attachment":[{"href":"https:\/\/scuolaromit.com\/es\/wp-json\/wp\/v2\/media?parent=1031"}],"curies":[{"name":"wp","href":"https:\/\/api.w.org\/{rel}","templated":true}]}}