{"id":1000,"date":"2020-07-07T15:44:07","date_gmt":"2020-07-07T13:44:07","guid":{"rendered":"http:\/\/test2020.scuolaromit.com\/corso-serale\/"},"modified":"2026-01-14T15:18:56","modified_gmt":"2026-01-14T14:18:56","slug":"cursos-de-italiano-por-la-tarde","status":"publish","type":"page","link":"https:\/\/scuolaromit.com\/es\/cursos-de-italiano-por-la-tarde\/","title":{"rendered":"Italiano por la tarde"},"content":{"rendered":"<p><div class=\"fusion-fullwidth fullwidth-box fusion-builder-row-1 nonhundred-percent-fullwidth non-hundred-percent-height-scrolling\" style=\"--awb-border-radius-top-left:0px;--awb-border-radius-top-right:0px;--awb-border-radius-bottom-right:0px;--awb-border-radius-bottom-left:0px;--awb-padding-right:10%;--awb-padding-left:10%;--awb-margin-top:50px;--awb-margin-bottom:50px;--awb-flex-wrap:wrap;\" ><div class=\"fusion-builder-row fusion-row\"><div class=\"fusion-layout-column fusion_builder_column fusion-builder-column-0 fusion_builder_column_1_1 1_1 fusion-one-full fusion-column-first fusion-column-last\" style=\"--awb-bg-size:cover;--awb-margin-bottom:25px;\"><div class=\"fusion-column-wrapper fusion-column-has-shadow fusion-flex-column-wrapper-legacy\"><div class=\"fusion-text fusion-text-1\"><h1>Cursos de Italiano por la tarde<\/h1>\n<p>El curso de italiano por la tarde se dirige sobre todo a personas que viven en Roma y que no tienen mucho tiempo para profundizar su conocimiento del idioma Italiano, por razones de trabajo o de estudio.<\/p>\n<p>El curso se hace dos veces por semana, generalmente desde las 18:00 hasta las 19:30.<\/p>\n<h3>Niveles intermedio y avanzado<\/h3>\n<p>Los estudiantes que ya tienen un conocimiento del idioma italiano har\u00e1n un test de nivel y tendr\u00e1n una clase de prueba gratis.<\/p>\n<h3>Nivel principiante<\/h3>\n<p>Para conocer las fechas de los cursos por la tarde recomendamos escribir un email a <a href=\"mailto:info@scuolaromit.it\">info@scuolaromit.it<\/a>.<\/p>\n<p>Las clases se componen de un <strong>m\u00e1ximo de 14 estudiante<\/strong>s procedentes de todos los pa\u00edses del mundo y de todas edades, lo que hace del curso de idioma una experiencia \u00fanica y siempre interesante: se aprende el idioma italiano en un contexto multicultural.<\/p>\n<h3 class=\"fusion-responsive-typography-calculated\" data-fontsize=\"22\" data-lineheight=\"28.6px\">Precios<\/h3>\n<p>4 semanas: 140 \u20ac<br \/>\n8 semanas: 270 \u20ac<br \/>\n12 semanas: 390 \u20ac<\/p>\n<p>Cuota de inscripci\u00f3n: 50 Euros (v\u00e1lida para siempre) incluye libro y material did\u00e1ctico.<\/p>\n<\/div><div class=\"fusion-clearfix\"><\/div><\/div><\/div><\/div><\/div><div class=\"fusion-fullwidth fullwidth-box fusion-builder-row-2 nonhundred-percent-fullwidth non-hundred-percent-height-scrolling\" style=\"--awb-border-radius-top-left:0px;--awb-border-radius-top-right:0px;--awb-border-radius-bottom-right:0px;--awb-border-radius-bottom-left:0px;--awb-padding-right:20%;--awb-padding-left:20%;--awb-margin-bottom:80px;--awb-flex-wrap:wrap;\" ><div class=\"fusion-builder-row fusion-row\"><div class=\"fusion-layout-column fusion_builder_column fusion-builder-column-1 fusion_builder_column_1_1 1_1 fusion-one-full fusion-column-first fusion-column-last\" style=\"--awb-bg-size:cover;--awb-margin-bottom:60px;\"><div class=\"fusion-column-wrapper fusion-column-has-shadow fusion-flex-column-wrapper-legacy\"><div class=\"fusion-aligncenter\"><a class=\"fusion-button button-flat fusion-button-default-size button-default fusion-button-default button-1 fusion-button-default-span fusion-button-default-type\" target=\"_self\" href=\"https:\/\/scuolaromit.com\/es\/inscribete\/\"><span class=\"fusion-button-text awb-button__text awb-button__text--default\">\u00a1Inscr\u00edbete!<\/span><\/a><\/div><div class=\"fusion-clearfix\"><\/div><\/div><\/div><\/div><\/div><\/p>\n","protected":false},"excerpt":{"rendered":"","protected":false},"author":1,"featured_media":0,"parent":0,"menu_order":0,"comment_status":"closed","ping_status":"closed","template":"","meta":{"footnotes":""},"class_list":["post-1000","page","type-page","status-publish","hentry"],"yoast_head":"<!-- This site is optimized with the Yoast SEO plugin v26.5 - https:\/\/yoast.com\/wordpress\/plugins\/seo\/ -->\n<title>Cursos de Italiano por la tarde en Roma - Scuola Romit<\/title>\n<meta name=\"robots\" content=\"index, follow, max-snippet:-1, max-image-preview:large, max-video-preview:-1\" \/>\n<link rel=\"canonical\" href=\"https:\/\/scuolaromit.com\/es\/cursos-de-italiano-por-la-tarde\/\" \/>\n<meta property=\"og:locale\" content=\"es_ES\" \/>\n<meta property=\"og:type\" content=\"article\" \/>\n<meta property=\"og:title\" content=\"Cursos de Italiano por la tarde en Roma - Scuola Romit\" \/>\n<meta property=\"og:url\" content=\"https:\/\/scuolaromit.com\/es\/cursos-de-italiano-por-la-tarde\/\" \/>\n<meta property=\"og:site_name\" content=\"Scuola Romit\" \/>\n<meta property=\"article:publisher\" content=\"https:\/\/www.facebook.com\/ScuolaRomit\" \/>\n<meta property=\"article:modified_time\" content=\"2026-01-14T14:18:56+00:00\" \/>\n<meta name=\"twitter:card\" content=\"summary_large_image\" \/>\n<meta name=\"twitter:label1\" content=\"Tiempo de lectura\" \/>\n\t<meta name=\"twitter:data1\" content=\"6 minutos\" \/>\n<script type=\"application\/ld+json\" class=\"yoast-schema-graph\">{\"@context\":\"https:\/\/schema.org\",\"@graph\":[{\"@type\":\"WebPage\",\"@id\":\"https:\/\/scuolaromit.com\/es\/cursos-de-italiano-por-la-tarde\/\",\"url\":\"https:\/\/scuolaromit.com\/es\/cursos-de-italiano-por-la-tarde\/\",\"name\":\"Cursos de Italiano por la tarde en Roma - Scuola Romit\",\"isPartOf\":{\"@id\":\"https:\/\/scuolaromit.com\/fr\/#website\"},\"datePublished\":\"2020-07-07T13:44:07+00:00\",\"dateModified\":\"2026-01-14T14:18:56+00:00\",\"breadcrumb\":{\"@id\":\"https:\/\/scuolaromit.com\/es\/cursos-de-italiano-por-la-tarde\/#breadcrumb\"},\"inLanguage\":\"es\",\"potentialAction\":[{\"@type\":\"ReadAction\",\"target\":[\"https:\/\/scuolaromit.com\/es\/cursos-de-italiano-por-la-tarde\/\"]}]},{\"@type\":\"BreadcrumbList\",\"@id\":\"https:\/\/scuolaromit.com\/es\/cursos-de-italiano-por-la-tarde\/#breadcrumb\",\"itemListElement\":[{\"@type\":\"ListItem\",\"position\":1,\"name\":\"Accueil\",\"item\":\"https:\/\/scuolaromit.com\/es\/\"},{\"@type\":\"ListItem\",\"position\":2,\"name\":\"Italiano por la tarde\"}]},{\"@type\":\"WebSite\",\"@id\":\"https:\/\/scuolaromit.com\/fr\/#website\",\"url\":\"https:\/\/scuolaromit.com\/fr\/\",\"name\":\"Scuola Romit\",\"description\":\"La scuola per imparare l&#039;italiano vivendolo\",\"publisher\":{\"@id\":\"https:\/\/scuolaromit.com\/fr\/#organization\"},\"potentialAction\":[{\"@type\":\"SearchAction\",\"target\":{\"@type\":\"EntryPoint\",\"urlTemplate\":\"https:\/\/scuolaromit.com\/fr\/?s={search_term_string}\"},\"query-input\":{\"@type\":\"PropertyValueSpecification\",\"valueRequired\":true,\"valueName\":\"search_term_string\"}}],\"inLanguage\":\"es\"},{\"@type\":\"Organization\",\"@id\":\"https:\/\/scuolaromit.com\/fr\/#organization\",\"name\":\"Scuola Romit\",\"url\":\"https:\/\/scuolaromit.com\/fr\/\",\"logo\":{\"@type\":\"ImageObject\",\"inLanguage\":\"es\",\"@id\":\"https:\/\/scuolaromit.com\/fr\/#\/schema\/logo\/image\/\",\"url\":\"https:\/\/scuolaromit.com\/wp-content\/uploads\/2020\/07\/logo-1.jpg\",\"contentUrl\":\"https:\/\/scuolaromit.com\/wp-content\/uploads\/2020\/07\/logo-1.jpg\",\"width\":452,\"height\":152,\"caption\":\"Scuola Romit\"},\"image\":{\"@id\":\"https:\/\/scuolaromit.com\/fr\/#\/schema\/logo\/image\/\"},\"sameAs\":[\"https:\/\/www.facebook.com\/ScuolaRomit\",\"https:\/\/www.instagram.com\/scuolaromit\/\"]}]}<\/script>\n<!-- \/ Yoast SEO plugin. -->","yoast_head_json":{"title":"Cursos de Italiano por la tarde en Roma - Scuola Romit","robots":{"index":"index","follow":"follow","max-snippet":"max-snippet:-1","max-image-preview":"max-image-preview:large","max-video-preview":"max-video-preview:-1"},"canonical":"https:\/\/scuolaromit.com\/es\/cursos-de-italiano-por-la-tarde\/","og_locale":"es_ES","og_type":"article","og_title":"Cursos de Italiano por la tarde en Roma - Scuola Romit","og_url":"https:\/\/scuolaromit.com\/es\/cursos-de-italiano-por-la-tarde\/","og_site_name":"Scuola Romit","article_publisher":"https:\/\/www.facebook.com\/ScuolaRomit","article_modified_time":"2026-01-14T14:18:56+00:00","twitter_card":"summary_large_image","twitter_misc":{"Tiempo de lectura":"6 minutos"},"schema":{"@context":"https:\/\/schema.org","@graph":[{"@type":"WebPage","@id":"https:\/\/scuolaromit.com\/es\/cursos-de-italiano-por-la-tarde\/","url":"https:\/\/scuolaromit.com\/es\/cursos-de-italiano-por-la-tarde\/","name":"Cursos de Italiano por la tarde en Roma - Scuola Romit","isPartOf":{"@id":"https:\/\/scuolaromit.com\/fr\/#website"},"datePublished":"2020-07-07T13:44:07+00:00","dateModified":"2026-01-14T14:18:56+00:00","breadcrumb":{"@id":"https:\/\/scuolaromit.com\/es\/cursos-de-italiano-por-la-tarde\/#breadcrumb"},"inLanguage":"es","potentialAction":[{"@type":"ReadAction","target":["https:\/\/scuolaromit.com\/es\/cursos-de-italiano-por-la-tarde\/"]}]},{"@type":"BreadcrumbList","@id":"https:\/\/scuolaromit.com\/es\/cursos-de-italiano-por-la-tarde\/#breadcrumb","itemListElement":[{"@type":"ListItem","position":1,"name":"Accueil","item":"https:\/\/scuolaromit.com\/es\/"},{"@type":"ListItem","position":2,"name":"Italiano por la tarde"}]},{"@type":"WebSite","@id":"https:\/\/scuolaromit.com\/fr\/#website","url":"https:\/\/scuolaromit.com\/fr\/","name":"Scuola Romit","description":"La scuola per imparare l&#039;italiano vivendolo","publisher":{"@id":"https:\/\/scuolaromit.com\/fr\/#organization"},"potentialAction":[{"@type":"SearchAction","target":{"@type":"EntryPoint","urlTemplate":"https:\/\/scuolaromit.com\/fr\/?s={search_term_string}"},"query-input":{"@type":"PropertyValueSpecification","valueRequired":true,"valueName":"search_term_string"}}],"inLanguage":"es"},{"@type":"Organization","@id":"https:\/\/scuolaromit.com\/fr\/#organization","name":"Scuola Romit","url":"https:\/\/scuolaromit.com\/fr\/","logo":{"@type":"ImageObject","inLanguage":"es","@id":"https:\/\/scuolaromit.com\/fr\/#\/schema\/logo\/image\/","url":"https:\/\/scuolaromit.com\/wp-content\/uploads\/2020\/07\/logo-1.jpg","contentUrl":"https:\/\/scuolaromit.com\/wp-content\/uploads\/2020\/07\/logo-1.jpg","width":452,"height":152,"caption":"Scuola Romit"},"image":{"@id":"https:\/\/scuolaromit.com\/fr\/#\/schema\/logo\/image\/"},"sameAs":["https:\/\/www.facebook.com\/ScuolaRomit","https:\/\/www.instagram.com\/scuolaromit\/"]}]}},"_links":{"self":[{"href":"https:\/\/scuolaromit.com\/es\/wp-json\/wp\/v2\/pages\/1000","targetHints":{"allow":["GET"]}}],"collection":[{"href":"https:\/\/scuolaromit.com\/es\/wp-json\/wp\/v2\/pages"}],"about":[{"href":"https:\/\/scuolaromit.com\/es\/wp-json\/wp\/v2\/types\/page"}],"author":[{"embeddable":true,"href":"https:\/\/scuolaromit.com\/es\/wp-json\/wp\/v2\/users\/1"}],"replies":[{"embeddable":true,"href":"https:\/\/scuolaromit.com\/es\/wp-json\/wp\/v2\/comments?post=1000"}],"version-history":[{"count":13,"href":"https:\/\/scuolaromit.com\/es\/wp-json\/wp\/v2\/pages\/1000\/revisions"}],"predecessor-version":[{"id":5471,"href":"https:\/\/scuolaromit.com\/es\/wp-json\/wp\/v2\/pages\/1000\/revisions\/5471"}],"wp:attachment":[{"href":"https:\/\/scuolaromit.com\/es\/wp-json\/wp\/v2\/media?parent=1000"}],"curies":[{"name":"wp","href":"https:\/\/api.w.org\/{rel}","templated":true}]}}