{"id":974,"date":"2020-07-05T09:45:08","date_gmt":"2020-07-05T07:45:08","guid":{"rendered":"http:\/\/test2020.scuolaromit.com\/corsi\/"},"modified":"2026-03-20T08:52:05","modified_gmt":"2026-03-20T07:52:05","slug":"italienischkurs-in-rom","status":"publish","type":"page","link":"https:\/\/scuolaromit.com\/de\/italienischkurs-in-rom\/","title":{"rendered":"Italienischkurse"},"content":{"rendered":"<p><div class=\"fusion-fullwidth fullwidth-box fusion-builder-row-1 nonhundred-percent-fullwidth non-hundred-percent-height-scrolling\" style=\"--awb-border-radius-top-left:0px;--awb-border-radius-top-right:0px;--awb-border-radius-bottom-right:0px;--awb-border-radius-bottom-left:0px;--awb-padding-right:10%;--awb-padding-left:10%;--awb-margin-top:30px;--awb-margin-bottom:40px;--awb-flex-wrap:wrap;\" ><div class=\"fusion-builder-row fusion-row\"><div class=\"fusion-layout-column fusion_builder_column fusion-builder-column-0 fusion_builder_column_1_1 1_1 fusion-one-full fusion-column-first fusion-column-last\" style=\"--awb-bg-size:cover;\"><div class=\"fusion-column-wrapper fusion-column-has-shadow fusion-flex-column-wrapper-legacy\"><div class=\"fusion-text fusion-text-1\"><h1>Italienischkurse in Rom<\/h1>\n<p>Die <strong>Scuola Romit<\/strong> bietet ganzj\u00e4hrig eine gro\u00dfe Auswahl an Italienischsprachkursen an. Von Kursen f\u00fcr absolute Anf\u00e4nger, \u00fcber Kurse zur Verbesserung fortgeschrittener Italienischkenntnisse, Kurse speziell zum Thema italienischer Kunst und Kultur, bis hin zu Vorbereitungskursen f\u00fcr Zertifikatspr\u00fcfungen stellt unsere Schule mit Spa\u00df und Freude an der Sache eine Vielfalt an Kursen zur Verf\u00fcgung.<br \/>\nDie Teilnehmenden werden als absloute Hauptfiguren des Spracherwerbsprozesses angesehen. Aus diesem Grund sind unsere Kurse auf maximal 14 TeilnehmerInnen pro Klasse beschr\u00e4nkt. Auf diese Weise begleiten wir den Lernprozess eines jeden Lernenden aufmerksam und f\u00f6rdern ihn gem\u00e4\u00df seiner individuellen Bed\u00fcrfnisse.<\/p>\n<p>Unsere Kurse beginnen jeden Montag, Kurseinheit 60 Minuten.<\/p>\n<h3>Unsere Methode<\/h3>\n<p>Unsere Kurse basieren auf einem kommunikativ-situativen Ansatz, bei dem die <strong>Lernenden<\/strong> die <strong>Hauptfiguren<\/strong> des Lernprozesses sind. Der Unterricht umfasst sowohl Grammatik als auch Lesen, H\u00f6ren und die m\u00fcndliche und schriftliche Produktion. Unsere Lehrkr\u00e4fte, alle qualifiziert und mit langj\u00e4hriger Erfahrung, regen stets den Dialog und die Diskussion \u00fcber verschiedene Aspekte der italienischen Kultur und Gesellschaft und anderer L\u00e4nder an.<\/p>\n<p>Der Unterricht ist immer sehr <strong>dynamisch und unterhaltsam<\/strong>. Die Lehrerinnen und Lehrer w\u00e4hlen das Kursmaterial sorgf\u00e4ltig aus und achten dabei besonders auf die Nutzung von authentischem Material.<\/p>\n<p>Nach dem Unterricht organisiert die Schule zahlreiche Aktivit\u00e4ten, wie z.B. die Vorf\u00fchrung italienischer Filme mit italienischen Untertiteln, F\u00fchrungen von Kunsthistorikern an Orte von historischem und k\u00fcnstlerischem Interesse, Treffen zwischen ItalienerInnen und Sprachlernenden zum \u00dcben der Sprache, Abendessen in typischen Restaurants in Rom.<\/p>\n<p>Weitere Informationen findest du hier: <a href=\"https:\/\/scuolaromit.com\/de\/aktivitaten\/\">Aktivit\u00e4ten nach der Schule<\/a><\/p>\n<\/div><div class=\"fusion-clearfix\"><\/div><\/div><\/div><\/div><\/div><div class=\"fusion-fullwidth fullwidth-box fusion-builder-row-2 nonhundred-percent-fullwidth non-hundred-percent-height-scrolling\" style=\"--awb-border-radius-top-left:0px;--awb-border-radius-top-right:0px;--awb-border-radius-bottom-right:0px;--awb-border-radius-bottom-left:0px;--awb-padding-right:7%;--awb-padding-left:7%;--awb-margin-bottom:80px;--awb-flex-wrap:wrap;\" ><div class=\"fusion-builder-row fusion-row\"><div class=\"fusion-layout-column fusion_builder_column fusion-builder-column-1 fusion_builder_column_1_1 1_1 fusion-one-full fusion-column-first fusion-column-last\" style=\"--awb-bg-size:cover;\"><div class=\"fusion-column-wrapper fusion-column-has-shadow fusion-flex-column-wrapper-legacy\"><div class=\"accordian fusion-accordian\" style=\"--awb-border-size:1px;--awb-icon-size:16px;--awb-content-font-size:16px;--awb-icon-alignment:left;--awb-hover-color:#f7f7f7;--awb-border-color:#9ebf43;--awb-background-color:#ffffff;--awb-divider-color:#e0dede;--awb-divider-hover-color:#e0dede;--awb-icon-color:#f2f2f2;--awb-title-color:#ff9800;--awb-content-color:#747474;--awb-icon-box-color:#333333;--awb-toggle-hover-accent-color:#65bc7b;--awb-title-font-family:&quot;Open Sans&quot;;--awb-title-font-weight:400;--awb-title-font-style:normal;--awb-content-font-family:&quot;Open Sans&quot;;--awb-content-font-style:normal;--awb-content-font-weight:400;\"><div class=\"panel-group fusion-toggle-icon-boxed\" id=\"accordion-974-1\"><div class=\"fusion-panel panel-default panel-7a7e11f68f54e1223 fusion-toggle-no-divider fusion-toggle-boxed-mode\" style=\"--awb-title-color:#ff9800;--awb-content-color:#747474;\"><div class=\"panel-heading\"><h4 class=\"panel-title toggle\" id=\"toggle_7a7e11f68f54e1223\"><a aria-expanded=\"false\" aria-controls=\"7a7e11f68f54e1223\" role=\"button\" data-toggle=\"collapse\" data-target=\"#7a7e11f68f54e1223\" href=\"#7a7e11f68f54e1223\"><span class=\"fusion-toggle-icon-wrapper\" aria-hidden=\"true\"><i class=\"fa-fusion-box active-icon awb-icon-minus\" aria-hidden=\"true\"><\/i><i class=\"fa-fusion-box inactive-icon awb-icon-plus\" aria-hidden=\"true\"><\/i><\/span><span class=\"fusion-toggle-heading\">Intensivkurs Italienisch<\/span><\/a><\/h4><\/div><div id=\"7a7e11f68f54e1223\" class=\"panel-collapse collapse \" aria-labelledby=\"toggle_7a7e11f68f54e1223\"><div class=\"panel-body toggle-content fusion-clearfix\">\n<div style=\"width: 70%; float: left; padding-right: 5px;\">\n<p>Du m\u00f6chtest vollkommen in die italienische Sprache eintauchen? In unserem Intensivkurs Italienisch hast du die Gelegenheit Italienisch zu lernen, verschiedene Perspektiven auf die italienische Kultur zu gewinnen und Rom kennenzulernen. Die Stunden finden von Montag bis Freitag statt, drei Stunden am Tag.<\/p>\n<ul>\n<li>Kurse: drei Stunden pro Tag<\/li>\n<li>Level: Anf\u00e4nger, Mittelstufe, Fortgeschrittene<\/li>\n<li>Uhrzeit: 9.30 &#8211; 12.45<\/li>\n<\/ul>\n<p>Weitere Informationen gibt es auf der Seite <a href=\"\/de\/intensiv-sprachkurs-italienisch-rom\/\">Intensivkurs Italienisch<\/a><\/p>\n<\/div>\n<div style=\"width: 27%; float: left; padding-left: 5px; border-left: 1px solid #CCCCCC; text-align: center; margin-left: 5px;\">\n<h3 style=\"text-align: center;\">Preise<\/h3>\n<p style=\"text-align: center;\">1 Woche: 150 \u20ac<br \/>\n2 Wochen: 290 \u20ac<br \/>\n3 Wochen: 420 \u20ac<br \/>\n4 Wochen: 540 \u20ac<br \/>\nZus\u00e4tzliche Woche: 120 \u20ac<\/p>\n<p>Anmeldegeb\u00fchr: 50 Euro (g\u00fcltig f\u00fcr immer) inklusive Lehrbuch und Kursmaterial.<\/p>\n<\/div>\n<\/div><\/div><\/div><div class=\"fusion-panel panel-default panel-1694511c84e1280b6 fusion-toggle-no-divider fusion-toggle-boxed-mode\" style=\"--awb-title-color:#ff9800;--awb-content-color:#747474;\"><div class=\"panel-heading\"><h4 class=\"panel-title toggle\" id=\"toggle_1694511c84e1280b6\"><a aria-expanded=\"false\" aria-controls=\"1694511c84e1280b6\" role=\"button\" data-toggle=\"collapse\" data-target=\"#1694511c84e1280b6\" href=\"#1694511c84e1280b6\"><span class=\"fusion-toggle-icon-wrapper\" aria-hidden=\"true\"><i class=\"fa-fusion-box active-icon awb-icon-minus\" aria-hidden=\"true\"><\/i><i class=\"fa-fusion-box inactive-icon awb-icon-plus\" aria-hidden=\"true\"><\/i><\/span><span class=\"fusion-toggle-heading\">Abendkurs Italienisch<\/span><\/a><\/h4><\/div><div id=\"1694511c84e1280b6\" class=\"panel-collapse collapse \" aria-labelledby=\"toggle_1694511c84e1280b6\"><div class=\"panel-body toggle-content fusion-clearfix\">\n<div style=\"width: 70%; float: left;\">\n<p>Studierst oder arbeitest du in Rom? M\u00f6chtest du dein Italienisch verbessern? Unsere Abendkurse sind speziell auf die Sprachlerner ausgerichtet, die nicht jeden Tag Kurse besuchen k\u00f6nnen oder wollen. Wir helfen dir, deine Zeit zu optimieren, sodass du deine Italienischkenntnisse schnell voranbringen kannst. Die Kurse finden zu verschiedenen Zeiten statt, auch am Abend!<\/p>\n<ul>\n<li>Dauer: mindestens einen Monat<\/li>\n<li>Kurse: zweimal die Woche, ab 1,5 Stunden pro Klasse<\/li>\n<li>Level: alle Niveaustufen<\/li>\n<li>Stundenplan: nach Absprache, auch in den Abendstunden (18.00 &#8211; 19.30)<\/li>\n<li>H\u00f6chstens 12 Sch\u00fclerInnen pro Kurs<\/li>\n<\/ul>\n<p>Weitere Informationen gibt es auf der Seite <a href=\"\/de\/abendkurs-italienisch-rom\/\">Abendkurs Italienisch<\/a><\/p>\n<\/div>\n<div style=\"width: 27%; float: left; padding-left: 5px; border-left: 1px solid #CCCCCC; text-align: center; margin-left: 5px;\">\n<h3 style=\"text-align: center;\">Preise<\/h3>\n<p style=\"text-align: center;\">4 Wochen: 140 \u20ac<br \/>\n8 Wochen: 270 \u20ac<br \/>\n12 Wochen: 390 \u20ac<\/p>\n<p>Anmeldegeb\u00fchr: 50 Euro (g\u00fcltig f\u00fcr immer) inklusive Lehrbuch und Kursmaterial.<\/p>\n<\/div>\n<\/div><\/div><\/div><div class=\"fusion-panel panel-default panel-a9b932cfb20c41eb6 fusion-toggle-no-divider fusion-toggle-boxed-mode\"><div class=\"panel-heading\"><h4 class=\"panel-title toggle\" id=\"toggle_a9b932cfb20c41eb6\"><a aria-expanded=\"false\" aria-controls=\"a9b932cfb20c41eb6\" role=\"button\" data-toggle=\"collapse\" data-target=\"#a9b932cfb20c41eb6\" href=\"#a9b932cfb20c41eb6\"><span class=\"fusion-toggle-icon-wrapper\" aria-hidden=\"true\"><i class=\"fa-fusion-box active-icon awb-icon-minus\" aria-hidden=\"true\"><\/i><i class=\"fa-fusion-box inactive-icon awb-icon-plus\" aria-hidden=\"true\"><\/i><\/span><span class=\"fusion-toggle-heading\">Online-Italienischkurse<\/span><\/a><\/h4><\/div><div id=\"a9b932cfb20c41eb6\" class=\"panel-collapse collapse \" aria-labelledby=\"toggle_a9b932cfb20c41eb6\"><div class=\"panel-body toggle-content fusion-clearfix\">\n<div style=\"width: 70%; float: left;\">\n<p>Die Scuola Romit bietet Online-Kurse Einzelpersonen aller Niveaustufen an.<br \/>\nDu brauchst nur ein Skype- oder Google-Mail-Konto und schon kannst du mit uns ganz bequem von zu Hause oder von der Arbeit aus Italienisch lernen.<\/p>\n<ul>\n<li>Einzelunterricht nach Vereinbarung<\/li>\n<\/ul>\n<p>Weitere Informationen gibt es auf der Seite <a href=\"\/de\/online-italienischkurs\/\">Online-Italienischkurs<\/a><\/p>\n<\/div>\n<div style=\"width: 27%; float: left; padding-left: 5px; border-left: 1px solid #CCCCCC; text-align: center; margin-left: 5px;\">\n<h3 style=\"text-align: center;\">Online-Stunden<\/h3>\n<p style=\"text-align: center;\">1 Stunde: 35 \u20ac<br \/>\n10 Stunden: 330 \u20ac<\/p>\n<\/div>\n<\/div><\/div><\/div><div class=\"fusion-panel panel-default panel-c309307b56e601b13 fusion-toggle-no-divider fusion-toggle-boxed-mode\"><div class=\"panel-heading\"><h4 class=\"panel-title toggle\" id=\"toggle_c309307b56e601b13\"><a aria-expanded=\"false\" aria-controls=\"c309307b56e601b13\" role=\"button\" data-toggle=\"collapse\" data-target=\"#c309307b56e601b13\" href=\"#c309307b56e601b13\"><span class=\"fusion-toggle-icon-wrapper\" aria-hidden=\"true\"><i class=\"fa-fusion-box active-icon awb-icon-minus\" aria-hidden=\"true\"><\/i><i class=\"fa-fusion-box inactive-icon awb-icon-plus\" aria-hidden=\"true\"><\/i><\/span><span class=\"fusion-toggle-heading\">Privatstunden Italienisch<\/span><\/a><\/h4><\/div><div id=\"c309307b56e601b13\" class=\"panel-collapse collapse \" aria-labelledby=\"toggle_c309307b56e601b13\"><div class=\"panel-body toggle-content fusion-clearfix\">\n<div style=\"width: 70%; float: left;\">\n<p>Du m\u00f6chtest einen Kurs besuchen, der allein <strong>auf dich zugeschnitten<\/strong> sind? Dann sind unsere <strong>Privat- oder Kleingruppenstunden<\/strong> (2 &#8211; 3 Sch\u00fclerInnen) genau richtig f\u00fcr dich! Alternativ kannst du auch jeden Tag nach dem Intensivkurs eine zus\u00e4tzliche Privatstunde belegen &#8211; und bekommst einen extra Rabatt! Zeit und Ort kannst du mit dem jeweiligen Lehrer oder der Lehrerin gemeinsam bestimmen.<\/p>\n<ul>\n<li>Stunden f\u00fcr alle Niveaustufen<\/li>\n<li>Im Fall von Stunden bei dir zu Hause oder an einem anderen Ort au\u00dferhalb der Schule kann es eine extra Geb\u00fchr f\u00fcr die Fahrtkostenerstattung geben<\/li>\n<\/ul>\n<p>Weitere Informationen gibt es auf der Seite <a href=\"\/de\/italienisch-privatunterricht-rom\/\">Privatstunden Italienisch<\/a><\/p>\n<p><a href=\"http:\/\/test2020.scuolaromit.com\/lezioni-individuali\/\">Lezioni individuali<\/a><\/p>\n<\/div>\n<div style=\"width: 27%; float: left; padding-left: 5px; border-left: 1px solid #CCCCCC; text-align: center; margin-left: 5px;\">\n<h3 style=\"text-align: center;\">Preise<\/h3>\n<p style=\"text-align: center;\">1 Stunde: 35 \u20ac<br \/>\n10 Stunden: 330 \u20ac<\/p>\n<\/div>\n<\/div><\/div><\/div><div class=\"fusion-panel panel-default panel-98e726d4f38e8f39a fusion-toggle-no-divider fusion-toggle-boxed-mode\"><div class=\"panel-heading\"><h4 class=\"panel-title toggle\" id=\"toggle_98e726d4f38e8f39a\"><a aria-expanded=\"false\" aria-controls=\"98e726d4f38e8f39a\" role=\"button\" data-toggle=\"collapse\" data-target=\"#98e726d4f38e8f39a\" href=\"#98e726d4f38e8f39a\"><span class=\"fusion-toggle-icon-wrapper\" aria-hidden=\"true\"><i class=\"fa-fusion-box active-icon awb-icon-minus\" aria-hidden=\"true\"><\/i><i class=\"fa-fusion-box inactive-icon awb-icon-plus\" aria-hidden=\"true\"><\/i><\/span><span class=\"fusion-toggle-heading\">Intensivkurs Studentenvisum<\/span><\/a><\/h4><\/div><div id=\"98e726d4f38e8f39a\" class=\"panel-collapse collapse \" aria-labelledby=\"toggle_98e726d4f38e8f39a\"><div class=\"panel-body toggle-content fusion-clearfix\">\n<div style=\"width: 70%; float: left;\">\n<p>Die Scuola Romit bieten allen, die vorhaben, ein Studentenvisum zu beantragen, ihre umfassende Unterst\u00fctzung an. F\u00fcr Nicht-EU-B\u00fcrger, die in Italien f\u00fcr einen Zeitraum von <strong>bis zu 90 Tagen<\/strong> studieren m\u00f6chten, ist ein Touristenvisum ausreichend. Bei einem Aufenthalt von mehr als 90 Tagen ist es notwendig, ein Studentenvisum zu beantragen. In der Regel ist hierzu die Teilnahme an einem Italienischkurs von 20 Stunden\/ Lektionen pro Woche erforderlich.<\/p>\n<p>Weitere Informationen gibt es auf der Seite <a href=\"\/de\/studentvisumunterstuetzung-italienischkurs\/\">Intensivkurs Studentenvisum<\/a><\/p>\n<\/div>\n<div style=\"width: 27%; float: left; padding-left: 5px; border-left: 1px solid #CCCCCC; text-align: center; margin-left: 5px;\">\n<p style=\"text-align: center;\"><strong>Preise<\/strong><\/p>\n<p style=\"text-align: center;\">12 Wochen: 1500 \u20ac<br \/>\n16 Wochen: 1940 \u20ac<br \/>\n20 Wochen: 2380 \u20ac<br \/>\n24 Wochen: 2800 \u20ac<br \/>\n48 Wochen: 5000 \u20ac<\/p>\n<\/div>\n<\/div><\/div><\/div><div class=\"fusion-panel panel-default panel-eca8a68c60cc1ff75 fusion-toggle-no-divider fusion-toggle-boxed-mode\"><div class=\"panel-heading\"><h4 class=\"panel-title toggle\" id=\"toggle_eca8a68c60cc1ff75\"><a aria-expanded=\"false\" aria-controls=\"eca8a68c60cc1ff75\" role=\"button\" data-toggle=\"collapse\" data-target=\"#eca8a68c60cc1ff75\" href=\"#eca8a68c60cc1ff75\"><span class=\"fusion-toggle-icon-wrapper\" aria-hidden=\"true\"><i class=\"fa-fusion-box active-icon awb-icon-minus\" aria-hidden=\"true\"><\/i><i class=\"fa-fusion-box inactive-icon awb-icon-plus\" aria-hidden=\"true\"><\/i><\/span><span class=\"fusion-toggle-heading\">Vorbereitungskurs auf die Pr\u00fcfungen Cils, Plida und Celi<\/span><\/a><\/h4><\/div><div id=\"eca8a68c60cc1ff75\" class=\"panel-collapse collapse \" aria-labelledby=\"toggle_eca8a68c60cc1ff75\"><div class=\"panel-body toggle-content fusion-clearfix\">\n<div style=\"width: 70%; float: left; padding-right: 5px;\">\n<p>Du brauchst ein offizielles <strong>Zertifikat<\/strong> \u00fcber deine italienischen Sprachkenntnisse f\u00fcr die Arbeit, die Arbeitssuche oder f\u00fcrs Studium? Die Scuola Romit bereitet dich auf diese Zertifikatspr\u00fcfungen vor, sodass du das auf dich zutreffende Leistungsniveau erreichst! Die Vorbereitungskurse finden innerhalb von Gruppenklassen oder in Einzelstunden statt. Unsere LehrerInnen haben Erfahrung in der Administration sowie der Korrektur dieser Pr\u00fcfungen.<\/p>\n<ul>\n<li>Kurse aller Niveaustufen nach dem Gemeinsamen europ\u00e4ische Referenzrahmen f\u00fcr Sprachen (GeR)<\/li>\n<li>M\u00f6glichkeit, mit einem ma\u00dfgeschneiderten Lernprogramm die eigene Niveaustufe zu erh\u00f6hen, je nach Situation und Bedarf<\/li>\n<\/ul>\n<p>Weitere Informationen gibt es auf der Seite <a href=\"\/de\/vorbereitungskurs-cils-plida-celi\/\">Vorbereitungskurs auf die Pr\u00fcfungen Cils, Plida und Celi<\/a><\/p>\n<\/div>\n<div style=\"width: 27%; float: left; padding-left: 5px; border-left: 1px solid #CCCCCC; text-align: center; margin-left: 5px;\">\n<h3 style=\"text-align: center;\">Preise<\/h3>\n<p style=\"text-align: center;\">1 Stunde: 35 \u20ac<br \/>\n10 Stunden: 300 \u20ac<\/p>\n<\/div>\n<\/div><\/div><\/div><div class=\"fusion-panel panel-default panel-5af7b59499b8ae81a fusion-toggle-no-divider fusion-toggle-boxed-mode\"><div class=\"panel-heading\"><h4 class=\"panel-title toggle\" id=\"toggle_5af7b59499b8ae81a\"><a aria-expanded=\"false\" aria-controls=\"5af7b59499b8ae81a\" role=\"button\" data-toggle=\"collapse\" data-target=\"#5af7b59499b8ae81a\" href=\"#5af7b59499b8ae81a\"><span class=\"fusion-toggle-icon-wrapper\" aria-hidden=\"true\"><i class=\"fa-fusion-box active-icon awb-icon-minus\" aria-hidden=\"true\"><\/i><i class=\"fa-fusion-box inactive-icon awb-icon-plus\" aria-hidden=\"true\"><\/i><\/span><span class=\"fusion-toggle-heading\">Sprachkurs Italienische Kunstgeschichte<\/span><\/a><\/h4><\/div><div id=\"5af7b59499b8ae81a\" class=\"panel-collapse collapse \" aria-labelledby=\"toggle_5af7b59499b8ae81a\"><div class=\"panel-body toggle-content fusion-clearfix\">\n<div style=\"width: 70%; float: left;\">\n<p>Rom ist die<strong> Ewige Stadt<\/strong>: ihre k\u00fcnstlerischen und architektonischen Wunder haben sich im Laufe der Jahrhunderte \u00fcberlagert und bilden zusammen einen einzigartigen Rahmen, ein wahrliches Museum unter freiem Himmel. Wenn du die k\u00fcnstlerische Vielfalt Roms entdecken m\u00f6chtest und dir ihrer Bedeutung und ihren Werts vollends bewusst werden willst, bietet dir die Scuola Romit ihren Kunstgeschichtskurs in italienischer Sprache an. Hier wird auch \u00fcber die <strong>Gegenden und Monumente<\/strong> Roms gesprochen, die den meisten Fremdenf\u00fchrern entgehen. Nach unserem Kunstkurs wirst du die f\u00fcr verschiedene historische Epochen typischen <strong>k\u00fcnstlerischen Ausdrucksformen<\/strong> erkennen und selbst viele <strong>Anekdoten und Geschichten<\/strong> aus der gro\u00dfen Vergangenheit der Hauptstadt weitererz\u00e4hlen k\u00f6nnen!<\/p>\n<ul>\n<li>Dauer: zwei Wochen<\/li>\n<li>Kurse: Montag bis Freitag<\/li>\n<li>Stundenplan: 13:00 &#8211; 14:00<\/li>\n<li>Stadtf\u00fchrungen am sp\u00e4ten Nachmittag oder am Samstag<\/li>\n<\/ul>\n<p>Weitere Informationen gibt es auf der Seite <a href=\"\/de\/italienische-kunstgeschichte\/\">Sprachkurs italienische Kunstgeschichte<\/a><\/p>\n<\/div>\n<div style=\"width: 27%; float: left; padding-left: 5px; border-left: 1px solid #CCCCCC; text-align: center; margin-left: 5px;\">\n<h3 style=\"text-align: center;\">Preise<\/h3>\n<p style=\"text-align: center;\">1 Woche: 100 \u20ac<br \/>\n2 Wochen: 180 \u20ac<\/p>\n<\/div>\n<\/div><\/div><\/div><\/div><\/div><div class=\"fusion-clearfix\"><\/div><\/div><\/div><\/div><\/div><\/p>\n","protected":false},"excerpt":{"rendered":"","protected":false},"author":1,"featured_media":0,"parent":0,"menu_order":0,"comment_status":"closed","ping_status":"closed","template":"","meta":{"footnotes":""},"class_list":["post-974","page","type-page","status-publish","hentry"],"yoast_head":"<!-- This site is optimized with the Yoast SEO plugin v26.5 - https:\/\/yoast.com\/wordpress\/plugins\/seo\/ -->\n<title>Italienischkurse in Rom - Scuola Romit<\/title>\n<meta name=\"robots\" content=\"index, follow, max-snippet:-1, max-image-preview:large, max-video-preview:-1\" \/>\n<link rel=\"canonical\" href=\"https:\/\/scuolaromit.com\/de\/italienischkurs-in-rom\/\" \/>\n<meta property=\"og:locale\" content=\"de_DE\" \/>\n<meta property=\"og:type\" content=\"article\" \/>\n<meta property=\"og:title\" content=\"Italienischkurse in Rom - Scuola Romit\" \/>\n<meta property=\"og:url\" content=\"https:\/\/scuolaromit.com\/de\/italienischkurs-in-rom\/\" \/>\n<meta property=\"og:site_name\" content=\"Scuola Romit\" \/>\n<meta property=\"article:publisher\" content=\"https:\/\/www.facebook.com\/ScuolaRomit\" \/>\n<meta property=\"article:modified_time\" content=\"2026-03-20T07:52:05+00:00\" \/>\n<meta name=\"twitter:card\" content=\"summary_large_image\" \/>\n<meta name=\"twitter:label1\" content=\"Gesch\u00e4tzte Lesezeit\" \/>\n\t<meta name=\"twitter:data1\" content=\"11\u00a0Minuten\" \/>\n<script type=\"application\/ld+json\" class=\"yoast-schema-graph\">{\"@context\":\"https:\/\/schema.org\",\"@graph\":[{\"@type\":\"WebPage\",\"@id\":\"https:\/\/scuolaromit.com\/de\/italienischkurs-in-rom\/\",\"url\":\"https:\/\/scuolaromit.com\/de\/italienischkurs-in-rom\/\",\"name\":\"Italienischkurse in Rom - Scuola Romit\",\"isPartOf\":{\"@id\":\"https:\/\/scuolaromit.com\/fr\/#website\"},\"datePublished\":\"2020-07-05T07:45:08+00:00\",\"dateModified\":\"2026-03-20T07:52:05+00:00\",\"breadcrumb\":{\"@id\":\"https:\/\/scuolaromit.com\/de\/italienischkurs-in-rom\/#breadcrumb\"},\"inLanguage\":\"de\",\"potentialAction\":[{\"@type\":\"ReadAction\",\"target\":[\"https:\/\/scuolaromit.com\/de\/italienischkurs-in-rom\/\"]}]},{\"@type\":\"BreadcrumbList\",\"@id\":\"https:\/\/scuolaromit.com\/de\/italienischkurs-in-rom\/#breadcrumb\",\"itemListElement\":[{\"@type\":\"ListItem\",\"position\":1,\"name\":\"Accueil\",\"item\":\"https:\/\/scuolaromit.com\/de\/\"},{\"@type\":\"ListItem\",\"position\":2,\"name\":\"Italienischkurse\"}]},{\"@type\":\"WebSite\",\"@id\":\"https:\/\/scuolaromit.com\/fr\/#website\",\"url\":\"https:\/\/scuolaromit.com\/fr\/\",\"name\":\"Scuola Romit\",\"description\":\"La scuola per imparare l&#039;italiano vivendolo\",\"publisher\":{\"@id\":\"https:\/\/scuolaromit.com\/fr\/#organization\"},\"potentialAction\":[{\"@type\":\"SearchAction\",\"target\":{\"@type\":\"EntryPoint\",\"urlTemplate\":\"https:\/\/scuolaromit.com\/fr\/?s={search_term_string}\"},\"query-input\":{\"@type\":\"PropertyValueSpecification\",\"valueRequired\":true,\"valueName\":\"search_term_string\"}}],\"inLanguage\":\"de\"},{\"@type\":\"Organization\",\"@id\":\"https:\/\/scuolaromit.com\/fr\/#organization\",\"name\":\"Scuola Romit\",\"url\":\"https:\/\/scuolaromit.com\/fr\/\",\"logo\":{\"@type\":\"ImageObject\",\"inLanguage\":\"de\",\"@id\":\"https:\/\/scuolaromit.com\/fr\/#\/schema\/logo\/image\/\",\"url\":\"https:\/\/scuolaromit.com\/wp-content\/uploads\/2020\/07\/logo-1.jpg\",\"contentUrl\":\"https:\/\/scuolaromit.com\/wp-content\/uploads\/2020\/07\/logo-1.jpg\",\"width\":452,\"height\":152,\"caption\":\"Scuola Romit\"},\"image\":{\"@id\":\"https:\/\/scuolaromit.com\/fr\/#\/schema\/logo\/image\/\"},\"sameAs\":[\"https:\/\/www.facebook.com\/ScuolaRomit\",\"https:\/\/www.instagram.com\/scuolaromit\/\"]}]}<\/script>\n<!-- \/ Yoast SEO plugin. -->","yoast_head_json":{"title":"Italienischkurse in Rom - Scuola Romit","robots":{"index":"index","follow":"follow","max-snippet":"max-snippet:-1","max-image-preview":"max-image-preview:large","max-video-preview":"max-video-preview:-1"},"canonical":"https:\/\/scuolaromit.com\/de\/italienischkurs-in-rom\/","og_locale":"de_DE","og_type":"article","og_title":"Italienischkurse in Rom - Scuola Romit","og_url":"https:\/\/scuolaromit.com\/de\/italienischkurs-in-rom\/","og_site_name":"Scuola Romit","article_publisher":"https:\/\/www.facebook.com\/ScuolaRomit","article_modified_time":"2026-03-20T07:52:05+00:00","twitter_card":"summary_large_image","twitter_misc":{"Gesch\u00e4tzte Lesezeit":"11\u00a0Minuten"},"schema":{"@context":"https:\/\/schema.org","@graph":[{"@type":"WebPage","@id":"https:\/\/scuolaromit.com\/de\/italienischkurs-in-rom\/","url":"https:\/\/scuolaromit.com\/de\/italienischkurs-in-rom\/","name":"Italienischkurse in Rom - Scuola Romit","isPartOf":{"@id":"https:\/\/scuolaromit.com\/fr\/#website"},"datePublished":"2020-07-05T07:45:08+00:00","dateModified":"2026-03-20T07:52:05+00:00","breadcrumb":{"@id":"https:\/\/scuolaromit.com\/de\/italienischkurs-in-rom\/#breadcrumb"},"inLanguage":"de","potentialAction":[{"@type":"ReadAction","target":["https:\/\/scuolaromit.com\/de\/italienischkurs-in-rom\/"]}]},{"@type":"BreadcrumbList","@id":"https:\/\/scuolaromit.com\/de\/italienischkurs-in-rom\/#breadcrumb","itemListElement":[{"@type":"ListItem","position":1,"name":"Accueil","item":"https:\/\/scuolaromit.com\/de\/"},{"@type":"ListItem","position":2,"name":"Italienischkurse"}]},{"@type":"WebSite","@id":"https:\/\/scuolaromit.com\/fr\/#website","url":"https:\/\/scuolaromit.com\/fr\/","name":"Scuola Romit","description":"La scuola per imparare l&#039;italiano vivendolo","publisher":{"@id":"https:\/\/scuolaromit.com\/fr\/#organization"},"potentialAction":[{"@type":"SearchAction","target":{"@type":"EntryPoint","urlTemplate":"https:\/\/scuolaromit.com\/fr\/?s={search_term_string}"},"query-input":{"@type":"PropertyValueSpecification","valueRequired":true,"valueName":"search_term_string"}}],"inLanguage":"de"},{"@type":"Organization","@id":"https:\/\/scuolaromit.com\/fr\/#organization","name":"Scuola Romit","url":"https:\/\/scuolaromit.com\/fr\/","logo":{"@type":"ImageObject","inLanguage":"de","@id":"https:\/\/scuolaromit.com\/fr\/#\/schema\/logo\/image\/","url":"https:\/\/scuolaromit.com\/wp-content\/uploads\/2020\/07\/logo-1.jpg","contentUrl":"https:\/\/scuolaromit.com\/wp-content\/uploads\/2020\/07\/logo-1.jpg","width":452,"height":152,"caption":"Scuola Romit"},"image":{"@id":"https:\/\/scuolaromit.com\/fr\/#\/schema\/logo\/image\/"},"sameAs":["https:\/\/www.facebook.com\/ScuolaRomit","https:\/\/www.instagram.com\/scuolaromit\/"]}]}},"_links":{"self":[{"href":"https:\/\/scuolaromit.com\/de\/wp-json\/wp\/v2\/pages\/974","targetHints":{"allow":["GET"]}}],"collection":[{"href":"https:\/\/scuolaromit.com\/de\/wp-json\/wp\/v2\/pages"}],"about":[{"href":"https:\/\/scuolaromit.com\/de\/wp-json\/wp\/v2\/types\/page"}],"author":[{"embeddable":true,"href":"https:\/\/scuolaromit.com\/de\/wp-json\/wp\/v2\/users\/1"}],"replies":[{"embeddable":true,"href":"https:\/\/scuolaromit.com\/de\/wp-json\/wp\/v2\/comments?post=974"}],"version-history":[{"count":32,"href":"https:\/\/scuolaromit.com\/de\/wp-json\/wp\/v2\/pages\/974\/revisions"}],"predecessor-version":[{"id":5480,"href":"https:\/\/scuolaromit.com\/de\/wp-json\/wp\/v2\/pages\/974\/revisions\/5480"}],"wp:attachment":[{"href":"https:\/\/scuolaromit.com\/de\/wp-json\/wp\/v2\/media?parent=974"}],"curies":[{"name":"wp","href":"https:\/\/api.w.org\/{rel}","templated":true}]}}