{"id":1015,"date":"2020-07-07T15:44:31","date_gmt":"2020-07-07T13:44:31","guid":{"rendered":"http:\/\/test2020.scuolaromit.com\/lezioni-individuali\/"},"modified":"2023-01-16T15:18:41","modified_gmt":"2023-01-16T14:18:41","slug":"italienisch-privatunterricht-rom","status":"publish","type":"page","link":"https:\/\/scuolaromit.com\/de\/italienisch-privatunterricht-rom\/","title":{"rendered":"Privatstunden Italienisch"},"content":{"rendered":"<p><div class=\"fusion-fullwidth fullwidth-box fusion-builder-row-1 nonhundred-percent-fullwidth non-hundred-percent-height-scrolling\" style=\"--awb-border-radius-top-left:0px;--awb-border-radius-top-right:0px;--awb-border-radius-bottom-right:0px;--awb-border-radius-bottom-left:0px;--awb-padding-right:10%;--awb-padding-left:10%;--awb-margin-top:50px;--awb-margin-bottom:50px;--awb-flex-wrap:wrap;\" ><div class=\"fusion-builder-row fusion-row\"><div class=\"fusion-layout-column fusion_builder_column fusion-builder-column-0 fusion_builder_column_1_1 1_1 fusion-one-full fusion-column-first fusion-column-last\" style=\"--awb-bg-size:cover;\"><div class=\"fusion-column-wrapper fusion-column-has-shadow fusion-flex-column-wrapper-legacy\"><div class=\"fusion-text fusion-text-1\"><h1 class=\"LC20lb DKV0Md\">Italienisch Privatunterricht in Rom<\/h1>\n<p>Ein <strong>auf den Studenten zugeschnittenes Programm<\/strong>, das an vereinbarten Tagen und zu vereinbarten Zeiten \u2013 in der Regel am Nachmittag und im Schulgeb\u00e4ude \u2013 stattfindet. Der Unterricht ist auf die individuellen Bed\u00fcrfnisse des Sch\u00fclers\/ der Sch\u00fclerin zugeschnitten.<\/p>\n<p>Durch den Einsatz verschiedenster Lehrmaterialien und Methoden bringt die Lehrkraft aktiv das <strong>Erlernen der Sprache auf allen Ebenen<\/strong> voran und kann je nach Bedarf auch speziell auf die einzelnen Kompetenzbereiche Sprechen und Verstehen, die Grammatikkenntnisse, Leseverstehen und Schreiben eingehen.<\/p>\n<p>Privatsch\u00fclerInnen k\u00f6nnen gern an allen <strong>von der Schule organisierten Aktivit\u00e4ten<\/strong> teilnehmen, um mit den anderen Sch\u00fclerInnen in Kontakt zu treten. Es ist auch m\u00f6glich, Kurse f\u00fcr kleine Gruppen von zwei oder drei untereinander bekannten Personen zu organisieren, die die gleichen Bed\u00fcrfnisse und etwa den gleichen Kenntnisstand der Sprache haben.<\/p>\n<h3 class=\"fusion-responsive-typography-calculated\" data-fontsize=\"22\" data-lineheight=\"28.6px\">Preise<\/h3>\n<p>1 Stunde: 35 \u20ac<br \/>\n10 Stunden: 330 \u20ac<\/p>\n<\/div><div class=\"fusion-clearfix\"><\/div><\/div><\/div><\/div><\/div><div class=\"fusion-fullwidth fullwidth-box fusion-builder-row-2 nonhundred-percent-fullwidth non-hundred-percent-height-scrolling\" style=\"--awb-border-radius-top-left:0px;--awb-border-radius-top-right:0px;--awb-border-radius-bottom-right:0px;--awb-border-radius-bottom-left:0px;--awb-padding-right:20%;--awb-padding-left:20%;--awb-margin-bottom:80px;--awb-flex-wrap:wrap;\" ><div class=\"fusion-builder-row fusion-row\"><div class=\"fusion-layout-column fusion_builder_column fusion-builder-column-1 fusion_builder_column_1_1 1_1 fusion-one-full fusion-column-first fusion-column-last\" style=\"--awb-bg-size:cover;\"><div class=\"fusion-column-wrapper fusion-column-has-shadow fusion-flex-column-wrapper-legacy\"><div class=\"fusion-aligncenter\"><a class=\"fusion-button button-flat fusion-button-default-size button-default fusion-button-default button-1 fusion-button-default-span fusion-button-default-type\" target=\"_self\" href=\"https:\/\/scuolaromit.com\/de\/anmeldung\/\"><span class=\"fusion-button-text awb-button__text awb-button__text--default\">Anmeldung<\/span><\/a><\/div><div class=\"fusion-clearfix\"><\/div><\/div><\/div><\/div><\/div><\/p>\n","protected":false},"excerpt":{"rendered":"","protected":false},"author":1,"featured_media":0,"parent":0,"menu_order":0,"comment_status":"closed","ping_status":"closed","template":"","meta":{"footnotes":""},"class_list":["post-1015","page","type-page","status-publish","hentry"],"yoast_head":"<!-- This site is optimized with the Yoast SEO plugin v26.5 - https:\/\/yoast.com\/wordpress\/plugins\/seo\/ -->\n<title>Italienisch Privatunterricht in Rom - Scuola Romit<\/title>\n<meta name=\"robots\" content=\"index, follow, max-snippet:-1, max-image-preview:large, max-video-preview:-1\" \/>\n<link rel=\"canonical\" href=\"https:\/\/scuolaromit.com\/lezioni-individuali\/\" \/>\n<meta property=\"og:locale\" content=\"de_DE\" \/>\n<meta property=\"og:type\" content=\"article\" \/>\n<meta property=\"og:title\" content=\"Italienisch Privatunterricht in Rom - Scuola Romit\" \/>\n<meta property=\"og:url\" content=\"https:\/\/scuolaromit.com\/lezioni-individuali\/\" \/>\n<meta property=\"og:site_name\" content=\"Scuola Romit\" \/>\n<meta property=\"article:publisher\" content=\"https:\/\/www.facebook.com\/ScuolaRomit\" \/>\n<meta property=\"article:modified_time\" content=\"2023-01-16T14:18:41+00:00\" \/>\n<meta name=\"twitter:card\" content=\"summary_large_image\" \/>\n<meta name=\"twitter:label1\" content=\"Gesch\u00e4tzte Lesezeit\" \/>\n\t<meta name=\"twitter:data1\" content=\"5\u00a0Minuten\" \/>\n<script type=\"application\/ld+json\" class=\"yoast-schema-graph\">{\"@context\":\"https:\/\/schema.org\",\"@graph\":[{\"@type\":\"WebPage\",\"@id\":\"https:\/\/scuolaromit.com\/lezioni-individuali\/\",\"url\":\"https:\/\/scuolaromit.com\/lezioni-individuali\/\",\"name\":\"Italienisch Privatunterricht in Rom - Scuola Romit\",\"isPartOf\":{\"@id\":\"https:\/\/scuolaromit.com\/fr\/#website\"},\"datePublished\":\"2020-07-07T13:44:31+00:00\",\"dateModified\":\"2023-01-16T14:18:41+00:00\",\"breadcrumb\":{\"@id\":\"https:\/\/scuolaromit.com\/lezioni-individuali\/#breadcrumb\"},\"inLanguage\":\"de\",\"potentialAction\":[{\"@type\":\"ReadAction\",\"target\":[\"https:\/\/scuolaromit.com\/lezioni-individuali\/\"]}]},{\"@type\":\"BreadcrumbList\",\"@id\":\"https:\/\/scuolaromit.com\/lezioni-individuali\/#breadcrumb\",\"itemListElement\":[{\"@type\":\"ListItem\",\"position\":1,\"name\":\"Accueil\",\"item\":\"https:\/\/scuolaromit.com\/de\/\"},{\"@type\":\"ListItem\",\"position\":2,\"name\":\"Privatstunden Italienisch\"}]},{\"@type\":\"WebSite\",\"@id\":\"https:\/\/scuolaromit.com\/fr\/#website\",\"url\":\"https:\/\/scuolaromit.com\/fr\/\",\"name\":\"Scuola Romit\",\"description\":\"La scuola per imparare l&#039;italiano vivendolo\",\"publisher\":{\"@id\":\"https:\/\/scuolaromit.com\/fr\/#organization\"},\"potentialAction\":[{\"@type\":\"SearchAction\",\"target\":{\"@type\":\"EntryPoint\",\"urlTemplate\":\"https:\/\/scuolaromit.com\/fr\/?s={search_term_string}\"},\"query-input\":{\"@type\":\"PropertyValueSpecification\",\"valueRequired\":true,\"valueName\":\"search_term_string\"}}],\"inLanguage\":\"de\"},{\"@type\":\"Organization\",\"@id\":\"https:\/\/scuolaromit.com\/fr\/#organization\",\"name\":\"Scuola Romit\",\"url\":\"https:\/\/scuolaromit.com\/fr\/\",\"logo\":{\"@type\":\"ImageObject\",\"inLanguage\":\"de\",\"@id\":\"https:\/\/scuolaromit.com\/fr\/#\/schema\/logo\/image\/\",\"url\":\"https:\/\/scuolaromit.com\/wp-content\/uploads\/2020\/07\/logo-1.jpg\",\"contentUrl\":\"https:\/\/scuolaromit.com\/wp-content\/uploads\/2020\/07\/logo-1.jpg\",\"width\":452,\"height\":152,\"caption\":\"Scuola Romit\"},\"image\":{\"@id\":\"https:\/\/scuolaromit.com\/fr\/#\/schema\/logo\/image\/\"},\"sameAs\":[\"https:\/\/www.facebook.com\/ScuolaRomit\",\"https:\/\/www.instagram.com\/scuolaromit\/\"]}]}<\/script>\n<!-- \/ Yoast SEO plugin. -->","yoast_head_json":{"title":"Italienisch Privatunterricht in Rom - Scuola Romit","robots":{"index":"index","follow":"follow","max-snippet":"max-snippet:-1","max-image-preview":"max-image-preview:large","max-video-preview":"max-video-preview:-1"},"canonical":"https:\/\/scuolaromit.com\/lezioni-individuali\/","og_locale":"de_DE","og_type":"article","og_title":"Italienisch Privatunterricht in Rom - Scuola Romit","og_url":"https:\/\/scuolaromit.com\/lezioni-individuali\/","og_site_name":"Scuola Romit","article_publisher":"https:\/\/www.facebook.com\/ScuolaRomit","article_modified_time":"2023-01-16T14:18:41+00:00","twitter_card":"summary_large_image","twitter_misc":{"Gesch\u00e4tzte Lesezeit":"5\u00a0Minuten"},"schema":{"@context":"https:\/\/schema.org","@graph":[{"@type":"WebPage","@id":"https:\/\/scuolaromit.com\/lezioni-individuali\/","url":"https:\/\/scuolaromit.com\/lezioni-individuali\/","name":"Italienisch Privatunterricht in Rom - Scuola Romit","isPartOf":{"@id":"https:\/\/scuolaromit.com\/fr\/#website"},"datePublished":"2020-07-07T13:44:31+00:00","dateModified":"2023-01-16T14:18:41+00:00","breadcrumb":{"@id":"https:\/\/scuolaromit.com\/lezioni-individuali\/#breadcrumb"},"inLanguage":"de","potentialAction":[{"@type":"ReadAction","target":["https:\/\/scuolaromit.com\/lezioni-individuali\/"]}]},{"@type":"BreadcrumbList","@id":"https:\/\/scuolaromit.com\/lezioni-individuali\/#breadcrumb","itemListElement":[{"@type":"ListItem","position":1,"name":"Accueil","item":"https:\/\/scuolaromit.com\/de\/"},{"@type":"ListItem","position":2,"name":"Privatstunden Italienisch"}]},{"@type":"WebSite","@id":"https:\/\/scuolaromit.com\/fr\/#website","url":"https:\/\/scuolaromit.com\/fr\/","name":"Scuola Romit","description":"La scuola per imparare l&#039;italiano vivendolo","publisher":{"@id":"https:\/\/scuolaromit.com\/fr\/#organization"},"potentialAction":[{"@type":"SearchAction","target":{"@type":"EntryPoint","urlTemplate":"https:\/\/scuolaromit.com\/fr\/?s={search_term_string}"},"query-input":{"@type":"PropertyValueSpecification","valueRequired":true,"valueName":"search_term_string"}}],"inLanguage":"de"},{"@type":"Organization","@id":"https:\/\/scuolaromit.com\/fr\/#organization","name":"Scuola Romit","url":"https:\/\/scuolaromit.com\/fr\/","logo":{"@type":"ImageObject","inLanguage":"de","@id":"https:\/\/scuolaromit.com\/fr\/#\/schema\/logo\/image\/","url":"https:\/\/scuolaromit.com\/wp-content\/uploads\/2020\/07\/logo-1.jpg","contentUrl":"https:\/\/scuolaromit.com\/wp-content\/uploads\/2020\/07\/logo-1.jpg","width":452,"height":152,"caption":"Scuola Romit"},"image":{"@id":"https:\/\/scuolaromit.com\/fr\/#\/schema\/logo\/image\/"},"sameAs":["https:\/\/www.facebook.com\/ScuolaRomit","https:\/\/www.instagram.com\/scuolaromit\/"]}]}},"_links":{"self":[{"href":"https:\/\/scuolaromit.com\/de\/wp-json\/wp\/v2\/pages\/1015","targetHints":{"allow":["GET"]}}],"collection":[{"href":"https:\/\/scuolaromit.com\/de\/wp-json\/wp\/v2\/pages"}],"about":[{"href":"https:\/\/scuolaromit.com\/de\/wp-json\/wp\/v2\/types\/page"}],"author":[{"embeddable":true,"href":"https:\/\/scuolaromit.com\/de\/wp-json\/wp\/v2\/users\/1"}],"replies":[{"embeddable":true,"href":"https:\/\/scuolaromit.com\/de\/wp-json\/wp\/v2\/comments?post=1015"}],"version-history":[{"count":9,"href":"https:\/\/scuolaromit.com\/de\/wp-json\/wp\/v2\/pages\/1015\/revisions"}],"predecessor-version":[{"id":4720,"href":"https:\/\/scuolaromit.com\/de\/wp-json\/wp\/v2\/pages\/1015\/revisions\/4720"}],"wp:attachment":[{"href":"https:\/\/scuolaromit.com\/de\/wp-json\/wp\/v2\/media?parent=1015"}],"curies":[{"name":"wp","href":"https:\/\/api.w.org\/{rel}","templated":true}]}}